{"id":3836,"date":"2024-08-06T00:44:48","date_gmt":"2024-08-05T21:44:48","guid":{"rendered":"https:\/\/zinetgold.com\/071-karat-pirlanta-iki-renkli-bileklik\/"},"modified":"2024-09-06T13:20:11","modified_gmt":"2024-09-06T10:20:11","slug":"071-karat-pirlanta-iki-renkli-bileklik","status":"publish","type":"product","link":"https:\/\/zinetgold.com\/tr\/071-karat-pirlanta-iki-renkli-bileklik\/","title":{"rendered":"0,71 Karat P\u0131rlanta \u0130ki Renkli Bileklik"},"content":{"rendered":"<div class=\"markdown markdown-main-panel\" dir=\"ltr\">\n<p data-sourcepos=\"3:1-3:337\">  Bu \u015f\u0131k bileklik, \u00e7arp\u0131c\u0131 iki tonlu bir kaplamaya sahip klasik bir denizci halkas\u0131 14 ayar alt\u0131n zincir tasar\u0131m\u0131na sahiptir.<br \/>\nAlt\u0131n ve g\u00fcm\u00fc\u015f tonlar\u0131n\u0131n kombinasyonu modern ve \u00e7ok y\u00f6nl\u00fc bir g\u00f6r\u00fcn\u00fcm yarat\u0131r.<br \/>\nSa\u011flam yap\u0131s\u0131 dayan\u0131kl\u0131l\u0131k sa\u011flarken, cilal\u0131 y\u00fczeyi \u015f\u0131k bir dokunu\u015f katar.<br \/>\nHem g\u00fcndelik hem de resmi durumlar i\u00e7in m\u00fckemmeldir.   <\/p>\n<\/div>\n","protected":false},"excerpt":{"rendered":"<p><strong>SKU-BBL00003970<\/strong><strong>.71 Karat<\/strong> P\u0131rlanta Zincir Bileklik <strong>14 ayar Beyaz Alt\u0131n<\/strong><strong>,<\/strong> <strong> <\/strong><strong> 4.89 gram<\/strong> a\u011f\u0131rl\u0131\u011f\u0131nda y\u00fcksek kalite do\u011fal p\u0131rlanta<\/p>\n<p>&nbsp;<\/p>\n","protected":false},"featured_media":3421,"comment_status":"open","ping_status":"closed","template":"","meta":{"_kad_blocks_custom_css":"","_kad_blocks_head_custom_js":"","_kad_blocks_body_custom_js":"","_kad_blocks_footer_custom_js":"","_kadence_starter_templates_imported_post":false,"_kad_post_transparent":"","_kad_post_title":"","_kad_post_layout":"","_kad_post_sidebar_id":"","_kad_post_content_style":"","_kad_post_vertical_padding":"","_kad_post_feature":"","_kad_post_feature_position":"","_kad_post_header":false,"_kad_post_footer":false,"_kad_post_classname":""},"product_brand":[],"product_cat":[56],"product_tag":[],"class_list":{"0":"post-3836","1":"product","2":"type-product","3":"status-publish","4":"has-post-thumbnail","6":"product_cat-zincir-bilezikler","8":"first","9":"instock","10":"sale","11":"shipping-taxable","12":"purchasable","13":"product-type-simple","14":"entry","15":"content-bg","16":"loop-entry"},"taxonomy_info":{"product_cat":[{"value":56,"label":"Zincir Bilezikler"}]},"featured_image_src_large":["https:\/\/zinetgold.com\/wp-content\/uploads\/2024\/08\/BBL0000397-14K-BD-0.71-F-G-SI-31-4.89-gr.-4433-1024x1024.webp",1024,1024,true],"author_info":[],"comment_info":0,"_links":{"self":[{"href":"https:\/\/zinetgold.com\/tr\/wp-json\/wp\/v2\/product\/3836","targetHints":{"allow":["GET"]}}],"collection":[{"href":"https:\/\/zinetgold.com\/tr\/wp-json\/wp\/v2\/product"}],"about":[{"href":"https:\/\/zinetgold.com\/tr\/wp-json\/wp\/v2\/types\/product"}],"replies":[{"embeddable":true,"href":"https:\/\/zinetgold.com\/tr\/wp-json\/wp\/v2\/comments?post=3836"}],"wp:featuredmedia":[{"embeddable":true,"href":"https:\/\/zinetgold.com\/tr\/wp-json\/wp\/v2\/media\/3421"}],"wp:attachment":[{"href":"https:\/\/zinetgold.com\/tr\/wp-json\/wp\/v2\/media?parent=3836"}],"wp:term":[{"taxonomy":"product_brand","embeddable":true,"href":"https:\/\/zinetgold.com\/tr\/wp-json\/wp\/v2\/product_brand?post=3836"},{"taxonomy":"product_cat","embeddable":true,"href":"https:\/\/zinetgold.com\/tr\/wp-json\/wp\/v2\/product_cat?post=3836"},{"taxonomy":"product_tag","embeddable":true,"href":"https:\/\/zinetgold.com\/tr\/wp-json\/wp\/v2\/product_tag?post=3836"}],"curies":[{"name":"wp","href":"https:\/\/api.w.org\/{rel}","templated":true}]}}