{"id":3837,"date":"2024-08-06T00:40:42","date_gmt":"2024-08-05T21:40:42","guid":{"rendered":"https:\/\/zinetgold.com\/404-karat-pirlanta-kume-bileklik\/"},"modified":"2024-09-06T13:20:13","modified_gmt":"2024-09-06T10:20:13","slug":"404-karat-pirlanta-kume-bileklik","status":"publish","type":"product","link":"https:\/\/zinetgold.com\/tr\/404-karat-pirlanta-kume-bileklik\/","title":{"rendered":"4,04 Karat P\u0131rlanta K\u00fcme Bileklik"},"content":{"rendered":"<div class=\"markdown markdown-main-panel\" dir=\"ltr\">\n<p data-sourcepos=\"3:1-3:315\">Bu \u00e7arp\u0131c\u0131 14 ayar beyaz alt\u0131n bileklik, her biri birden fazla \u0131\u015f\u0131lt\u0131l\u0131 p\u0131rlanta ile s\u00fcslenmi\u015f bir dizi oval \u015fekilli k\u00fcmeye sahiptir.<br \/>\nUzun tasar\u0131m\u0131 sofistike ve zarif bir g\u00f6r\u00fcn\u00fcm yaratarak her t\u00fcrl\u00fc k\u0131yafeti y\u00fcceltmek i\u00e7in m\u00fckemmeldir.<br \/>\nDetaylara titizlikle \u00f6zen g\u00f6sterilerek haz\u0131rlanan bilezik, l\u00fcks ve zarafeti yans\u0131t\u0131yor.  <\/p>\n<\/div>\n","protected":false},"excerpt":{"rendered":"<p><strong>SKU-BBL00003964<\/strong><strong>.04 Karat<\/strong> P\u0131rlanta Zincir Bileklik <strong>14 ayar Beyaz Alt\u0131n<\/strong><strong>,<\/strong> <strong> <\/strong><strong> 19,46 gram<\/strong> a\u011f\u0131rl\u0131\u011f\u0131nda y\u00fcksek kalite do\u011fal p\u0131rlanta<\/p>\n<p>&nbsp;<\/p>\n","protected":false},"featured_media":3420,"comment_status":"open","ping_status":"closed","template":"","meta":{"_kad_blocks_custom_css":"","_kad_blocks_head_custom_js":"","_kad_blocks_body_custom_js":"","_kad_blocks_footer_custom_js":"","_kadence_starter_templates_imported_post":false,"_kad_post_transparent":"","_kad_post_title":"","_kad_post_layout":"","_kad_post_sidebar_id":"","_kad_post_content_style":"","_kad_post_vertical_padding":"","_kad_post_feature":"","_kad_post_feature_position":"","_kad_post_header":false,"_kad_post_footer":false,"_kad_post_classname":""},"product_brand":[],"product_cat":[56],"product_tag":[],"class_list":{"0":"post-3837","1":"product","2":"type-product","3":"status-publish","4":"has-post-thumbnail","6":"product_cat-zincir-bilezikler","8":"first","9":"instock","10":"sale","11":"shipping-taxable","12":"purchasable","13":"product-type-simple","14":"entry","15":"content-bg","16":"loop-entry"},"taxonomy_info":{"product_cat":[{"value":56,"label":"Zincir Bilezikler"}]},"featured_image_src_large":["https:\/\/zinetgold.com\/wp-content\/uploads\/2024\/08\/BBL0000396-14K-BD-1.64-F-G-SI-64-D-4.04-F-G-SI-496-19.46-gr.-24233-1024x1024.webp",1024,1024,true],"author_info":[],"comment_info":0,"_links":{"self":[{"href":"https:\/\/zinetgold.com\/tr\/wp-json\/wp\/v2\/product\/3837","targetHints":{"allow":["GET"]}}],"collection":[{"href":"https:\/\/zinetgold.com\/tr\/wp-json\/wp\/v2\/product"}],"about":[{"href":"https:\/\/zinetgold.com\/tr\/wp-json\/wp\/v2\/types\/product"}],"replies":[{"embeddable":true,"href":"https:\/\/zinetgold.com\/tr\/wp-json\/wp\/v2\/comments?post=3837"}],"wp:featuredmedia":[{"embeddable":true,"href":"https:\/\/zinetgold.com\/tr\/wp-json\/wp\/v2\/media\/3420"}],"wp:attachment":[{"href":"https:\/\/zinetgold.com\/tr\/wp-json\/wp\/v2\/media?parent=3837"}],"wp:term":[{"taxonomy":"product_brand","embeddable":true,"href":"https:\/\/zinetgold.com\/tr\/wp-json\/wp\/v2\/product_brand?post=3837"},{"taxonomy":"product_cat","embeddable":true,"href":"https:\/\/zinetgold.com\/tr\/wp-json\/wp\/v2\/product_cat?post=3837"},{"taxonomy":"product_tag","embeddable":true,"href":"https:\/\/zinetgold.com\/tr\/wp-json\/wp\/v2\/product_tag?post=3837"}],"curies":[{"name":"wp","href":"https:\/\/api.w.org\/{rel}","templated":true}]}}