{"id":3838,"date":"2024-08-05T18:46:31","date_gmt":"2024-08-05T15:46:31","guid":{"rendered":"https:\/\/zinetgold.com\/045-karat-pirlanta-yildiz-patlamasi-bileklik\/"},"modified":"2024-09-06T13:20:13","modified_gmt":"2024-09-06T10:20:13","slug":"045-karat-pirlanta-yildiz-patlamasi-bileklik","status":"publish","type":"product","link":"https:\/\/zinetgold.com\/tr\/045-karat-pirlanta-yildiz-patlamasi-bileklik\/","title":{"rendered":"0,45 Karat P\u0131rlanta Y\u0131ld\u0131z Patlamas\u0131 Bileklik"},"content":{"rendered":"<div class=\"markdown markdown-main-panel\" dir=\"ltr\">\n<p data-sourcepos=\"3:1-3:84\">Bu zarif bileklik, y\u0131ld\u0131z patlamas\u0131 \u015feklindeki \u0131\u015f\u0131lt\u0131l\u0131 vurgulara sahip narin bir 14 ayar alt\u0131n zincire sahiptir.<br \/>\nAlt\u0131n ve g\u00f6z kama\u015ft\u0131r\u0131c\u0131 p\u0131rlantalar\u0131n etkile\u015fimi b\u00fcy\u00fcleyici bir g\u00f6rsel etki yarat\u0131r.<br \/>\nBilezik, l\u00fcks ve rahat bir kullan\u0131m sa\u011flamak i\u00e7in detaylara titizlikle \u00f6zen g\u00f6sterilerek \u00fcretilmi\u015ftir.<br \/>\nHer k\u0131yafete ihti\u015faml\u0131 bir dokunu\u015f katmak i\u00e7in m\u00fckemmeldir.   <\/p>\n<\/div>\n<p>&nbsp;<\/p>\n","protected":false},"excerpt":{"rendered":"<p><strong>SKU-BBL00003600<\/strong><strong>.45 Karat<\/strong> P\u0131rlanta Zincir Bileklik <strong>14 ayar Beyaz Alt\u0131n<\/strong><strong>,<\/strong> <strong> <\/strong><strong> 7.27 gram<\/strong> a\u011f\u0131rl\u0131\u011f\u0131nda y\u00fcksek kalite do\u011fal p\u0131rlanta<\/p>\n<p>&nbsp;<\/p>\n","protected":false},"featured_media":3415,"comment_status":"open","ping_status":"closed","template":"","meta":{"_kad_blocks_custom_css":"","_kad_blocks_head_custom_js":"","_kad_blocks_body_custom_js":"","_kad_blocks_footer_custom_js":"","_kadence_starter_templates_imported_post":false,"_kad_post_transparent":"","_kad_post_title":"","_kad_post_layout":"","_kad_post_sidebar_id":"","_kad_post_content_style":"","_kad_post_vertical_padding":"","_kad_post_feature":"","_kad_post_feature_position":"","_kad_post_header":false,"_kad_post_footer":false,"_kad_post_classname":""},"product_brand":[],"product_cat":[56],"product_tag":[],"class_list":{"0":"post-3838","1":"product","2":"type-product","3":"status-publish","4":"has-post-thumbnail","6":"product_cat-zincir-bilezikler","8":"first","9":"instock","10":"sale","11":"shipping-taxable","12":"purchasable","13":"product-type-simple","14":"entry","15":"content-bg","16":"loop-entry"},"taxonomy_info":{"product_cat":[{"value":56,"label":"Zincir Bilezikler"}]},"featured_image_src_large":["https:\/\/zinetgold.com\/wp-content\/uploads\/2024\/08\/BBL0000360-14K-BD-0.14-F-G-SI-9-D-0.45-F-G-SI-139-7.27-gr.-4774-1024x1024.webp",1024,1024,true],"author_info":[],"comment_info":0,"_links":{"self":[{"href":"https:\/\/zinetgold.com\/tr\/wp-json\/wp\/v2\/product\/3838","targetHints":{"allow":["GET"]}}],"collection":[{"href":"https:\/\/zinetgold.com\/tr\/wp-json\/wp\/v2\/product"}],"about":[{"href":"https:\/\/zinetgold.com\/tr\/wp-json\/wp\/v2\/types\/product"}],"replies":[{"embeddable":true,"href":"https:\/\/zinetgold.com\/tr\/wp-json\/wp\/v2\/comments?post=3838"}],"wp:featuredmedia":[{"embeddable":true,"href":"https:\/\/zinetgold.com\/tr\/wp-json\/wp\/v2\/media\/3415"}],"wp:attachment":[{"href":"https:\/\/zinetgold.com\/tr\/wp-json\/wp\/v2\/media?parent=3838"}],"wp:term":[{"taxonomy":"product_brand","embeddable":true,"href":"https:\/\/zinetgold.com\/tr\/wp-json\/wp\/v2\/product_brand?post=3838"},{"taxonomy":"product_cat","embeddable":true,"href":"https:\/\/zinetgold.com\/tr\/wp-json\/wp\/v2\/product_cat?post=3838"},{"taxonomy":"product_tag","embeddable":true,"href":"https:\/\/zinetgold.com\/tr\/wp-json\/wp\/v2\/product_tag?post=3838"}],"curies":[{"name":"wp","href":"https:\/\/api.w.org\/{rel}","templated":true}]}}