{"id":3839,"date":"2024-08-06T00:34:20","date_gmt":"2024-08-05T21:34:20","guid":{"rendered":"https:\/\/zinetgold.com\/302-karat-pirlanta-sonsuzluk-bilezigi\/"},"modified":"2024-09-06T13:20:14","modified_gmt":"2024-09-06T10:20:14","slug":"302-karat-pirlanta-sonsuzluk-bilezigi","status":"publish","type":"product","link":"https:\/\/zinetgold.com\/tr\/302-karat-pirlanta-sonsuzluk-bilezigi\/","title":{"rendered":"3,02 Karat P\u0131rlanta Sonsuzluk Bilezi\u011fi"},"content":{"rendered":"<div class=\"markdown markdown-main-panel\" dir=\"ltr\">\n<p data-sourcepos=\"3:1-3:328\">Bu zamans\u0131z par\u00e7a, sonsuz a\u015fk\u0131 ve ba\u011fl\u0131l\u0131\u011f\u0131 simgeleyen narin bir bant i\u00e7ine yerle\u015ftirilmi\u015f kesintisiz bir s\u0131ra p\u0131rlantaya sahiptir.<br \/>\nBilezi\u011fin klasik tasar\u0131m\u0131 ve l\u00fcks \u00e7ekicili\u011fi onu her durum i\u00e7in m\u00fckemmel bir se\u00e7im haline getirir.<br \/>\nDetaylara g\u00f6sterilen titizlikle haz\u0131rlanan bu bilezik, zarafet ve sofistike bir g\u00f6r\u00fcn\u00fcm sergiler.  <\/p>\n<\/div>\n<p>&nbsp;<\/p>\n","protected":false},"excerpt":{"rendered":"<p><strong>SKU-BBL00003953<\/strong><strong>.02 Karat<\/strong> P\u0131rlanta Zincir Bileklik <strong>14 ayar Beyaz Alt\u0131n<\/strong><strong>,<\/strong> <strong> <\/strong><strong> 21.89 gram<\/strong> a\u011f\u0131rl\u0131\u011f\u0131nda y\u00fcksek kalite do\u011fal p\u0131rlanta<\/p>\n","protected":false},"featured_media":3419,"comment_status":"open","ping_status":"closed","template":"","meta":{"_kad_blocks_custom_css":"","_kad_blocks_head_custom_js":"","_kad_blocks_body_custom_js":"","_kad_blocks_footer_custom_js":"","_kadence_starter_templates_imported_post":false,"_kad_post_transparent":"","_kad_post_title":"","_kad_post_layout":"","_kad_post_sidebar_id":"","_kad_post_content_style":"","_kad_post_vertical_padding":"","_kad_post_feature":"","_kad_post_feature_position":"","_kad_post_header":false,"_kad_post_footer":false,"_kad_post_classname":""},"product_brand":[],"product_cat":[56],"product_tag":[],"class_list":{"0":"post-3839","1":"product","2":"type-product","3":"status-publish","4":"has-post-thumbnail","6":"product_cat-zincir-bilezikler","8":"first","9":"instock","10":"sale","11":"shipping-taxable","12":"purchasable","13":"product-type-simple","14":"entry","15":"content-bg","16":"loop-entry"},"taxonomy_info":{"product_cat":[{"value":56,"label":"Zincir Bilezikler"}]},"featured_image_src_large":["https:\/\/zinetgold.com\/wp-content\/uploads\/2024\/08\/BBL0000395-14K-BD-2.13-F-G-SI-78-D-3.02-F-G-SI-706-21.89-gr.-23815-1024x1024.webp",1024,1024,true],"author_info":[],"comment_info":0,"_links":{"self":[{"href":"https:\/\/zinetgold.com\/tr\/wp-json\/wp\/v2\/product\/3839","targetHints":{"allow":["GET"]}}],"collection":[{"href":"https:\/\/zinetgold.com\/tr\/wp-json\/wp\/v2\/product"}],"about":[{"href":"https:\/\/zinetgold.com\/tr\/wp-json\/wp\/v2\/types\/product"}],"replies":[{"embeddable":true,"href":"https:\/\/zinetgold.com\/tr\/wp-json\/wp\/v2\/comments?post=3839"}],"wp:featuredmedia":[{"embeddable":true,"href":"https:\/\/zinetgold.com\/tr\/wp-json\/wp\/v2\/media\/3419"}],"wp:attachment":[{"href":"https:\/\/zinetgold.com\/tr\/wp-json\/wp\/v2\/media?parent=3839"}],"wp:term":[{"taxonomy":"product_brand","embeddable":true,"href":"https:\/\/zinetgold.com\/tr\/wp-json\/wp\/v2\/product_brand?post=3839"},{"taxonomy":"product_cat","embeddable":true,"href":"https:\/\/zinetgold.com\/tr\/wp-json\/wp\/v2\/product_cat?post=3839"},{"taxonomy":"product_tag","embeddable":true,"href":"https:\/\/zinetgold.com\/tr\/wp-json\/wp\/v2\/product_tag?post=3839"}],"curies":[{"name":"wp","href":"https:\/\/api.w.org\/{rel}","templated":true}]}}