{"id":3840,"date":"2024-08-05T18:38:51","date_gmt":"2024-08-05T15:38:51","guid":{"rendered":"https:\/\/zinetgold.com\/016-karat-pirlanta-oval-link-bileklik\/"},"modified":"2024-09-06T13:20:14","modified_gmt":"2024-09-06T10:20:14","slug":"016-karat-pirlanta-oval-link-bileklik","status":"publish","type":"product","link":"https:\/\/zinetgold.com\/tr\/016-karat-pirlanta-oval-link-bileklik\/","title":{"rendered":"0,16 Karat P\u0131rlanta Oval Link Bileklik"},"content":{"rendered":"<div class=\"markdown markdown-main-panel\" dir=\"ltr\">\n<p data-sourcepos=\"3:1-3:58\">Bu zarif 14 ayar beyaz alt\u0131n bileklik, hem alt\u0131n hem de p\u0131rlanta ile i\u015flenmi\u015f birbirine kenetlenen oval ba\u011flant\u0131lardan olu\u015fan \u00e7arp\u0131c\u0131 bir tasar\u0131ma sahiptir.<br \/>\nBa\u011flant\u0131lardan birini s\u00fcsleyen \u0131\u015f\u0131lt\u0131l\u0131 bir elmas vurgu, par\u00e7aya l\u00fcks ve sofistike bir dokunu\u015f kat\u0131yor.<br \/>\nDoku ve renklerin etkile\u015fimi g\u00f6rsel olarak \u00e7ekici ve modern bir g\u00f6r\u00fcn\u00fcm yarat\u0131r.<br \/>\nHer t\u00fcrl\u00fc k\u0131yafeti g\u00fczelle\u015ftirmek i\u00e7in m\u00fckemmel olan bu bileklik, rafine stilin bir kan\u0131t\u0131d\u0131r.   <\/p>\n<\/div>\n<p>&nbsp;<\/p>\n","protected":false},"excerpt":{"rendered":"<p><strong>SKU-BBL00003590<\/strong><strong>.16 Karat<\/strong> P\u0131rlanta Zincir Bileklik <strong>14 ayar Beyaz Alt\u0131n<\/strong>, <strong> <\/strong><strong> 3,42 gram<\/strong> a\u011f\u0131rl\u0131\u011f\u0131nda y\u00fcksek kalite do\u011fal p\u0131rlanta<\/p>\n<p>&nbsp;<\/p>\n","protected":false},"featured_media":3414,"comment_status":"open","ping_status":"closed","template":"","meta":{"_kad_blocks_custom_css":"","_kad_blocks_head_custom_js":"","_kad_blocks_body_custom_js":"","_kad_blocks_footer_custom_js":"","_kadence_starter_templates_imported_post":false,"_kad_post_transparent":"","_kad_post_title":"","_kad_post_layout":"","_kad_post_sidebar_id":"","_kad_post_content_style":"","_kad_post_vertical_padding":"","_kad_post_feature":"","_kad_post_feature_position":"","_kad_post_header":false,"_kad_post_footer":false,"_kad_post_classname":""},"product_brand":[],"product_cat":[56],"product_tag":[],"class_list":{"0":"post-3840","1":"product","2":"type-product","3":"status-publish","4":"has-post-thumbnail","6":"product_cat-zincir-bilezikler","8":"first","9":"instock","10":"sale","11":"shipping-taxable","12":"purchasable","13":"product-type-simple","14":"entry","15":"content-bg","16":"loop-entry"},"taxonomy_info":{"product_cat":[{"value":56,"label":"Zincir Bilezikler"}]},"featured_image_src_large":["https:\/\/zinetgold.com\/wp-content\/uploads\/2024\/08\/BBL0000359-14K-BD-0.06-F-G-SI-3-D-0.16-F-G-SI-28-3.42-gr.-2134-1024x1024.webp",1024,1024,true],"author_info":[],"comment_info":0,"_links":{"self":[{"href":"https:\/\/zinetgold.com\/tr\/wp-json\/wp\/v2\/product\/3840","targetHints":{"allow":["GET"]}}],"collection":[{"href":"https:\/\/zinetgold.com\/tr\/wp-json\/wp\/v2\/product"}],"about":[{"href":"https:\/\/zinetgold.com\/tr\/wp-json\/wp\/v2\/types\/product"}],"replies":[{"embeddable":true,"href":"https:\/\/zinetgold.com\/tr\/wp-json\/wp\/v2\/comments?post=3840"}],"wp:featuredmedia":[{"embeddable":true,"href":"https:\/\/zinetgold.com\/tr\/wp-json\/wp\/v2\/media\/3414"}],"wp:attachment":[{"href":"https:\/\/zinetgold.com\/tr\/wp-json\/wp\/v2\/media?parent=3840"}],"wp:term":[{"taxonomy":"product_brand","embeddable":true,"href":"https:\/\/zinetgold.com\/tr\/wp-json\/wp\/v2\/product_brand?post=3840"},{"taxonomy":"product_cat","embeddable":true,"href":"https:\/\/zinetgold.com\/tr\/wp-json\/wp\/v2\/product_cat?post=3840"},{"taxonomy":"product_tag","embeddable":true,"href":"https:\/\/zinetgold.com\/tr\/wp-json\/wp\/v2\/product_tag?post=3840"}],"curies":[{"name":"wp","href":"https:\/\/api.w.org\/{rel}","templated":true}]}}