{"id":3841,"date":"2024-08-05T18:31:51","date_gmt":"2024-08-05T15:31:51","guid":{"rendered":"https:\/\/zinetgold.com\/088-karat-pirlanta-lineer-bileklik\/"},"modified":"2024-09-06T13:20:15","modified_gmt":"2024-09-06T10:20:15","slug":"088-karat-pirlanta-lineer-bileklik","status":"publish","type":"product","link":"https:\/\/zinetgold.com\/tr\/088-karat-pirlanta-lineer-bileklik\/","title":{"rendered":"0,88 Karat P\u0131rlanta Lineer Bileklik"},"content":{"rendered":"<div class=\"markdown markdown-main-panel\" dir=\"ltr\">\n<p data-sourcepos=\"3:1-3:280\">Bu zarif 14 ayar beyaz alt\u0131n bileklik, alternatif p\u0131rlanta i\u015flemeli istasyonlara sahip minimalist do\u011frusal bir tasar\u0131ma sahiptir.<br \/>\nSade \u00e7izgiler ve narin \u0131\u015f\u0131lt\u0131 sofistike ve modern bir g\u00f6r\u00fcn\u00fcm yarat\u0131r.<br \/>\nBilezik, l\u00fcks ve rahat bir kullan\u0131m sa\u011flamak i\u00e7in detaylara titizlikle \u00f6zen g\u00f6sterilerek haz\u0131rlanm\u0131\u015ft\u0131r.<br \/>\nG\u00fcnl\u00fck kullan\u0131m veya \u00f6zel g\u00fcnler i\u00e7in m\u00fckemmel olan bu par\u00e7a, her k\u0131yafete abart\u0131s\u0131z bir \u015f\u0131kl\u0131k katar.   <\/p>\n<\/div>\n<p>&nbsp;<\/p>\n","protected":false},"excerpt":{"rendered":"<p><strong>SKU-BBL00003480<\/strong><strong>.88 Karat<\/strong> P\u0131rlanta Zincir Bileklik <strong>14 ayar Beyaz Alt\u0131n<\/strong><strong>,<\/strong> <strong> <\/strong><strong> 6.48 gram<\/strong> a\u011f\u0131rl\u0131\u011f\u0131nda y\u00fcksek kalite do\u011fal p\u0131rlanta<\/p>\n<p>&nbsp;<\/p>\n<p>&nbsp;<\/p>\n","protected":false},"featured_media":3413,"comment_status":"open","ping_status":"closed","template":"","meta":{"_kad_blocks_custom_css":"","_kad_blocks_head_custom_js":"","_kad_blocks_body_custom_js":"","_kad_blocks_footer_custom_js":"","_kadence_starter_templates_imported_post":false,"_kad_post_transparent":"","_kad_post_title":"","_kad_post_layout":"","_kad_post_sidebar_id":"","_kad_post_content_style":"","_kad_post_vertical_padding":"","_kad_post_feature":"","_kad_post_feature_position":"","_kad_post_header":false,"_kad_post_footer":false,"_kad_post_classname":""},"product_brand":[],"product_cat":[56],"product_tag":[],"class_list":{"0":"post-3841","1":"product","2":"type-product","3":"status-publish","4":"has-post-thumbnail","6":"product_cat-zincir-bilezikler","8":"first","9":"instock","10":"sale","11":"shipping-taxable","12":"purchasable","13":"product-type-simple","14":"entry","15":"content-bg","16":"loop-entry"},"taxonomy_info":{"product_cat":[{"value":56,"label":"Zincir Bilezikler"}]},"featured_image_src_large":["https:\/\/zinetgold.com\/wp-content\/uploads\/2024\/08\/BBL0000348-14K-BD-0.62-F-G-SI-33-D-0.88-F-G-SI-99-6.48-gr.-7062-1024x1024.webp",1024,1024,true],"author_info":[],"comment_info":0,"_links":{"self":[{"href":"https:\/\/zinetgold.com\/tr\/wp-json\/wp\/v2\/product\/3841","targetHints":{"allow":["GET"]}}],"collection":[{"href":"https:\/\/zinetgold.com\/tr\/wp-json\/wp\/v2\/product"}],"about":[{"href":"https:\/\/zinetgold.com\/tr\/wp-json\/wp\/v2\/types\/product"}],"replies":[{"embeddable":true,"href":"https:\/\/zinetgold.com\/tr\/wp-json\/wp\/v2\/comments?post=3841"}],"wp:featuredmedia":[{"embeddable":true,"href":"https:\/\/zinetgold.com\/tr\/wp-json\/wp\/v2\/media\/3413"}],"wp:attachment":[{"href":"https:\/\/zinetgold.com\/tr\/wp-json\/wp\/v2\/media?parent=3841"}],"wp:term":[{"taxonomy":"product_brand","embeddable":true,"href":"https:\/\/zinetgold.com\/tr\/wp-json\/wp\/v2\/product_brand?post=3841"},{"taxonomy":"product_cat","embeddable":true,"href":"https:\/\/zinetgold.com\/tr\/wp-json\/wp\/v2\/product_cat?post=3841"},{"taxonomy":"product_tag","embeddable":true,"href":"https:\/\/zinetgold.com\/tr\/wp-json\/wp\/v2\/product_tag?post=3841"}],"curies":[{"name":"wp","href":"https:\/\/api.w.org\/{rel}","templated":true}]}}