{"id":3846,"date":"2024-08-05T16:38:22","date_gmt":"2024-08-05T13:38:22","guid":{"rendered":"https:\/\/zinetgold.com\/062-zumrut-kesim-pirlanta-link-bileklik\/"},"modified":"2024-09-06T13:20:23","modified_gmt":"2024-09-06T10:20:23","slug":"062-zumrut-kesim-pirlanta-link-bileklik","status":"publish","type":"product","link":"https:\/\/zinetgold.com\/tr\/062-zumrut-kesim-pirlanta-link-bileklik\/","title":{"rendered":"0,62 Z\u00fcmr\u00fct Kesim P\u0131rlanta Link Bileklik"},"content":{"rendered":"<div class=\"markdown markdown-main-panel\" dir=\"ltr\">\n<p data-sourcepos=\"3:1-3:63\">Bu zarif bileklik, \u0131\u015f\u0131lt\u0131l\u0131 z\u00fcmr\u00fct kesim p\u0131rlantalarla s\u00fcslenmi\u015f alternatif ba\u011flant\u0131lara sahip modern ve zarif bir tasar\u0131ma sahiptir.<br \/>\nBu bileklik \u00e7ok say\u0131da p\u0131rlanta kapl\u0131 halkaya sahiptir ve l\u00fcks bir g\u00f6r\u00fcn\u00fcm sunar.<br \/>\nDetaylara titizlikle dikkat edilerek 14 ayar beyaz alt\u0131n kullan\u0131larak \u00fcretilmi\u015ftir.  <\/p>\n<\/div>\n<p>&nbsp;<\/p>\n","protected":false},"excerpt":{"rendered":"<p><strong>SKU-BBL00003140<\/strong><strong>.62 Karat<\/strong> P\u0131rlanta Zincir Bileklik <strong>14 Ayar Beyaz Alt\u0131n<\/strong> <strong> <\/strong><strong>13.60 gram<\/strong> a\u011f\u0131rl\u0131\u011f\u0131nda y\u00fcksek kalite do\u011fal p\u0131rlanta<\/p>\n<p>&nbsp;<\/p>\n","protected":false},"featured_media":3411,"comment_status":"open","ping_status":"closed","template":"","meta":{"_kad_blocks_custom_css":"","_kad_blocks_head_custom_js":"","_kad_blocks_body_custom_js":"","_kad_blocks_footer_custom_js":"","_kadence_starter_templates_imported_post":false,"_kad_post_transparent":"","_kad_post_title":"","_kad_post_layout":"","_kad_post_sidebar_id":"","_kad_post_content_style":"","_kad_post_vertical_padding":"","_kad_post_feature":"","_kad_post_feature_position":"","_kad_post_header":false,"_kad_post_footer":false,"_kad_post_classname":""},"product_brand":[],"product_cat":[56],"product_tag":[],"class_list":{"0":"post-3846","1":"product","2":"type-product","3":"status-publish","4":"has-post-thumbnail","6":"product_cat-zincir-bilezikler","8":"first","9":"instock","10":"sale","11":"shipping-taxable","12":"purchasable","13":"product-type-simple","14":"entry","15":"content-bg","16":"loop-entry"},"taxonomy_info":{"product_cat":[{"value":56,"label":"Zincir Bilezikler"}]},"featured_image_src_large":["https:\/\/zinetgold.com\/wp-content\/uploads\/2024\/08\/BBL0000314-14K-BD-0.28-F-G-SI-9-D-0.62-F-G-SI-84-13.60-gr.-7293-1024x1024.webp",1024,1024,true],"author_info":[],"comment_info":0,"_links":{"self":[{"href":"https:\/\/zinetgold.com\/tr\/wp-json\/wp\/v2\/product\/3846","targetHints":{"allow":["GET"]}}],"collection":[{"href":"https:\/\/zinetgold.com\/tr\/wp-json\/wp\/v2\/product"}],"about":[{"href":"https:\/\/zinetgold.com\/tr\/wp-json\/wp\/v2\/types\/product"}],"replies":[{"embeddable":true,"href":"https:\/\/zinetgold.com\/tr\/wp-json\/wp\/v2\/comments?post=3846"}],"wp:featuredmedia":[{"embeddable":true,"href":"https:\/\/zinetgold.com\/tr\/wp-json\/wp\/v2\/media\/3411"}],"wp:attachment":[{"href":"https:\/\/zinetgold.com\/tr\/wp-json\/wp\/v2\/media?parent=3846"}],"wp:term":[{"taxonomy":"product_brand","embeddable":true,"href":"https:\/\/zinetgold.com\/tr\/wp-json\/wp\/v2\/product_brand?post=3846"},{"taxonomy":"product_cat","embeddable":true,"href":"https:\/\/zinetgold.com\/tr\/wp-json\/wp\/v2\/product_cat?post=3846"},{"taxonomy":"product_tag","embeddable":true,"href":"https:\/\/zinetgold.com\/tr\/wp-json\/wp\/v2\/product_tag?post=3846"}],"curies":[{"name":"wp","href":"https:\/\/api.w.org\/{rel}","templated":true}]}}