{"id":3847,"date":"2024-08-05T16:32:21","date_gmt":"2024-08-05T13:32:21","guid":{"rendered":"https:\/\/zinetgold.com\/138-karat-pirlanta-link-bileklik\/"},"modified":"2024-09-06T13:20:24","modified_gmt":"2024-09-06T10:20:24","slug":"138-karat-pirlanta-link-bileklik","status":"publish","type":"product","link":"https:\/\/zinetgold.com\/tr\/138-karat-pirlanta-link-bileklik\/","title":{"rendered":"1,38 Karat P\u0131rlanta Link Bileklik"},"content":{"rendered":"<p data-sourcepos=\"3:1-3:100\">Bu \u00e7arp\u0131c\u0131 bileklik, her biri \u0131\u015f\u0131lt\u0131l\u0131 elmaslarla s\u00fcslenmi\u015f, birbirine ba\u011fl\u0131 kare \u015fekilli ba\u011flant\u0131lara sahip \u00e7a\u011fda\u015f bir geometrik tasar\u0131ma sahiptir.<br \/>\nUzun siluet ve karma\u015f\u0131k detaylar l\u00fcks ve modern bir estetik yarat\u0131r.<br \/>\n14 ayar beyaz alt\u0131n bileklik, rahat ve g\u00fcvenli bir uyum sa\u011flamak i\u00e7in detaylara titizlikle \u00f6zen g\u00f6sterilerek \u00fcretilmi\u015ftir.<br \/>\nHer k\u0131yafeti tamamlamak i\u00e7in m\u00fckemmel olan bu par\u00e7a, rafine zarafetin bir kan\u0131t\u0131d\u0131r.   <\/p>\n","protected":false},"excerpt":{"rendered":"<p><strong>SKU-BBL00003041<\/strong><strong>.38 Karat<\/strong> P\u0131rlanta Zincir Bileklik <strong>14 Ayar Beyaz Alt\u0131n<\/strong> <strong> <\/strong><strong>10.95 gram<\/strong> a\u011f\u0131rl\u0131\u011f\u0131nda y\u00fcksek kalite do\u011fal p\u0131rlanta<\/p>\n<p>&nbsp;<\/p>\n","protected":false},"featured_media":3410,"comment_status":"open","ping_status":"closed","template":"","meta":{"_kad_blocks_custom_css":"","_kad_blocks_head_custom_js":"","_kad_blocks_body_custom_js":"","_kad_blocks_footer_custom_js":"","_kadence_starter_templates_imported_post":false,"_kad_post_transparent":"","_kad_post_title":"","_kad_post_layout":"","_kad_post_sidebar_id":"","_kad_post_content_style":"","_kad_post_vertical_padding":"","_kad_post_feature":"","_kad_post_feature_position":"","_kad_post_header":false,"_kad_post_footer":false,"_kad_post_classname":""},"product_brand":[],"product_cat":[56],"product_tag":[],"class_list":{"0":"post-3847","1":"product","2":"type-product","3":"status-publish","4":"has-post-thumbnail","6":"product_cat-zincir-bilezikler","8":"first","9":"instock","10":"sale","11":"shipping-taxable","12":"purchasable","13":"product-type-simple","14":"entry","15":"content-bg","16":"loop-entry"},"taxonomy_info":{"product_cat":[{"value":56,"label":"Zincir Bilezikler"}]},"featured_image_src_large":["https:\/\/zinetgold.com\/wp-content\/uploads\/2024\/08\/BBL0000304-14K-BD-0.33-F-G-SI-32-D-1.38-F-G-SI-250-10.95-gr.-9207-1024x1024.webp",1024,1024,true],"author_info":[],"comment_info":0,"_links":{"self":[{"href":"https:\/\/zinetgold.com\/tr\/wp-json\/wp\/v2\/product\/3847","targetHints":{"allow":["GET"]}}],"collection":[{"href":"https:\/\/zinetgold.com\/tr\/wp-json\/wp\/v2\/product"}],"about":[{"href":"https:\/\/zinetgold.com\/tr\/wp-json\/wp\/v2\/types\/product"}],"replies":[{"embeddable":true,"href":"https:\/\/zinetgold.com\/tr\/wp-json\/wp\/v2\/comments?post=3847"}],"wp:featuredmedia":[{"embeddable":true,"href":"https:\/\/zinetgold.com\/tr\/wp-json\/wp\/v2\/media\/3410"}],"wp:attachment":[{"href":"https:\/\/zinetgold.com\/tr\/wp-json\/wp\/v2\/media?parent=3847"}],"wp:term":[{"taxonomy":"product_brand","embeddable":true,"href":"https:\/\/zinetgold.com\/tr\/wp-json\/wp\/v2\/product_brand?post=3847"},{"taxonomy":"product_cat","embeddable":true,"href":"https:\/\/zinetgold.com\/tr\/wp-json\/wp\/v2\/product_cat?post=3847"},{"taxonomy":"product_tag","embeddable":true,"href":"https:\/\/zinetgold.com\/tr\/wp-json\/wp\/v2\/product_tag?post=3847"}],"curies":[{"name":"wp","href":"https:\/\/api.w.org\/{rel}","templated":true}]}}