{"id":3848,"date":"2024-08-05T14:45:57","date_gmt":"2024-08-05T11:45:57","guid":{"rendered":"https:\/\/zinetgold.com\/145-karat-zincir-bileklik\/"},"modified":"2024-09-06T13:20:24","modified_gmt":"2024-09-06T10:20:24","slug":"145-karat-zincir-bileklik","status":"publish","type":"product","link":"https:\/\/zinetgold.com\/tr\/145-karat-zincir-bileklik\/","title":{"rendered":"1,45 Karat Zincir Bileklik"},"content":{"rendered":"<div class=\"markdown markdown-main-panel\" dir=\"ltr\">\n<p class=\"first-token\" data-sourcepos=\"1:1-1:11\">Bu klasik 14 ayar beyaz alt\u0131n zincir bileklik, detaylara g\u00f6sterilen titizlikle haz\u0131rlanm\u0131\u015f olup \u015f\u0131k ve zarif bir par\u00e7a ortaya \u00e7\u0131karm\u0131\u015ft\u0131r.<br \/>\nBirbirine ba\u011fl\u0131 ba\u011flant\u0131lar, g\u00fcnl\u00fck kullan\u0131m veya \u00f6zel g\u00fcnler i\u00e7in m\u00fckemmel olan g\u00fc\u00e7l\u00fc ama zarif bir tasar\u0131m olu\u015fturur.<br \/>\n\u00c7ok y\u00f6nl\u00fcl\u00fc\u011f\u00fc sayesinde geni\u015f bir stil yelpazesini tamamlar.  <\/p>\n<\/div>\n<p>&nbsp;<\/p>\n","protected":false},"excerpt":{"rendered":"<p><strong>SKU-BBL00001401<\/strong><strong>.45 Karat<\/strong> P\u0131rlanta Zincir Bileklik <strong>14 Ayar Beyaz Alt\u0131n<\/strong><strong>,<\/strong> <strong> <\/strong><strong>12.49 gram<\/strong> a\u011f\u0131rl\u0131\u011f\u0131nda y\u00fcksek kalite do\u011fal p\u0131rlanta<\/p>\n<p>&nbsp;<\/p>\n","protected":false},"featured_media":3404,"comment_status":"open","ping_status":"closed","template":"","meta":{"_kad_blocks_custom_css":"","_kad_blocks_head_custom_js":"","_kad_blocks_body_custom_js":"","_kad_blocks_footer_custom_js":"","_kadence_starter_templates_imported_post":false,"_kad_post_transparent":"","_kad_post_title":"","_kad_post_layout":"","_kad_post_sidebar_id":"","_kad_post_content_style":"","_kad_post_vertical_padding":"","_kad_post_feature":"","_kad_post_feature_position":"","_kad_post_header":false,"_kad_post_footer":false,"_kad_post_classname":""},"product_brand":[],"product_cat":[56],"product_tag":[],"class_list":{"0":"post-3848","1":"product","2":"type-product","3":"status-publish","4":"has-post-thumbnail","6":"product_cat-zincir-bilezikler","8":"first","9":"instock","10":"sale","11":"shipping-taxable","12":"purchasable","13":"product-type-simple","14":"entry","15":"content-bg","16":"loop-entry"},"taxonomy_info":{"product_cat":[{"value":56,"label":"Zincir Bilezikler"}]},"featured_image_src_large":["https:\/\/zinetgold.com\/wp-content\/uploads\/2024\/08\/BBL0000140-14K-BD-3.00-F-G-SI-168-D-1.45-F-G-SI-253-12.49-gr.-20427-1024x1024.webp",1024,1024,true],"author_info":[],"comment_info":0,"_links":{"self":[{"href":"https:\/\/zinetgold.com\/tr\/wp-json\/wp\/v2\/product\/3848","targetHints":{"allow":["GET"]}}],"collection":[{"href":"https:\/\/zinetgold.com\/tr\/wp-json\/wp\/v2\/product"}],"about":[{"href":"https:\/\/zinetgold.com\/tr\/wp-json\/wp\/v2\/types\/product"}],"replies":[{"embeddable":true,"href":"https:\/\/zinetgold.com\/tr\/wp-json\/wp\/v2\/comments?post=3848"}],"wp:featuredmedia":[{"embeddable":true,"href":"https:\/\/zinetgold.com\/tr\/wp-json\/wp\/v2\/media\/3404"}],"wp:attachment":[{"href":"https:\/\/zinetgold.com\/tr\/wp-json\/wp\/v2\/media?parent=3848"}],"wp:term":[{"taxonomy":"product_brand","embeddable":true,"href":"https:\/\/zinetgold.com\/tr\/wp-json\/wp\/v2\/product_brand?post=3848"},{"taxonomy":"product_cat","embeddable":true,"href":"https:\/\/zinetgold.com\/tr\/wp-json\/wp\/v2\/product_cat?post=3848"},{"taxonomy":"product_tag","embeddable":true,"href":"https:\/\/zinetgold.com\/tr\/wp-json\/wp\/v2\/product_tag?post=3848"}],"curies":[{"name":"wp","href":"https:\/\/api.w.org\/{rel}","templated":true}]}}