{"id":3852,"date":"2024-08-05T14:25:31","date_gmt":"2024-08-05T11:25:31","guid":{"rendered":"https:\/\/zinetgold.com\/010-karat-pirlanta-link-bileklik\/"},"modified":"2024-09-06T13:20:28","modified_gmt":"2024-09-06T10:20:28","slug":"010-karat-pirlanta-link-bileklik","status":"publish","type":"product","link":"https:\/\/zinetgold.com\/tr\/010-karat-pirlanta-link-bileklik\/","title":{"rendered":"0,10 Karat P\u0131rlanta Link Bileklik"},"content":{"rendered":"<p data-sourcepos=\"3:1-3:88\">Bu zarif 14 ayar alt\u0131n bileklik, p\u0131rlanta i\u015flemeli ba\u011flant\u0131lar ve alt\u0131n ba\u011flant\u0131lardan olu\u015fan \u00e7arp\u0131c\u0131 bir tasar\u0131ma sahiptir.<br \/>\nI\u015f\u0131k ve g\u00f6lgenin kar\u015f\u0131l\u0131kl\u0131 etkile\u015fimi b\u00fcy\u00fcleyici bir g\u00f6rsel etki yarat\u0131r.<br \/>\nBilezik, l\u00fcks ve rahat bir kullan\u0131m sa\u011flamak i\u00e7in detaylara titizlikle \u00f6zen g\u00f6sterilerek haz\u0131rlanm\u0131\u015ft\u0131r.<br \/>\nG\u00fcvenli toka g\u00fcvenli bir oturu\u015fu garanti eder.   <\/p>\n<p data-sourcepos=\"5:1-5:85\">\n","protected":false},"excerpt":{"rendered":"<p><strong>SKU-BBL00001330<\/strong><strong>.10 Karat<\/strong> P\u0131rlanta Zincir Bileklik <strong>14 Ayar Beyaz Alt\u0131n<\/strong>, <strong> <\/strong><strong>5,37<\/strong> <strong> gram<\/strong> a\u011f\u0131rl\u0131\u011f\u0131nda y\u00fcksek kalite do\u011fal p\u0131rlanta<\/p>\n<p>&nbsp;<\/p>\n","protected":false},"featured_media":3402,"comment_status":"open","ping_status":"closed","template":"","meta":{"_kad_blocks_custom_css":"","_kad_blocks_head_custom_js":"","_kad_blocks_body_custom_js":"","_kad_blocks_footer_custom_js":"","_kadence_starter_templates_imported_post":false,"_kad_post_transparent":"","_kad_post_title":"","_kad_post_layout":"","_kad_post_sidebar_id":"","_kad_post_content_style":"","_kad_post_vertical_padding":"","_kad_post_feature":"","_kad_post_feature_position":"","_kad_post_header":false,"_kad_post_footer":false,"_kad_post_classname":""},"product_brand":[],"product_cat":[56],"product_tag":[],"class_list":{"0":"post-3852","1":"product","2":"type-product","3":"status-publish","4":"has-post-thumbnail","6":"product_cat-zincir-bilezikler","8":"first","9":"instock","10":"sale","11":"shipping-taxable","12":"purchasable","13":"product-type-simple","14":"entry","15":"content-bg","16":"loop-entry"},"taxonomy_info":{"product_cat":[{"value":56,"label":"Zincir Bilezikler"}]},"featured_image_src_large":["https:\/\/zinetgold.com\/wp-content\/uploads\/2024\/08\/BBL0000133-14K-D-0.15-F-G-SI-28-BD-0.10-F-G-SI-3-5.37-gr.-2684-1024x1024.webp",1024,1024,true],"author_info":[],"comment_info":0,"_links":{"self":[{"href":"https:\/\/zinetgold.com\/tr\/wp-json\/wp\/v2\/product\/3852","targetHints":{"allow":["GET"]}}],"collection":[{"href":"https:\/\/zinetgold.com\/tr\/wp-json\/wp\/v2\/product"}],"about":[{"href":"https:\/\/zinetgold.com\/tr\/wp-json\/wp\/v2\/types\/product"}],"replies":[{"embeddable":true,"href":"https:\/\/zinetgold.com\/tr\/wp-json\/wp\/v2\/comments?post=3852"}],"wp:featuredmedia":[{"embeddable":true,"href":"https:\/\/zinetgold.com\/tr\/wp-json\/wp\/v2\/media\/3402"}],"wp:attachment":[{"href":"https:\/\/zinetgold.com\/tr\/wp-json\/wp\/v2\/media?parent=3852"}],"wp:term":[{"taxonomy":"product_brand","embeddable":true,"href":"https:\/\/zinetgold.com\/tr\/wp-json\/wp\/v2\/product_brand?post=3852"},{"taxonomy":"product_cat","embeddable":true,"href":"https:\/\/zinetgold.com\/tr\/wp-json\/wp\/v2\/product_cat?post=3852"},{"taxonomy":"product_tag","embeddable":true,"href":"https:\/\/zinetgold.com\/tr\/wp-json\/wp\/v2\/product_tag?post=3852"}],"curies":[{"name":"wp","href":"https:\/\/api.w.org\/{rel}","templated":true}]}}