{"id":3853,"date":"2024-08-03T23:20:31","date_gmt":"2024-08-03T20:20:31","guid":{"rendered":"https:\/\/zinetgold.com\/1-01-pirlanta-yaprak-kupe\/"},"modified":"2024-09-06T13:20:32","modified_gmt":"2024-09-06T10:20:32","slug":"1-01-pirlanta-yaprak-kupe","status":"publish","type":"product","link":"https:\/\/zinetgold.com\/tr\/1-01-pirlanta-yaprak-kupe\/","title":{"rendered":"1.01 P\u0131rlanta Yaprak K\u00fcpe"},"content":{"rendered":"<p>Bu zarif 18 Ayar Alt\u0131n k\u00fcpeler, narin yapraklardan ilham alan ve \u0131\u015f\u0131lt\u0131l\u0131 elmaslarla s\u00fcslenmi\u015f basamakl\u0131 bir tasar\u0131ma sahiptir.<br \/>\nUzun siluet ve karma\u015f\u0131k detaylar do\u011fal ve zarif bir g\u00f6r\u00fcn\u00fcm yarat\u0131r.<br \/>\nHer k\u0131yafeti g\u00fczelle\u015ftirmek i\u00e7in m\u00fckemmel olan bu k\u00fcpeler, zamans\u0131z bir m\u00fccevher par\u00e7as\u0131d\u0131r.    &nbsp;<\/p>\n","protected":false},"excerpt":{"rendered":"<p><strong>SKU-KP00005751<\/strong><strong>.01 Karat<\/strong> <strong>P\u0131rlanta K<\/strong>\u00fcpe <strong>18 Ayar Beyaz Alt\u0131n<\/strong><strong>,<\/strong> <strong> <\/strong><strong>7.08 gram<\/strong> a\u011f\u0131rl\u0131\u011f\u0131nda y\u00fcksek kalite do\u011fal p\u0131rlanta<\/p>\n<p>&nbsp;<\/p>\n","protected":false},"featured_media":3387,"comment_status":"open","ping_status":"closed","template":"","meta":{"_kad_blocks_custom_css":"","_kad_blocks_head_custom_js":"","_kad_blocks_body_custom_js":"","_kad_blocks_footer_custom_js":"","_kadence_starter_templates_imported_post":false,"_kad_post_transparent":"","_kad_post_title":"","_kad_post_layout":"","_kad_post_sidebar_id":"","_kad_post_content_style":"","_kad_post_vertical_padding":"","_kad_post_feature":"","_kad_post_feature_position":"","_kad_post_header":false,"_kad_post_footer":false,"_kad_post_classname":""},"product_brand":[],"product_cat":[47],"product_tag":[],"class_list":{"0":"post-3853","1":"product","2":"type-product","3":"status-publish","4":"has-post-thumbnail","6":"product_cat-kupeler","8":"first","9":"instock","10":"sale","11":"shipping-taxable","12":"purchasable","13":"product-type-simple","14":"entry","15":"content-bg","16":"loop-entry"},"taxonomy_info":{"product_cat":[{"value":47,"label":"K\u00fcpeler"}]},"featured_image_src_large":["https:\/\/zinetgold.com\/wp-content\/uploads\/2024\/08\/KP0000575-18K-D-1.01-F-G-SI-122-7.08-gr.-6435-1024x1024.webp",1024,1024,true],"author_info":[],"comment_info":0,"_links":{"self":[{"href":"https:\/\/zinetgold.com\/tr\/wp-json\/wp\/v2\/product\/3853","targetHints":{"allow":["GET"]}}],"collection":[{"href":"https:\/\/zinetgold.com\/tr\/wp-json\/wp\/v2\/product"}],"about":[{"href":"https:\/\/zinetgold.com\/tr\/wp-json\/wp\/v2\/types\/product"}],"replies":[{"embeddable":true,"href":"https:\/\/zinetgold.com\/tr\/wp-json\/wp\/v2\/comments?post=3853"}],"wp:featuredmedia":[{"embeddable":true,"href":"https:\/\/zinetgold.com\/tr\/wp-json\/wp\/v2\/media\/3387"}],"wp:attachment":[{"href":"https:\/\/zinetgold.com\/tr\/wp-json\/wp\/v2\/media?parent=3853"}],"wp:term":[{"taxonomy":"product_brand","embeddable":true,"href":"https:\/\/zinetgold.com\/tr\/wp-json\/wp\/v2\/product_brand?post=3853"},{"taxonomy":"product_cat","embeddable":true,"href":"https:\/\/zinetgold.com\/tr\/wp-json\/wp\/v2\/product_cat?post=3853"},{"taxonomy":"product_tag","embeddable":true,"href":"https:\/\/zinetgold.com\/tr\/wp-json\/wp\/v2\/product_tag?post=3853"}],"curies":[{"name":"wp","href":"https:\/\/api.w.org\/{rel}","templated":true}]}}