{"id":3854,"date":"2024-08-05T14:15:10","date_gmt":"2024-08-05T11:15:10","guid":{"rendered":"https:\/\/zinetgold.com\/026-karat-pirlanta-zincir-bileklik\/"},"modified":"2024-09-06T13:20:32","modified_gmt":"2024-09-06T10:20:32","slug":"026-karat-pirlanta-zincir-bileklik","status":"publish","type":"product","link":"https:\/\/zinetgold.com\/tr\/026-karat-pirlanta-zincir-bileklik\/","title":{"rendered":"0,26 Karat P\u0131rlanta Zincir Bileklik"},"content":{"rendered":"<p>Bu \u00e7arp\u0131c\u0131 14 ayar alt\u0131n bileklik, alternatif elmas i\u015flemeli ba\u011flant\u0131lara sahip \u00e7a\u011fda\u015f bir geometrik tasar\u0131ma sahiptir.<br \/>\nI\u015f\u0131k ve g\u00f6lgenin etkile\u015fimi b\u00fcy\u00fcleyici bir g\u00f6rsel etki yarat\u0131r.<br \/>\nDetaylara titizlikle \u00f6zen g\u00f6sterilerek haz\u0131rlanan bu bileklik, modern stil ve zamans\u0131z zarafetin m\u00fckemmel bir kar\u0131\u015f\u0131m\u0131d\u0131r.<br \/>\nG\u00fcvenli toka rahat ve kendinden emin bir uyum sa\u011flar.     &nbsp;<\/p>\n","protected":false},"excerpt":{"rendered":"<p><strong>SKU-BBL00000890<\/strong><strong>.26 Karat<\/strong> P\u0131rlanta Zincir Bileklik <strong>14 Ayar Beyaz Alt\u0131n<\/strong>, <strong> <\/strong><strong>5.43 gram<\/strong> a\u011f\u0131rl\u0131\u011f\u0131nda y\u00fcksek kalite do\u011fal p\u0131rlanta<\/p>\n<p>&nbsp;<\/p>\n<p>&nbsp;<\/p>\n","protected":false},"featured_media":3401,"comment_status":"open","ping_status":"closed","template":"","meta":{"_kad_blocks_custom_css":"","_kad_blocks_head_custom_js":"","_kad_blocks_body_custom_js":"","_kad_blocks_footer_custom_js":"","_kadence_starter_templates_imported_post":false,"_kad_post_transparent":"","_kad_post_title":"","_kad_post_layout":"","_kad_post_sidebar_id":"","_kad_post_content_style":"","_kad_post_vertical_padding":"","_kad_post_feature":"","_kad_post_feature_position":"","_kad_post_header":false,"_kad_post_footer":false,"_kad_post_classname":""},"product_brand":[],"product_cat":[56],"product_tag":[],"class_list":{"0":"post-3854","1":"product","2":"type-product","3":"status-publish","4":"has-post-thumbnail","6":"product_cat-zincir-bilezikler","8":"first","9":"instock","10":"sale","11":"shipping-taxable","12":"purchasable","13":"product-type-simple","14":"entry","15":"content-bg","16":"loop-entry"},"taxonomy_info":{"product_cat":[{"value":56,"label":"Zincir Bilezikler"}]},"featured_image_src_large":["https:\/\/zinetgold.com\/wp-content\/uploads\/2024\/08\/BBL0000089-14K-BD-0.06-F-G-SI-3-D-0.26-F-G-SI-54-5.43-gr.-2860-1024x1024.webp",1024,1024,true],"author_info":[],"comment_info":0,"_links":{"self":[{"href":"https:\/\/zinetgold.com\/tr\/wp-json\/wp\/v2\/product\/3854","targetHints":{"allow":["GET"]}}],"collection":[{"href":"https:\/\/zinetgold.com\/tr\/wp-json\/wp\/v2\/product"}],"about":[{"href":"https:\/\/zinetgold.com\/tr\/wp-json\/wp\/v2\/types\/product"}],"replies":[{"embeddable":true,"href":"https:\/\/zinetgold.com\/tr\/wp-json\/wp\/v2\/comments?post=3854"}],"wp:featuredmedia":[{"embeddable":true,"href":"https:\/\/zinetgold.com\/tr\/wp-json\/wp\/v2\/media\/3401"}],"wp:attachment":[{"href":"https:\/\/zinetgold.com\/tr\/wp-json\/wp\/v2\/media?parent=3854"}],"wp:term":[{"taxonomy":"product_brand","embeddable":true,"href":"https:\/\/zinetgold.com\/tr\/wp-json\/wp\/v2\/product_brand?post=3854"},{"taxonomy":"product_cat","embeddable":true,"href":"https:\/\/zinetgold.com\/tr\/wp-json\/wp\/v2\/product_cat?post=3854"},{"taxonomy":"product_tag","embeddable":true,"href":"https:\/\/zinetgold.com\/tr\/wp-json\/wp\/v2\/product_tag?post=3854"}],"curies":[{"name":"wp","href":"https:\/\/api.w.org\/{rel}","templated":true}]}}