{"id":3856,"date":"2024-08-04T12:27:14","date_gmt":"2024-08-04T09:27:14","guid":{"rendered":"https:\/\/zinetgold.com\/307-976-karat-pirlanta-salkim-kupe\/"},"modified":"2024-09-06T13:20:34","modified_gmt":"2024-09-06T10:20:34","slug":"307-976-karat-pirlanta-salkim-kupe","status":"publish","type":"product","link":"https:\/\/zinetgold.com\/tr\/307-976-karat-pirlanta-salkim-kupe\/","title":{"rendered":"3,07 &amp; 9,76 Karat P\u0131rlanta Salk\u0131m K\u00fcpe"},"content":{"rendered":"<p>Bu zarif ve sofistike damla k\u00fcpeler, \u0131\u015f\u0131lt\u0131l\u0131 p\u0131rlanta halelerle \u00e7evrili armut bi\u00e7imli \u00e7arp\u0131c\u0131 bir safire sahiptir.<br \/>\nK\u00fcpeler 14 ayar beyaz Alt\u0131n ile \u00fcretilmi\u015ftir ve g\u00fcvenli bir arka kapama \u00f6zelli\u011fine sahiptir.<br \/>\nKarma\u015f\u0131k tasar\u0131m\u0131 ve y\u00fcksek kaliteli malzemeleri bu k\u00fcpeleri her m\u00fccevher koleksiyonu i\u00e7in m\u00fckemmel bir eklenti haline getirir.  <\/p>\n","protected":false},"excerpt":{"rendered":"<p><strong>SKU-KP00005723<\/strong><strong>.07 &amp; 9.76 Karat<\/strong> <strong>P\u0131rlanta K<\/strong>\u00fcpe <strong>12.03 gram<\/strong> a\u011f\u0131rl\u0131\u011f\u0131nda y\u00fcksek kalite do\u011fal p\u0131rlantal\u0131 <strong>14 ayar Beyaz Alt\u0131n<\/strong> <\/p>\n<p>&nbsp;<\/p>\n<p>&nbsp;<\/p>\n","protected":false},"featured_media":3386,"comment_status":"open","ping_status":"closed","template":"","meta":{"_kad_blocks_custom_css":"","_kad_blocks_head_custom_js":"","_kad_blocks_body_custom_js":"","_kad_blocks_footer_custom_js":"","_kadence_starter_templates_imported_post":false,"_kad_post_transparent":"","_kad_post_title":"","_kad_post_layout":"","_kad_post_sidebar_id":"","_kad_post_content_style":"","_kad_post_vertical_padding":"","_kad_post_feature":"","_kad_post_feature_position":"","_kad_post_header":false,"_kad_post_footer":false,"_kad_post_classname":""},"product_brand":[],"product_cat":[47],"product_tag":[],"class_list":{"0":"post-3856","1":"product","2":"type-product","3":"status-publish","4":"has-post-thumbnail","6":"product_cat-kupeler","8":"first","9":"instock","10":"sale","11":"shipping-taxable","12":"purchasable","13":"product-type-simple","14":"entry","15":"content-bg","16":"loop-entry"},"taxonomy_info":{"product_cat":[{"value":47,"label":"K\u00fcpeler"}]},"featured_image_src_large":["https:\/\/zinetgold.com\/wp-content\/uploads\/2024\/08\/KP0000572-14K-D-3.07-F-G-SI-184-SP-9.76-2-12.03-gr.-15147-1024x1024.webp",1024,1024,true],"author_info":[],"comment_info":0,"_links":{"self":[{"href":"https:\/\/zinetgold.com\/tr\/wp-json\/wp\/v2\/product\/3856","targetHints":{"allow":["GET"]}}],"collection":[{"href":"https:\/\/zinetgold.com\/tr\/wp-json\/wp\/v2\/product"}],"about":[{"href":"https:\/\/zinetgold.com\/tr\/wp-json\/wp\/v2\/types\/product"}],"replies":[{"embeddable":true,"href":"https:\/\/zinetgold.com\/tr\/wp-json\/wp\/v2\/comments?post=3856"}],"wp:featuredmedia":[{"embeddable":true,"href":"https:\/\/zinetgold.com\/tr\/wp-json\/wp\/v2\/media\/3386"}],"wp:attachment":[{"href":"https:\/\/zinetgold.com\/tr\/wp-json\/wp\/v2\/media?parent=3856"}],"wp:term":[{"taxonomy":"product_brand","embeddable":true,"href":"https:\/\/zinetgold.com\/tr\/wp-json\/wp\/v2\/product_brand?post=3856"},{"taxonomy":"product_cat","embeddable":true,"href":"https:\/\/zinetgold.com\/tr\/wp-json\/wp\/v2\/product_cat?post=3856"},{"taxonomy":"product_tag","embeddable":true,"href":"https:\/\/zinetgold.com\/tr\/wp-json\/wp\/v2\/product_tag?post=3856"}],"curies":[{"name":"wp","href":"https:\/\/api.w.org\/{rel}","templated":true}]}}