{"id":3858,"date":"2024-08-04T15:42:04","date_gmt":"2024-08-04T12:42:04","guid":{"rendered":"https:\/\/zinetgold.com\/105-karat-pirlanta-kupe\/"},"modified":"2024-09-06T13:20:35","modified_gmt":"2024-09-06T10:20:35","slug":"105-karat-pirlanta-kupe","status":"publish","type":"product","link":"https:\/\/zinetgold.com\/tr\/105-karat-pirlanta-kupe\/","title":{"rendered":"1,05 Karat P\u0131rlanta K\u00fcpe"},"content":{"rendered":"<div class=\"markdown markdown-main-panel\" dir=\"ltr\">\n<p class=\"first-token\" data-sourcepos=\"1:1-1:322\">\u015e\u0131k ve sofistike bu 14 ayar alt\u0131n k\u00fcpeler, tek bir damla par\u0131ldayan p\u0131rlanta ile minimalist bir tasar\u0131ma sahiptir.<br \/>\nModern ve sinirli bu k\u00fcpeler, \u0131\u015f\u0131lt\u0131l\u0131 de\u011ferli ta\u015flarla bezenmi\u015f geometrik bir desen sergiliyor.<br \/>\nDo\u011fadan ilham alan bu k\u00fcpeler, s\u00f6\u011f\u00fct dallar\u0131n\u0131 and\u0131ran narin, basamakl\u0131 bir tasar\u0131ma sahiptir.<br \/>\nRomantik ve zarif bu k\u00fcpeler, par\u0131ldayan ta\u015flarla \u00e7i\u00e7eklerden ilham alan bir tasar\u0131ma sahiptir.<br \/>\nCesur ve g\u00f6z al\u0131c\u0131 bu k\u00fcpeler, \u0131\u015f\u0131lt\u0131l\u0131 ta\u015flardan olu\u015fan dramatik bir \u00e7a\u011flayana sahiptir.<br \/>\nL\u00fcks ve g\u00f6z al\u0131c\u0131 bu k\u00fcpeler, birden fazla \u0131\u015f\u0131k y\u00f6n\u00fcne sahip dairesel bir tasar\u0131m sergiler.     <\/p>\n<\/div>\n<p>&nbsp;<\/p>\n","protected":false},"excerpt":{"rendered":"<p><strong>SKU-KP00006141<\/strong><strong>.05 Karat<\/strong> <strong>P\u0131rlanta K<\/strong>\u00fcpe <strong>14 Ayar Beyaz Alt\u0131n<\/strong> <strong> <\/strong><strong>4.70 gram<\/strong> a\u011f\u0131rl\u0131\u011f\u0131nda y\u00fcksek kalite do\u011fal p\u0131rlanta<\/p>\n<p>&nbsp;<\/p>\n","protected":false},"featured_media":3390,"comment_status":"open","ping_status":"closed","template":"","meta":{"_kad_blocks_custom_css":"","_kad_blocks_head_custom_js":"","_kad_blocks_body_custom_js":"","_kad_blocks_footer_custom_js":"","_kadence_starter_templates_imported_post":false,"_kad_post_transparent":"","_kad_post_title":"","_kad_post_layout":"","_kad_post_sidebar_id":"","_kad_post_content_style":"","_kad_post_vertical_padding":"","_kad_post_feature":"","_kad_post_feature_position":"","_kad_post_header":false,"_kad_post_footer":false,"_kad_post_classname":""},"product_brand":[],"product_cat":[47],"product_tag":[],"class_list":{"0":"post-3858","1":"product","2":"type-product","3":"status-publish","4":"has-post-thumbnail","6":"product_cat-kupeler","8":"first","9":"instock","10":"sale","11":"shipping-taxable","12":"purchasable","13":"product-type-simple","14":"entry","15":"content-bg","16":"loop-entry"},"taxonomy_info":{"product_cat":[{"value":47,"label":"K\u00fcpeler"}]},"featured_image_src_large":["https:\/\/zinetgold.com\/wp-content\/uploads\/2024\/08\/KP0000614-14K-D-1.05-F-G-SI-90-4.70-gr.-4708-1024x1024.webp",1024,1024,true],"author_info":[],"comment_info":0,"_links":{"self":[{"href":"https:\/\/zinetgold.com\/tr\/wp-json\/wp\/v2\/product\/3858","targetHints":{"allow":["GET"]}}],"collection":[{"href":"https:\/\/zinetgold.com\/tr\/wp-json\/wp\/v2\/product"}],"about":[{"href":"https:\/\/zinetgold.com\/tr\/wp-json\/wp\/v2\/types\/product"}],"replies":[{"embeddable":true,"href":"https:\/\/zinetgold.com\/tr\/wp-json\/wp\/v2\/comments?post=3858"}],"wp:featuredmedia":[{"embeddable":true,"href":"https:\/\/zinetgold.com\/tr\/wp-json\/wp\/v2\/media\/3390"}],"wp:attachment":[{"href":"https:\/\/zinetgold.com\/tr\/wp-json\/wp\/v2\/media?parent=3858"}],"wp:term":[{"taxonomy":"product_brand","embeddable":true,"href":"https:\/\/zinetgold.com\/tr\/wp-json\/wp\/v2\/product_brand?post=3858"},{"taxonomy":"product_cat","embeddable":true,"href":"https:\/\/zinetgold.com\/tr\/wp-json\/wp\/v2\/product_cat?post=3858"},{"taxonomy":"product_tag","embeddable":true,"href":"https:\/\/zinetgold.com\/tr\/wp-json\/wp\/v2\/product_tag?post=3858"}],"curies":[{"name":"wp","href":"https:\/\/api.w.org\/{rel}","templated":true}]}}