{"id":3859,"date":"2024-08-03T22:28:42","date_gmt":"2024-08-03T19:28:42","guid":{"rendered":"https:\/\/zinetgold.com\/134-karat-goksel-pirlanta-kupe\/"},"modified":"2024-09-06T13:20:37","modified_gmt":"2024-09-06T10:20:37","slug":"134-karat-goksel-pirlanta-kupe","status":"publish","type":"product","link":"https:\/\/zinetgold.com\/tr\/134-karat-goksel-pirlanta-kupe\/","title":{"rendered":"1,34 Karat G\u00f6ksel P\u0131rlanta K\u00fcpe"},"content":{"rendered":"<p>Bu zarif 14 Ayar Alt\u0131n k\u00fcpeler, g\u00f6z kama\u015ft\u0131r\u0131c\u0131 ve g\u00f6z al\u0131c\u0131 bir g\u00f6r\u00fcn\u00fcm yaratmak i\u00e7in titizlikle d\u00fczenlenmi\u015f \u00e7arp\u0131c\u0131 bir elmas \u00e7a\u011flayan\u0131na sahiptir.<br \/>\nUzun tasar\u0131m ve karma\u015f\u0131k detaylar, bu k\u00fcpeleri her k\u0131yafeti y\u00fckseltmek i\u00e7in m\u00fckemmel bir par\u00e7a haline getiriyor.<br \/>\nHassasiyet ve zarafetle haz\u0131rlanm\u0131\u015f bu k\u00fcpeler l\u00fcks\u00fcn ger\u00e7ek bir kan\u0131t\u0131d\u0131r.  <\/p>\n","protected":false},"excerpt":{"rendered":"<p><strong>SKU-KP0000570 1,35 Karat P\u0131rlanta<\/strong> K\u00fcpe <strong>6,06 gram<\/strong> a\u011f\u0131rl\u0131\u011f\u0131nda y\u00fcksek kalite do\u011fal p\u0131rlantal\u0131 <strong>14 ayar Beyaz Alt\u0131n<\/strong> <\/p>\n<p>&nbsp;<\/p>\n","protected":false},"featured_media":3384,"comment_status":"open","ping_status":"closed","template":"","meta":{"_kad_blocks_custom_css":"","_kad_blocks_head_custom_js":"","_kad_blocks_body_custom_js":"","_kad_blocks_footer_custom_js":"","_kadence_starter_templates_imported_post":false,"_kad_post_transparent":"","_kad_post_title":"","_kad_post_layout":"","_kad_post_sidebar_id":"","_kad_post_content_style":"","_kad_post_vertical_padding":"","_kad_post_feature":"","_kad_post_feature_position":"","_kad_post_header":false,"_kad_post_footer":false,"_kad_post_classname":""},"product_brand":[],"product_cat":[47],"product_tag":[],"class_list":{"0":"post-3859","1":"product","2":"type-product","3":"status-publish","4":"has-post-thumbnail","6":"product_cat-kupeler","8":"first","9":"instock","10":"sale","11":"shipping-taxable","12":"purchasable","13":"product-type-simple","14":"entry","15":"content-bg","16":"loop-entry"},"taxonomy_info":{"product_cat":[{"value":47,"label":"K\u00fcpeler"}]},"featured_image_src_large":["https:\/\/zinetgold.com\/wp-content\/uploads\/2024\/08\/KP0000570-14K-D-1.34-F-G-SI-64-6.06-gr.-6622-1024x1024.webp",1024,1024,true],"author_info":[],"comment_info":0,"_links":{"self":[{"href":"https:\/\/zinetgold.com\/tr\/wp-json\/wp\/v2\/product\/3859","targetHints":{"allow":["GET"]}}],"collection":[{"href":"https:\/\/zinetgold.com\/tr\/wp-json\/wp\/v2\/product"}],"about":[{"href":"https:\/\/zinetgold.com\/tr\/wp-json\/wp\/v2\/types\/product"}],"replies":[{"embeddable":true,"href":"https:\/\/zinetgold.com\/tr\/wp-json\/wp\/v2\/comments?post=3859"}],"wp:featuredmedia":[{"embeddable":true,"href":"https:\/\/zinetgold.com\/tr\/wp-json\/wp\/v2\/media\/3384"}],"wp:attachment":[{"href":"https:\/\/zinetgold.com\/tr\/wp-json\/wp\/v2\/media?parent=3859"}],"wp:term":[{"taxonomy":"product_brand","embeddable":true,"href":"https:\/\/zinetgold.com\/tr\/wp-json\/wp\/v2\/product_brand?post=3859"},{"taxonomy":"product_cat","embeddable":true,"href":"https:\/\/zinetgold.com\/tr\/wp-json\/wp\/v2\/product_cat?post=3859"},{"taxonomy":"product_tag","embeddable":true,"href":"https:\/\/zinetgold.com\/tr\/wp-json\/wp\/v2\/product_tag?post=3859"}],"curies":[{"name":"wp","href":"https:\/\/api.w.org\/{rel}","templated":true}]}}