{"id":3862,"date":"2024-08-04T14:23:14","date_gmt":"2024-08-04T11:23:14","guid":{"rendered":"https:\/\/zinetgold.com\/199-462-karat-pirlanta-salkim-kupe\/"},"modified":"2024-09-06T13:20:40","modified_gmt":"2024-09-06T10:20:40","slug":"199-462-karat-pirlanta-salkim-kupe","status":"publish","type":"product","link":"https:\/\/zinetgold.com\/tr\/199-462-karat-pirlanta-salkim-kupe\/","title":{"rendered":"1,99 &amp; 4,62 Karat P\u0131rlanta Salk\u0131m K\u00fcpe"},"content":{"rendered":"<p>Bu zarif ve sofistike damla k\u00fcpeler, \u0131\u015f\u0131lt\u0131l\u0131 p\u0131rlanta halelerle \u00e7evrili armut bi\u00e7imli \u00e7arp\u0131c\u0131 bir yakuta sahiptir.<br \/>\nK\u00fcpeler 14 ayar beyaz alt\u0131ndan \u00fcretilmi\u015ftir ve g\u00fcvenli bir post-back kapamaya sahiptir.<br \/>\nKarma\u015f\u0131k tasar\u0131m\u0131 ve y\u00fcksek kaliteli p\u0131rlantalar\u0131 bu k\u00fcpeleri her m\u00fccevher koleksiyonu i\u00e7in m\u00fckemmel bir eklenti haline getirir.    &nbsp;<\/p>\n","protected":false},"excerpt":{"rendered":"<p><strong>SKU-KP00005801<\/strong><strong>.99 &amp; 4.62 Karat<\/strong> <strong>P\u0131rlanta K<\/strong>\u00fcpe <strong>14 Ayar Beyaz Alt\u0131n<\/strong>, <strong> <\/strong><strong>8.92 gram<\/strong> a\u011f\u0131rl\u0131\u011f\u0131nda y\u00fcksek kalite do\u011fal p\u0131rlanta<\/p>\n<p>&nbsp;<\/p>\n","protected":false},"featured_media":3388,"comment_status":"open","ping_status":"closed","template":"","meta":{"_kad_blocks_custom_css":"","_kad_blocks_head_custom_js":"","_kad_blocks_body_custom_js":"","_kad_blocks_footer_custom_js":"","_kadence_starter_templates_imported_post":false,"_kad_post_transparent":"","_kad_post_title":"","_kad_post_layout":"","_kad_post_sidebar_id":"","_kad_post_content_style":"","_kad_post_vertical_padding":"","_kad_post_feature":"","_kad_post_feature_position":"","_kad_post_header":false,"_kad_post_footer":false,"_kad_post_classname":""},"product_brand":[],"product_cat":[47],"product_tag":[],"class_list":{"0":"post-3862","1":"product","2":"type-product","3":"status-publish","4":"has-post-thumbnail","6":"product_cat-kupeler","8":"first","9":"instock","10":"sale","11":"shipping-taxable","12":"purchasable","13":"product-type-simple","14":"entry","15":"content-bg","16":"loop-entry"},"taxonomy_info":{"product_cat":[{"value":47,"label":"K\u00fcpeler"}]},"featured_image_src_large":["https:\/\/zinetgold.com\/wp-content\/uploads\/2024\/08\/KP0000580-14K-D-1.99-F-G-SI-222-RB-4.62-2-8.92-gr.-9955-1024x1024.webp",1024,1024,true],"author_info":[],"comment_info":0,"_links":{"self":[{"href":"https:\/\/zinetgold.com\/tr\/wp-json\/wp\/v2\/product\/3862","targetHints":{"allow":["GET"]}}],"collection":[{"href":"https:\/\/zinetgold.com\/tr\/wp-json\/wp\/v2\/product"}],"about":[{"href":"https:\/\/zinetgold.com\/tr\/wp-json\/wp\/v2\/types\/product"}],"replies":[{"embeddable":true,"href":"https:\/\/zinetgold.com\/tr\/wp-json\/wp\/v2\/comments?post=3862"}],"wp:featuredmedia":[{"embeddable":true,"href":"https:\/\/zinetgold.com\/tr\/wp-json\/wp\/v2\/media\/3388"}],"wp:attachment":[{"href":"https:\/\/zinetgold.com\/tr\/wp-json\/wp\/v2\/media?parent=3862"}],"wp:term":[{"taxonomy":"product_brand","embeddable":true,"href":"https:\/\/zinetgold.com\/tr\/wp-json\/wp\/v2\/product_brand?post=3862"},{"taxonomy":"product_cat","embeddable":true,"href":"https:\/\/zinetgold.com\/tr\/wp-json\/wp\/v2\/product_cat?post=3862"},{"taxonomy":"product_tag","embeddable":true,"href":"https:\/\/zinetgold.com\/tr\/wp-json\/wp\/v2\/product_tag?post=3862"}],"curies":[{"name":"wp","href":"https:\/\/api.w.org\/{rel}","templated":true}]}}