{"id":3866,"date":"2024-08-03T14:36:41","date_gmt":"2024-08-03T11:36:41","guid":{"rendered":"https:\/\/zinetgold.com\/163-karat-pirlanta-kupe\/"},"modified":"2024-09-06T13:21:02","modified_gmt":"2024-09-06T10:21:02","slug":"163-karat-pirlanta-kupe","status":"publish","type":"product","link":"https:\/\/zinetgold.com\/tr\/163-karat-pirlanta-kupe\/","title":{"rendered":"1,63 Karat P\u0131rlanta K\u00fcpe"},"content":{"rendered":"<p><span style=\"font-family: var(--global-body-font-family);\">14 ayar alt\u0131ndan \u00fcretilen bu zarif k\u00fcpelerin merkezinde armut \u015feklindeki \u00e7arp\u0131c\u0131 bir safir yer al\u0131yor ve etraf\u0131 \u0131\u015f\u0131lt\u0131l\u0131 bir p\u0131rlanta haleyle \u00e7evrili.<br \/>\nNarin damla tasar\u0131m\u0131 ve karma\u015f\u0131k detaylar\u0131 l\u00fcks ve sofistike bir g\u00f6r\u00fcn\u00fcm yarat\u0131r.<br \/>\nHer k\u0131yafeti g\u00fczelle\u015ftirmek i\u00e7in m\u00fckemmel olan bu k\u00fcpeler zamans\u0131z bir m\u00fccevher par\u00e7as\u0131d\u0131r.  <\/span><\/p>\n","protected":false},"excerpt":{"rendered":"<p><strong>SKU-KP0000482 1,63 Karat P\u0131rlanta K<\/strong> \u00fcpe <strong>7,77 gram<\/strong> a\u011f\u0131rl\u0131\u011f\u0131nda y\u00fcksek kaliteli do\u011fal p\u0131rlantal\u0131 <strong>14 ayar Beyaz Alt\u0131n<\/strong> <\/p>\n<p>&nbsp;<\/p>\n","protected":false},"featured_media":3376,"comment_status":"open","ping_status":"closed","template":"","meta":{"_kad_blocks_custom_css":"","_kad_blocks_head_custom_js":"","_kad_blocks_body_custom_js":"","_kad_blocks_footer_custom_js":"","_kadence_starter_templates_imported_post":false,"_kad_post_transparent":"","_kad_post_title":"","_kad_post_layout":"","_kad_post_sidebar_id":"","_kad_post_content_style":"","_kad_post_vertical_padding":"","_kad_post_feature":"","_kad_post_feature_position":"","_kad_post_header":false,"_kad_post_footer":false,"_kad_post_classname":""},"product_brand":[],"product_cat":[47],"product_tag":[],"class_list":{"0":"post-3866","1":"product","2":"type-product","3":"status-publish","4":"has-post-thumbnail","6":"product_cat-kupeler","8":"first","9":"instock","10":"sale","11":"shipping-taxable","12":"purchasable","13":"product-type-simple","14":"entry","15":"content-bg","16":"loop-entry"},"taxonomy_info":{"product_cat":[{"value":47,"label":"K\u00fcpeler"}]},"featured_image_src_large":["https:\/\/zinetgold.com\/wp-content\/uploads\/2024\/08\/KP0000482-14K-D-1.63-F-G-SI-156-7.77-gr.-7832-1024x1024.webp",1024,1024,true],"author_info":[],"comment_info":0,"_links":{"self":[{"href":"https:\/\/zinetgold.com\/tr\/wp-json\/wp\/v2\/product\/3866","targetHints":{"allow":["GET"]}}],"collection":[{"href":"https:\/\/zinetgold.com\/tr\/wp-json\/wp\/v2\/product"}],"about":[{"href":"https:\/\/zinetgold.com\/tr\/wp-json\/wp\/v2\/types\/product"}],"replies":[{"embeddable":true,"href":"https:\/\/zinetgold.com\/tr\/wp-json\/wp\/v2\/comments?post=3866"}],"wp:featuredmedia":[{"embeddable":true,"href":"https:\/\/zinetgold.com\/tr\/wp-json\/wp\/v2\/media\/3376"}],"wp:attachment":[{"href":"https:\/\/zinetgold.com\/tr\/wp-json\/wp\/v2\/media?parent=3866"}],"wp:term":[{"taxonomy":"product_brand","embeddable":true,"href":"https:\/\/zinetgold.com\/tr\/wp-json\/wp\/v2\/product_brand?post=3866"},{"taxonomy":"product_cat","embeddable":true,"href":"https:\/\/zinetgold.com\/tr\/wp-json\/wp\/v2\/product_cat?post=3866"},{"taxonomy":"product_tag","embeddable":true,"href":"https:\/\/zinetgold.com\/tr\/wp-json\/wp\/v2\/product_tag?post=3866"}],"curies":[{"name":"wp","href":"https:\/\/api.w.org\/{rel}","templated":true}]}}