{"id":3870,"date":"2024-08-03T16:53:15","date_gmt":"2024-08-03T13:53:15","guid":{"rendered":"https:\/\/zinetgold.com\/058-karat-yildiz-tozu-kupe\/"},"modified":"2024-09-06T13:21:12","modified_gmt":"2024-09-06T10:21:12","slug":"058-karat-yildiz-tozu-kupe","status":"publish","type":"product","link":"https:\/\/zinetgold.com\/tr\/058-karat-yildiz-tozu-kupe\/","title":{"rendered":"0,58 Karat Y\u0131ld\u0131z Tozu K\u00fcpe"},"content":{"rendered":"<p><span style=\"font-family: var(--global-body-font-family);\">  Bu 14 ayar alt\u0131n b\u00fcy\u00fcleyici k\u00fcpeler, kulak memesinden a\u015fa\u011f\u0131ya do\u011fru s\u00fcz\u00fclen \u0131\u015f\u0131lt\u0131l\u0131 ta\u015flarla tak\u0131my\u0131ld\u0131z\u0131ndan ilham alan bir tasar\u0131ma sahiptir.<br \/>\nNarin ve ruhani g\u00f6r\u00fcn\u00fcm, her k\u0131yafete sihirli bir dokunu\u015f katmak i\u00e7in m\u00fckemmeldir. <\/span><\/p>\n","protected":false},"excerpt":{"rendered":"<p><strong>SKU-KP0000503 0.58 Karat P\u0131rlanta<\/strong> K\u00fcpe <strong>2.40 gram<\/strong> a\u011f\u0131rl\u0131\u011f\u0131nda y\u00fcksek kalite do\u011fal p\u0131rlantal\u0131 <strong>14 ayar Beyaz Alt\u0131n<\/strong> <\/p>\n","protected":false},"featured_media":3379,"comment_status":"open","ping_status":"closed","template":"","meta":{"_kad_blocks_custom_css":"","_kad_blocks_head_custom_js":"","_kad_blocks_body_custom_js":"","_kad_blocks_footer_custom_js":"","_kadence_starter_templates_imported_post":false,"_kad_post_transparent":"","_kad_post_title":"","_kad_post_layout":"","_kad_post_sidebar_id":"","_kad_post_content_style":"","_kad_post_vertical_padding":"","_kad_post_feature":"","_kad_post_feature_position":"","_kad_post_header":false,"_kad_post_footer":false,"_kad_post_classname":""},"product_brand":[],"product_cat":[47],"product_tag":[],"class_list":{"0":"post-3870","1":"product","2":"type-product","3":"status-publish","4":"has-post-thumbnail","6":"product_cat-kupeler","8":"first","9":"instock","10":"sale","11":"shipping-taxable","12":"purchasable","13":"product-type-simple","14":"entry","15":"content-bg","16":"loop-entry"},"taxonomy_info":{"product_cat":[{"value":47,"label":"K\u00fcpeler"}]},"featured_image_src_large":["https:\/\/zinetgold.com\/wp-content\/uploads\/2024\/08\/KP0000503-14K-D-0.58-F-G-SI-26-2.40-gr.-2794-1024x1024.webp",1024,1024,true],"author_info":[],"comment_info":0,"_links":{"self":[{"href":"https:\/\/zinetgold.com\/tr\/wp-json\/wp\/v2\/product\/3870","targetHints":{"allow":["GET"]}}],"collection":[{"href":"https:\/\/zinetgold.com\/tr\/wp-json\/wp\/v2\/product"}],"about":[{"href":"https:\/\/zinetgold.com\/tr\/wp-json\/wp\/v2\/types\/product"}],"replies":[{"embeddable":true,"href":"https:\/\/zinetgold.com\/tr\/wp-json\/wp\/v2\/comments?post=3870"}],"wp:featuredmedia":[{"embeddable":true,"href":"https:\/\/zinetgold.com\/tr\/wp-json\/wp\/v2\/media\/3379"}],"wp:attachment":[{"href":"https:\/\/zinetgold.com\/tr\/wp-json\/wp\/v2\/media?parent=3870"}],"wp:term":[{"taxonomy":"product_brand","embeddable":true,"href":"https:\/\/zinetgold.com\/tr\/wp-json\/wp\/v2\/product_brand?post=3870"},{"taxonomy":"product_cat","embeddable":true,"href":"https:\/\/zinetgold.com\/tr\/wp-json\/wp\/v2\/product_cat?post=3870"},{"taxonomy":"product_tag","embeddable":true,"href":"https:\/\/zinetgold.com\/tr\/wp-json\/wp\/v2\/product_tag?post=3870"}],"curies":[{"name":"wp","href":"https:\/\/api.w.org\/{rel}","templated":true}]}}