{"id":3872,"date":"2024-08-03T14:14:01","date_gmt":"2024-08-03T11:14:01","guid":{"rendered":"https:\/\/zinetgold.com\/105-karat-pirlanta-cizgi-kupe\/"},"modified":"2024-09-06T13:21:14","modified_gmt":"2024-09-06T10:21:14","slug":"105-karat-pirlanta-cizgi-kupe","status":"publish","type":"product","link":"https:\/\/zinetgold.com\/tr\/105-karat-pirlanta-cizgi-kupe\/","title":{"rendered":"1,05 Karat P\u0131rlanta \u00c7izgi K\u00fcpe"},"content":{"rendered":"<p>Bu zarif k\u00fcpeler 14 ayar alt\u0131n ve zarif ve uzun bir siluet olu\u015fturan \u0131\u015f\u0131lt\u0131l\u0131 elmaslardan olu\u015fan basamakl\u0131 bir \u00e7izgiye sahiptir.<br \/>\nModern tasar\u0131m, her k\u0131yafete sofistike bir dokunu\u015f katmak i\u00e7in m\u00fckemmeldir.<br \/>\nK\u00fcpeler, l\u00fcks ve rahat bir kullan\u0131m sa\u011flamak i\u00e7in detaylara titizlikle \u00f6zen g\u00f6sterilerek \u00fcretilmi\u015ftir.  <\/p>\n","protected":false},"excerpt":{"rendered":"<p><strong>SKU-KP0000472 1,05 Karat P\u0131rlanta<\/strong> K\u00fcpe <strong>4,09<\/strong> <strong> gram<\/strong> a\u011f\u0131rl\u0131\u011f\u0131nda y\u00fcksek kalite do\u011fal p\u0131rlantal\u0131 <strong>14 ayar Beyaz Alt\u0131n<\/strong> <\/p>\n<p>&nbsp;<\/p>\n","protected":false},"featured_media":3373,"comment_status":"open","ping_status":"closed","template":"","meta":{"_kad_blocks_custom_css":"","_kad_blocks_head_custom_js":"","_kad_blocks_body_custom_js":"","_kad_blocks_footer_custom_js":"","_kadence_starter_templates_imported_post":false,"_kad_post_transparent":"","_kad_post_title":"","_kad_post_layout":"","_kad_post_sidebar_id":"","_kad_post_content_style":"","_kad_post_vertical_padding":"","_kad_post_feature":"","_kad_post_feature_position":"","_kad_post_header":false,"_kad_post_footer":false,"_kad_post_classname":""},"product_brand":[],"product_cat":[47],"product_tag":[],"class_list":{"0":"post-3872","1":"product","2":"type-product","3":"status-publish","4":"has-post-thumbnail","6":"product_cat-kupeler","8":"first","9":"instock","10":"sale","11":"shipping-taxable","12":"purchasable","13":"product-type-simple","14":"entry","15":"content-bg","16":"loop-entry"},"taxonomy_info":{"product_cat":[{"value":47,"label":"K\u00fcpeler"}]},"featured_image_src_large":["https:\/\/zinetgold.com\/wp-content\/uploads\/2024\/08\/KP0000472-14K-D-1.05-F-G-SI-40-4.09-gr.-4301-1024x1024.webp",1024,1024,true],"author_info":[],"comment_info":0,"_links":{"self":[{"href":"https:\/\/zinetgold.com\/tr\/wp-json\/wp\/v2\/product\/3872","targetHints":{"allow":["GET"]}}],"collection":[{"href":"https:\/\/zinetgold.com\/tr\/wp-json\/wp\/v2\/product"}],"about":[{"href":"https:\/\/zinetgold.com\/tr\/wp-json\/wp\/v2\/types\/product"}],"replies":[{"embeddable":true,"href":"https:\/\/zinetgold.com\/tr\/wp-json\/wp\/v2\/comments?post=3872"}],"wp:featuredmedia":[{"embeddable":true,"href":"https:\/\/zinetgold.com\/tr\/wp-json\/wp\/v2\/media\/3373"}],"wp:attachment":[{"href":"https:\/\/zinetgold.com\/tr\/wp-json\/wp\/v2\/media?parent=3872"}],"wp:term":[{"taxonomy":"product_brand","embeddable":true,"href":"https:\/\/zinetgold.com\/tr\/wp-json\/wp\/v2\/product_brand?post=3872"},{"taxonomy":"product_cat","embeddable":true,"href":"https:\/\/zinetgold.com\/tr\/wp-json\/wp\/v2\/product_cat?post=3872"},{"taxonomy":"product_tag","embeddable":true,"href":"https:\/\/zinetgold.com\/tr\/wp-json\/wp\/v2\/product_tag?post=3872"}],"curies":[{"name":"wp","href":"https:\/\/api.w.org\/{rel}","templated":true}]}}