{"id":3878,"date":"2024-08-03T12:55:42","date_gmt":"2024-08-03T09:55:42","guid":{"rendered":"https:\/\/zinetgold.com\/086-karat-dogrusal-pirlanta-kupe\/"},"modified":"2024-09-06T13:21:24","modified_gmt":"2024-09-06T10:21:24","slug":"086-karat-dogrusal-pirlanta-kupe","status":"publish","type":"product","link":"https:\/\/zinetgold.com\/tr\/086-karat-dogrusal-pirlanta-kupe\/","title":{"rendered":"0,86 Karat Do\u011frusal P\u0131rlanta K\u00fcpe"},"content":{"rendered":"<p>Bu zarif k\u00fcpeler, \u0131\u015f\u0131lt\u0131l\u0131 elmaslarla s\u00fcslenmi\u015f basamakl\u0131 bir tasar\u0131ma sahiptir.<br \/>\nUzun siluet, her k\u0131yafeti y\u00fckseltmek i\u00e7in m\u00fckemmel olan sofistike bir g\u00f6r\u00fcn\u00fcm yarat\u0131r.<br \/>\nK\u00fcpeler, l\u00fcks ve rahat bir kullan\u0131m sa\u011flayan 14 ayar Alt\u0131n ile \u00fcretilmi\u015ftir.  <\/p>\n","protected":false},"excerpt":{"rendered":"<p><strong>SKU-KP0000237 0,86 Karat P\u0131rlanta<\/strong> K\u00fcpe <strong>4,82 gram<\/strong> a\u011f\u0131rl\u0131\u011f\u0131nda y\u00fcksek kalite do\u011fal p\u0131rlantal\u0131 <strong>14 ayar Beyaz Alt\u0131n<\/strong> <\/p>\n<p>&nbsp;<\/p>\n","protected":false},"featured_media":3365,"comment_status":"open","ping_status":"closed","template":"","meta":{"_kad_blocks_custom_css":"","_kad_blocks_head_custom_js":"","_kad_blocks_body_custom_js":"","_kad_blocks_footer_custom_js":"","_kadence_starter_templates_imported_post":false,"_kad_post_transparent":"","_kad_post_title":"","_kad_post_layout":"","_kad_post_sidebar_id":"","_kad_post_content_style":"","_kad_post_vertical_padding":"","_kad_post_feature":"","_kad_post_feature_position":"","_kad_post_header":false,"_kad_post_footer":false,"_kad_post_classname":""},"product_brand":[],"product_cat":[47],"product_tag":[],"class_list":{"0":"post-3878","1":"product","2":"type-product","3":"status-publish","4":"has-post-thumbnail","6":"product_cat-kupeler","8":"first","9":"instock","10":"sale","11":"shipping-taxable","12":"purchasable","13":"product-type-simple","14":"entry","15":"content-bg","16":"loop-entry"},"taxonomy_info":{"product_cat":[{"value":47,"label":"K\u00fcpeler"}]},"featured_image_src_large":["https:\/\/zinetgold.com\/wp-content\/uploads\/2024\/08\/KP0000237-14K-D_-0.86-F-G-SI-48-4.82-gr.-4059-1024x1024.webp",1024,1024,true],"author_info":[],"comment_info":0,"_links":{"self":[{"href":"https:\/\/zinetgold.com\/tr\/wp-json\/wp\/v2\/product\/3878","targetHints":{"allow":["GET"]}}],"collection":[{"href":"https:\/\/zinetgold.com\/tr\/wp-json\/wp\/v2\/product"}],"about":[{"href":"https:\/\/zinetgold.com\/tr\/wp-json\/wp\/v2\/types\/product"}],"replies":[{"embeddable":true,"href":"https:\/\/zinetgold.com\/tr\/wp-json\/wp\/v2\/comments?post=3878"}],"wp:featuredmedia":[{"embeddable":true,"href":"https:\/\/zinetgold.com\/tr\/wp-json\/wp\/v2\/media\/3365"}],"wp:attachment":[{"href":"https:\/\/zinetgold.com\/tr\/wp-json\/wp\/v2\/media?parent=3878"}],"wp:term":[{"taxonomy":"product_brand","embeddable":true,"href":"https:\/\/zinetgold.com\/tr\/wp-json\/wp\/v2\/product_brand?post=3878"},{"taxonomy":"product_cat","embeddable":true,"href":"https:\/\/zinetgold.com\/tr\/wp-json\/wp\/v2\/product_cat?post=3878"},{"taxonomy":"product_tag","embeddable":true,"href":"https:\/\/zinetgold.com\/tr\/wp-json\/wp\/v2\/product_tag?post=3878"}],"curies":[{"name":"wp","href":"https:\/\/api.w.org\/{rel}","templated":true}]}}