{"id":3879,"date":"2024-08-03T08:29:25","date_gmt":"2024-08-03T05:29:25","guid":{"rendered":"https:\/\/zinetgold.com\/241-karat-pirlanta-cicekli-kupe\/"},"modified":"2024-09-06T13:21:25","modified_gmt":"2024-09-06T10:21:25","slug":"241-karat-pirlanta-cicekli-kupe","status":"publish","type":"product","link":"https:\/\/zinetgold.com\/tr\/241-karat-pirlanta-cicekli-kupe\/","title":{"rendered":"2,41 Karat P\u0131rlanta \u00c7i\u00e7ekli K\u00fcpe"},"content":{"rendered":"<p><span style=\"font-family: var(--global-body-font-family);\">Bu zarif k\u00fcpeler, basamakl\u0131 elmas vurgulara sahip b\u00fcy\u00fcleyici bir \u00e7i\u00e7ek tasar\u0131m\u0131na sahiptir.<br \/>\nPar\u0131ldayan elmaslarla bezenmi\u015f narin \u00e7i\u00e7ek motifi, kad\u0131ns\u0131 ve zarif bir g\u00f6r\u00fcn\u00fcm yarat\u0131yor.<br \/>\nDetaylara \u00f6zen g\u00f6sterilerek 14 ayar Alt\u0131n ile titizlikle i\u015flenen k\u00fcpeler, her m\u00fccevher koleksiyonuna \u00e7arp\u0131c\u0131 bir katk\u0131 sa\u011flar.  <\/span><\/p>\n","protected":false},"excerpt":{"rendered":"<p><strong>SKU-KL0000644 2,41 Karat<\/strong> P\u0131rlanta K\u00fcpe <strong>18,98 gram<\/strong> a\u011f\u0131rl\u0131\u011f\u0131nda y\u00fcksek kalite do\u011fal p\u0131rlantal\u0131 <strong>14 ayar Beyaz Alt\u0131n<\/strong> <\/p>\n<p>&nbsp;<\/p>\n","protected":false},"featured_media":3364,"comment_status":"open","ping_status":"closed","template":"","meta":{"_kad_blocks_custom_css":"","_kad_blocks_head_custom_js":"","_kad_blocks_body_custom_js":"","_kad_blocks_footer_custom_js":"","_kadence_starter_templates_imported_post":false,"_kad_post_transparent":"","_kad_post_title":"","_kad_post_layout":"","_kad_post_sidebar_id":"","_kad_post_content_style":"","_kad_post_vertical_padding":"","_kad_post_feature":"","_kad_post_feature_position":"","_kad_post_header":false,"_kad_post_footer":false,"_kad_post_classname":""},"product_brand":[],"product_cat":[47],"product_tag":[],"class_list":{"0":"post-3879","1":"product","2":"type-product","3":"status-publish","4":"has-post-thumbnail","6":"product_cat-kupeler","8":"first","9":"instock","10":"sale","11":"shipping-taxable","12":"purchasable","13":"product-type-simple","14":"entry","15":"content-bg","16":"loop-entry"},"taxonomy_info":{"product_cat":[{"value":47,"label":"K\u00fcpeler"}]},"featured_image_src_large":["https:\/\/zinetgold.com\/wp-content\/uploads\/2024\/08\/KL0000644-D-2.41-F-G-SI-206-18.98-gr-13596-1024x1024.webp",1024,1024,true],"author_info":[],"comment_info":0,"_links":{"self":[{"href":"https:\/\/zinetgold.com\/tr\/wp-json\/wp\/v2\/product\/3879","targetHints":{"allow":["GET"]}}],"collection":[{"href":"https:\/\/zinetgold.com\/tr\/wp-json\/wp\/v2\/product"}],"about":[{"href":"https:\/\/zinetgold.com\/tr\/wp-json\/wp\/v2\/types\/product"}],"replies":[{"embeddable":true,"href":"https:\/\/zinetgold.com\/tr\/wp-json\/wp\/v2\/comments?post=3879"}],"wp:featuredmedia":[{"embeddable":true,"href":"https:\/\/zinetgold.com\/tr\/wp-json\/wp\/v2\/media\/3364"}],"wp:attachment":[{"href":"https:\/\/zinetgold.com\/tr\/wp-json\/wp\/v2\/media?parent=3879"}],"wp:term":[{"taxonomy":"product_brand","embeddable":true,"href":"https:\/\/zinetgold.com\/tr\/wp-json\/wp\/v2\/product_brand?post=3879"},{"taxonomy":"product_cat","embeddable":true,"href":"https:\/\/zinetgold.com\/tr\/wp-json\/wp\/v2\/product_cat?post=3879"},{"taxonomy":"product_tag","embeddable":true,"href":"https:\/\/zinetgold.com\/tr\/wp-json\/wp\/v2\/product_tag?post=3879"}],"curies":[{"name":"wp","href":"https:\/\/api.w.org\/{rel}","templated":true}]}}