{"id":3883,"date":"2024-08-03T08:15:07","date_gmt":"2024-08-03T05:15:07","guid":{"rendered":"https:\/\/zinetgold.com\/230-karat-cicekli-pirlanta-damla-kupe\/"},"modified":"2024-09-06T13:21:31","modified_gmt":"2024-09-06T10:21:31","slug":"230-karat-cicekli-pirlanta-damla-kupe","status":"publish","type":"product","link":"https:\/\/zinetgold.com\/tr\/230-karat-cicekli-pirlanta-damla-kupe\/","title":{"rendered":"2,30 Karat \u00c7i\u00e7ekli P\u0131rlanta Damla K\u00fcpe"},"content":{"rendered":"<p>Bu zarif k\u00fcpeler, 14 ayar alt\u0131n ve \u0131\u015f\u0131lt\u0131l\u0131 yuvarlak ve baget kesim p\u0131rlanta k\u00fcmeleriyle haz\u0131rlanm\u0131\u015f \u00e7arp\u0131c\u0131 bir \u00e7i\u00e7ek tasar\u0131m\u0131na sahiptir.<br \/>\nNarin yapraklar kulaktan a\u015fa\u011f\u0131ya do\u011fru s\u00fcz\u00fclerek \u0131\u015f\u0131lt\u0131l\u0131 ve g\u00f6z al\u0131c\u0131 bir g\u00f6r\u00fcn\u00fcm yarat\u0131r.<br \/>\nBu k\u00fcpeler \u015fehirde ge\u00e7irece\u011finiz bir geceden \u00f6zel bir etkinli\u011fe kadar her durum i\u00e7in m\u00fckemmeldir.  <\/p>\n","protected":false},"excerpt":{"rendered":"<p><strong>SKU-BKP0001071 2,30 Karat P\u0131rlanta<\/strong> K\u00fcpe <strong>11,82 gram<\/strong> a\u011f\u0131rl\u0131\u011f\u0131nda y\u00fcksek kaliteli do\u011fal p\u0131rlantal\u0131 <strong>14 ayar Beyaz Alt\u0131n<\/strong> <\/p>\n<p>&nbsp;<\/p>\n","protected":false},"featured_media":3362,"comment_status":"open","ping_status":"closed","template":"","meta":{"_kad_blocks_custom_css":"","_kad_blocks_head_custom_js":"","_kad_blocks_body_custom_js":"","_kad_blocks_footer_custom_js":"","_kadence_starter_templates_imported_post":false,"_kad_post_transparent":"","_kad_post_title":"","_kad_post_layout":"","_kad_post_sidebar_id":"","_kad_post_content_style":"","_kad_post_vertical_padding":"","_kad_post_feature":"","_kad_post_feature_position":"","_kad_post_header":false,"_kad_post_footer":false,"_kad_post_classname":""},"product_brand":[],"product_cat":[47],"product_tag":[],"class_list":{"0":"post-3883","1":"product","2":"type-product","3":"status-publish","4":"has-post-thumbnail","6":"product_cat-kupeler","8":"first","9":"instock","10":"sale","11":"shipping-taxable","12":"purchasable","13":"product-type-simple","14":"entry","15":"content-bg","16":"loop-entry"},"taxonomy_info":{"product_cat":[{"value":47,"label":"K\u00fcpeler"}]},"featured_image_src_large":["https:\/\/zinetgold.com\/wp-content\/uploads\/2024\/08\/BKP0001071-BD-0.74-F-G-SI-97-D-2.30-F-G-SI-560-11.82-gr-15103-1024x1024.webp",1024,1024,true],"author_info":[],"comment_info":0,"_links":{"self":[{"href":"https:\/\/zinetgold.com\/tr\/wp-json\/wp\/v2\/product\/3883","targetHints":{"allow":["GET"]}}],"collection":[{"href":"https:\/\/zinetgold.com\/tr\/wp-json\/wp\/v2\/product"}],"about":[{"href":"https:\/\/zinetgold.com\/tr\/wp-json\/wp\/v2\/types\/product"}],"replies":[{"embeddable":true,"href":"https:\/\/zinetgold.com\/tr\/wp-json\/wp\/v2\/comments?post=3883"}],"wp:featuredmedia":[{"embeddable":true,"href":"https:\/\/zinetgold.com\/tr\/wp-json\/wp\/v2\/media\/3362"}],"wp:attachment":[{"href":"https:\/\/zinetgold.com\/tr\/wp-json\/wp\/v2\/media?parent=3883"}],"wp:term":[{"taxonomy":"product_brand","embeddable":true,"href":"https:\/\/zinetgold.com\/tr\/wp-json\/wp\/v2\/product_brand?post=3883"},{"taxonomy":"product_cat","embeddable":true,"href":"https:\/\/zinetgold.com\/tr\/wp-json\/wp\/v2\/product_cat?post=3883"},{"taxonomy":"product_tag","embeddable":true,"href":"https:\/\/zinetgold.com\/tr\/wp-json\/wp\/v2\/product_tag?post=3883"}],"curies":[{"name":"wp","href":"https:\/\/api.w.org\/{rel}","templated":true}]}}