{"id":3884,"date":"2024-08-03T07:30:13","date_gmt":"2024-08-03T04:30:13","guid":{"rendered":"https:\/\/zinetgold.com\/063-karat-elegnat-pirlanta-kupe\/"},"modified":"2024-09-06T13:21:32","modified_gmt":"2024-09-06T10:21:32","slug":"063-karat-elegnat-pirlanta-kupe","status":"publish","type":"product","link":"https:\/\/zinetgold.com\/tr\/063-karat-elegnat-pirlanta-kupe\/","title":{"rendered":"0,63 Karat Elegnat P\u0131rlanta K\u00fcpe"},"content":{"rendered":"<p>Eternal Elegance P\u0131rlanta Damla K\u00fcpe, zamans\u0131z g\u00fczellik ve modern tasar\u0131m\u0131n b\u00fcy\u00fcleyici bir birle\u015fimidir.<br \/>\nBu 18 Ayar Alt\u0131n k\u00fcpeler, her biri merkezi baget kesim p\u0131rlanta ile s\u00fcslenmi\u015f ve \u0131\u015f\u0131lt\u0131l\u0131 yuvarlak p\u0131rlanta halesiyle \u00e7er\u00e7evelenmi\u015f, p\u0131rlanta kapl\u0131 geometrik halkalardan olu\u015fan basamakl\u0131 bir \u00fc\u00e7l\u00fcye sahiptir. <\/p>\n","protected":false},"excerpt":{"rendered":"<p><strong>SKU-BKP0000926 0,63 Karat P\u0131rlanta<\/strong> K\u00fcpe <strong>11,19 gram<\/strong> a\u011f\u0131rl\u0131\u011f\u0131nda y\u00fcksek kalite do\u011fal p\u0131rlantal\u0131 <strong>18 ayar Beyaz Alt\u0131n<\/strong> <\/p>\n<p>&nbsp;<\/p>\n","protected":false},"featured_media":3357,"comment_status":"open","ping_status":"closed","template":"","meta":{"_kad_blocks_custom_css":"","_kad_blocks_head_custom_js":"","_kad_blocks_body_custom_js":"","_kad_blocks_footer_custom_js":"","_kadence_starter_templates_imported_post":false,"_kad_post_transparent":"","_kad_post_title":"","_kad_post_layout":"","_kad_post_sidebar_id":"","_kad_post_content_style":"","_kad_post_vertical_padding":"","_kad_post_feature":"","_kad_post_feature_position":"","_kad_post_header":false,"_kad_post_footer":false,"_kad_post_classname":""},"product_brand":[],"product_cat":[47],"product_tag":[],"class_list":{"0":"post-3884","1":"product","2":"type-product","3":"status-publish","4":"has-post-thumbnail","6":"product_cat-kupeler","8":"first","9":"instock","10":"sale","11":"shipping-taxable","12":"purchasable","13":"product-type-simple","14":"entry","15":"content-bg","16":"loop-entry"},"taxonomy_info":{"product_cat":[{"value":47,"label":"K\u00fcpeler"}]},"featured_image_src_large":["https:\/\/zinetgold.com\/wp-content\/uploads\/2024\/08\/BKP0000926-18K-D-0.83-F-G-SI-212-BD-0.63-F-G-SI-26-11.19-gr.-10956-1024x1024.webp",1024,1024,true],"author_info":[],"comment_info":0,"_links":{"self":[{"href":"https:\/\/zinetgold.com\/tr\/wp-json\/wp\/v2\/product\/3884","targetHints":{"allow":["GET"]}}],"collection":[{"href":"https:\/\/zinetgold.com\/tr\/wp-json\/wp\/v2\/product"}],"about":[{"href":"https:\/\/zinetgold.com\/tr\/wp-json\/wp\/v2\/types\/product"}],"replies":[{"embeddable":true,"href":"https:\/\/zinetgold.com\/tr\/wp-json\/wp\/v2\/comments?post=3884"}],"wp:featuredmedia":[{"embeddable":true,"href":"https:\/\/zinetgold.com\/tr\/wp-json\/wp\/v2\/media\/3357"}],"wp:attachment":[{"href":"https:\/\/zinetgold.com\/tr\/wp-json\/wp\/v2\/media?parent=3884"}],"wp:term":[{"taxonomy":"product_brand","embeddable":true,"href":"https:\/\/zinetgold.com\/tr\/wp-json\/wp\/v2\/product_brand?post=3884"},{"taxonomy":"product_cat","embeddable":true,"href":"https:\/\/zinetgold.com\/tr\/wp-json\/wp\/v2\/product_cat?post=3884"},{"taxonomy":"product_tag","embeddable":true,"href":"https:\/\/zinetgold.com\/tr\/wp-json\/wp\/v2\/product_tag?post=3884"}],"curies":[{"name":"wp","href":"https:\/\/api.w.org\/{rel}","templated":true}]}}