{"id":3885,"date":"2024-08-03T08:08:34","date_gmt":"2024-08-03T05:08:34","guid":{"rendered":"https:\/\/zinetgold.com\/021-karat-lineer-pirlanta-damla-kupe\/"},"modified":"2024-09-06T13:21:33","modified_gmt":"2024-09-06T10:21:33","slug":"021-karat-lineer-pirlanta-damla-kupe","status":"publish","type":"product","link":"https:\/\/zinetgold.com\/tr\/021-karat-lineer-pirlanta-damla-kupe\/","title":{"rendered":"0,21 Karat Lineer P\u0131rlanta Damla K\u00fcpe"},"content":{"rendered":"<p><span style=\"font-family: var(--global-body-font-family);\">Bu \u015f\u0131k ve modern k\u00fcpeler, \u0131\u015f\u0131lt\u0131l\u0131 elmaslarla bezenmi\u015f do\u011frusal bir tasar\u0131ma sahiptir.<br \/>\nUzun siluet, her k\u0131yafeti y\u00fckseltmek i\u00e7in m\u00fckemmel olan sofistike bir g\u00f6r\u00fcn\u00fcm yarat\u0131r.<br \/>\nDetaylara titizlikle \u00f6zen g\u00f6sterilerek \u00fcretilen k\u00fcpeler, 14 ayar Alt\u0131n ile l\u00fcks ve rahat bir kullan\u0131m sa\u011flar.  <\/span><\/p>\n","protected":false},"excerpt":{"rendered":"<p><strong>SKU-BKP0001034 0,21 Karat P\u0131rlanta<\/strong> K\u00fcpe <strong>1,52<\/strong> <strong>gram<\/strong> a\u011f\u0131rl\u0131\u011f\u0131nda y\u00fcksek kalite do\u011fal p\u0131rlantal\u0131 <strong>14 ayar Beyaz Alt\u0131n<\/strong> <\/p>\n<p>&nbsp;<\/p>\n","protected":false},"featured_media":3361,"comment_status":"open","ping_status":"closed","template":"","meta":{"_kad_blocks_custom_css":"","_kad_blocks_head_custom_js":"","_kad_blocks_body_custom_js":"","_kad_blocks_footer_custom_js":"","_kadence_starter_templates_imported_post":false,"_kad_post_transparent":"","_kad_post_title":"","_kad_post_layout":"","_kad_post_sidebar_id":"","_kad_post_content_style":"","_kad_post_vertical_padding":"","_kad_post_feature":"","_kad_post_feature_position":"","_kad_post_header":false,"_kad_post_footer":false,"_kad_post_classname":""},"product_brand":[],"product_cat":[47],"product_tag":[],"class_list":{"0":"post-3885","1":"product","2":"type-product","3":"status-publish","4":"has-post-thumbnail","6":"product_cat-kupeler","8":"first","9":"instock","10":"sale","11":"shipping-taxable","12":"purchasable","13":"product-type-simple","14":"entry","15":"content-bg","16":"loop-entry"},"taxonomy_info":{"product_cat":[{"value":47,"label":"K\u00fcpeler"}]},"featured_image_src_large":["https:\/\/zinetgold.com\/wp-content\/uploads\/2024\/08\/BKP0001034-14K-D-0.14-F-G-SI-6-BD-0.21-F-G-SI-8-1.52-gr.-1650-1024x1024.webp",1024,1024,true],"author_info":[],"comment_info":0,"_links":{"self":[{"href":"https:\/\/zinetgold.com\/tr\/wp-json\/wp\/v2\/product\/3885","targetHints":{"allow":["GET"]}}],"collection":[{"href":"https:\/\/zinetgold.com\/tr\/wp-json\/wp\/v2\/product"}],"about":[{"href":"https:\/\/zinetgold.com\/tr\/wp-json\/wp\/v2\/types\/product"}],"replies":[{"embeddable":true,"href":"https:\/\/zinetgold.com\/tr\/wp-json\/wp\/v2\/comments?post=3885"}],"wp:featuredmedia":[{"embeddable":true,"href":"https:\/\/zinetgold.com\/tr\/wp-json\/wp\/v2\/media\/3361"}],"wp:attachment":[{"href":"https:\/\/zinetgold.com\/tr\/wp-json\/wp\/v2\/media?parent=3885"}],"wp:term":[{"taxonomy":"product_brand","embeddable":true,"href":"https:\/\/zinetgold.com\/tr\/wp-json\/wp\/v2\/product_brand?post=3885"},{"taxonomy":"product_cat","embeddable":true,"href":"https:\/\/zinetgold.com\/tr\/wp-json\/wp\/v2\/product_cat?post=3885"},{"taxonomy":"product_tag","embeddable":true,"href":"https:\/\/zinetgold.com\/tr\/wp-json\/wp\/v2\/product_tag?post=3885"}],"curies":[{"name":"wp","href":"https:\/\/api.w.org\/{rel}","templated":true}]}}