{"id":3886,"date":"2024-08-01T23:22:42","date_gmt":"2024-08-01T20:22:42","guid":{"rendered":"https:\/\/zinetgold.com\/140-karat-pirlanta-damla-kupe\/"},"modified":"2024-09-06T13:21:35","modified_gmt":"2024-09-06T10:21:35","slug":"140-karat-pirlanta-damla-kupe","status":"publish","type":"product","link":"https:\/\/zinetgold.com\/tr\/140-karat-pirlanta-damla-kupe\/","title":{"rendered":"1,40 Karat P\u0131rlanta Damla K\u00fcpe"},"content":{"rendered":"<p>Regal Radiance P\u0131rlanta Damla K\u00fcpeler, zamans\u0131z zarafet ve modern yetene\u011fin \u00e7arp\u0131c\u0131 bir birle\u015fimini sergiliyor.<br \/>\nBu k\u00fcpeler, yuvarlak ve baget kesim p\u0131rlantalar\u0131n dikey dizilimiyle e\u015fsiz bir sekizgen kolye ucunda son buluyor.<br \/>\nKolye ucu, parlak yuvarlak elmaslardan olu\u015fan bir hale ile \u00e7evrelenmi\u015f merkezi baget elmas koleksiyonu ile g\u00fczel bir \u015fekilde s\u00fcslenmi\u015ftir.<br \/>\nParlak 14 ayar beyaz alt\u0131ndan \u00fcretilen bu k\u00fcpeler, her k\u0131yafeti b\u00fcy\u00fcleyecek ve g\u00fczelle\u015ftirecek \u015fekilde tasarlanm\u0131\u015ft\u0131r; bu da onlar\u0131 \u00f6zel etkinlikler i\u00e7in veya g\u00fcnl\u00fck k\u0131yafetlere l\u00fcks bir dokunu\u015f katmak i\u00e7in ideal bir aksesuar haline getirir.   <\/p>\n","protected":false},"excerpt":{"rendered":"<p><strong>SKU-BKP0000849 1,40 Karat P\u0131rlanta<\/strong> K\u00fcpe <strong>7,42 gram<\/strong> a\u011f\u0131rl\u0131\u011f\u0131nda y\u00fcksek kaliteli do\u011fal p\u0131rlantal\u0131 <strong>14 ayar Beyaz Alt\u0131n<\/strong> <\/p>\n<p>&nbsp;<\/p>\n","protected":false},"featured_media":3356,"comment_status":"open","ping_status":"closed","template":"","meta":{"_kad_blocks_custom_css":"","_kad_blocks_head_custom_js":"","_kad_blocks_body_custom_js":"","_kad_blocks_footer_custom_js":"","_kadence_starter_templates_imported_post":false,"_kad_post_transparent":"","_kad_post_title":"","_kad_post_layout":"","_kad_post_sidebar_id":"","_kad_post_content_style":"","_kad_post_vertical_padding":"","_kad_post_feature":"","_kad_post_feature_position":"","_kad_post_header":false,"_kad_post_footer":false,"_kad_post_classname":""},"product_brand":[],"product_cat":[47],"product_tag":[],"class_list":{"0":"post-3886","1":"product","2":"type-product","3":"status-publish","4":"has-post-thumbnail","6":"product_cat-kupeler","8":"first","9":"instock","10":"sale","11":"shipping-taxable","12":"purchasable","13":"product-type-simple","14":"entry","15":"content-bg","16":"loop-entry"},"taxonomy_info":{"product_cat":[{"value":47,"label":"K\u00fcpeler"}]},"featured_image_src_large":["https:\/\/zinetgold.com\/wp-content\/uploads\/2024\/08\/BKP0000849-14K-BD_-0.98-F-G-SI-42-D-1.40-F-G-SI-134-7.42-gr.-9944-1024x1024.webp",1024,1024,true],"author_info":[],"comment_info":0,"_links":{"self":[{"href":"https:\/\/zinetgold.com\/tr\/wp-json\/wp\/v2\/product\/3886","targetHints":{"allow":["GET"]}}],"collection":[{"href":"https:\/\/zinetgold.com\/tr\/wp-json\/wp\/v2\/product"}],"about":[{"href":"https:\/\/zinetgold.com\/tr\/wp-json\/wp\/v2\/types\/product"}],"replies":[{"embeddable":true,"href":"https:\/\/zinetgold.com\/tr\/wp-json\/wp\/v2\/comments?post=3886"}],"wp:featuredmedia":[{"embeddable":true,"href":"https:\/\/zinetgold.com\/tr\/wp-json\/wp\/v2\/media\/3356"}],"wp:attachment":[{"href":"https:\/\/zinetgold.com\/tr\/wp-json\/wp\/v2\/media?parent=3886"}],"wp:term":[{"taxonomy":"product_brand","embeddable":true,"href":"https:\/\/zinetgold.com\/tr\/wp-json\/wp\/v2\/product_brand?post=3886"},{"taxonomy":"product_cat","embeddable":true,"href":"https:\/\/zinetgold.com\/tr\/wp-json\/wp\/v2\/product_cat?post=3886"},{"taxonomy":"product_tag","embeddable":true,"href":"https:\/\/zinetgold.com\/tr\/wp-json\/wp\/v2\/product_tag?post=3886"}],"curies":[{"name":"wp","href":"https:\/\/api.w.org\/{rel}","templated":true}]}}