{"id":3887,"date":"2024-08-03T08:02:22","date_gmt":"2024-08-03T05:02:22","guid":{"rendered":"https:\/\/zinetgold.com\/045-karat-elegance-pirlanta-kupe\/"},"modified":"2024-09-06T13:21:37","modified_gmt":"2024-09-06T10:21:37","slug":"045-karat-elegance-pirlanta-kupe","status":"publish","type":"product","link":"https:\/\/zinetgold.com\/tr\/045-karat-elegance-pirlanta-kupe\/","title":{"rendered":"0,45 Karat Elegance P\u0131rlanta K\u00fcpe"},"content":{"rendered":"<p>Elegance Diamond Drops, do\u011fal g\u00fczellik ve rafine sofistikeli\u011fin \u00e7arp\u0131c\u0131 bir kar\u0131\u015f\u0131m\u0131d\u0131r.<br \/>\nBu k\u00fcpeler, daha k\u00fc\u00e7\u00fck elmaslardan olu\u015fan bir haleyle \u00e7er\u00e7evelenmi\u015f \u00e7arp\u0131c\u0131 bir z\u00fcmr\u00fct kesim p\u0131rlanta kolyeye giden, elmas kapl\u0131 yaprak \u015feklindeki ba\u011flant\u0131lardan olu\u015fan basamakl\u0131 bir tasar\u0131ma sahiptir.<br \/>\nI\u015f\u0131lt\u0131l\u0131 18 ayar beyaz alt\u0131ndan \u00fcretilen bu k\u00fcpeler, \u0131\u015f\u0131\u011f\u0131 ve dikkati yakalamak i\u00e7in titizlikle \u00fcretilmi\u015ftir ve hem \u00f6zel g\u00fcnler i\u00e7in hem de g\u00fcnl\u00fck giyime sofistike bir dokunu\u015f katmak i\u00e7in m\u00fckemmel bir aksesuard\u0131r.  <\/p>\n","protected":false},"excerpt":{"rendered":"<p><strong>SKU-BKP0001010 0,45 Karat P\u0131rlanta<\/strong> K\u00fcpe <strong>7,77 gram<\/strong> a\u011f\u0131rl\u0131\u011f\u0131nda y\u00fcksek kalite do\u011fal p\u0131rlantal\u0131 <strong>18 ayar Beyaz Alt\u0131n<\/strong> <\/p>\n<p>&nbsp;<\/p>\n<p>&nbsp;<\/p>\n","protected":false},"featured_media":3360,"comment_status":"open","ping_status":"closed","template":"","meta":{"_kad_blocks_custom_css":"","_kad_blocks_head_custom_js":"","_kad_blocks_body_custom_js":"","_kad_blocks_footer_custom_js":"","_kadence_starter_templates_imported_post":false,"_kad_post_transparent":"","_kad_post_title":"","_kad_post_layout":"","_kad_post_sidebar_id":"","_kad_post_content_style":"","_kad_post_vertical_padding":"","_kad_post_feature":"","_kad_post_feature_position":"","_kad_post_header":false,"_kad_post_footer":false,"_kad_post_classname":""},"product_brand":[],"product_cat":[47],"product_tag":[],"class_list":{"0":"post-3887","1":"product","2":"type-product","3":"status-publish","4":"has-post-thumbnail","6":"product_cat-kupeler","8":"first","9":"instock","10":"sale","11":"shipping-taxable","12":"purchasable","13":"product-type-simple","14":"entry","15":"content-bg","16":"loop-entry"},"taxonomy_info":{"product_cat":[{"value":47,"label":"K\u00fcpeler"}]},"featured_image_src_large":["https:\/\/zinetgold.com\/wp-content\/uploads\/2024\/08\/BKP0001010-18K-D-1.98-F-G-SI-48-BD-0.45-F-G-SI-10-7.77-gr.-12683-1024x1024.webp",1024,1024,true],"author_info":[],"comment_info":0,"_links":{"self":[{"href":"https:\/\/zinetgold.com\/tr\/wp-json\/wp\/v2\/product\/3887","targetHints":{"allow":["GET"]}}],"collection":[{"href":"https:\/\/zinetgold.com\/tr\/wp-json\/wp\/v2\/product"}],"about":[{"href":"https:\/\/zinetgold.com\/tr\/wp-json\/wp\/v2\/types\/product"}],"replies":[{"embeddable":true,"href":"https:\/\/zinetgold.com\/tr\/wp-json\/wp\/v2\/comments?post=3887"}],"wp:featuredmedia":[{"embeddable":true,"href":"https:\/\/zinetgold.com\/tr\/wp-json\/wp\/v2\/media\/3360"}],"wp:attachment":[{"href":"https:\/\/zinetgold.com\/tr\/wp-json\/wp\/v2\/media?parent=3887"}],"wp:term":[{"taxonomy":"product_brand","embeddable":true,"href":"https:\/\/zinetgold.com\/tr\/wp-json\/wp\/v2\/product_brand?post=3887"},{"taxonomy":"product_cat","embeddable":true,"href":"https:\/\/zinetgold.com\/tr\/wp-json\/wp\/v2\/product_cat?post=3887"},{"taxonomy":"product_tag","embeddable":true,"href":"https:\/\/zinetgold.com\/tr\/wp-json\/wp\/v2\/product_tag?post=3887"}],"curies":[{"name":"wp","href":"https:\/\/api.w.org\/{rel}","templated":true}]}}