{"id":3888,"date":"2024-08-01T23:12:22","date_gmt":"2024-08-01T20:12:22","guid":{"rendered":"https:\/\/zinetgold.com\/185-karat-pirlanta-kupe\/"},"modified":"2024-09-06T13:21:38","modified_gmt":"2024-09-06T10:21:38","slug":"185-karat-pirlanta-kupe","status":"publish","type":"product","link":"https:\/\/zinetgold.com\/tr\/185-karat-pirlanta-kupe\/","title":{"rendered":"1,85 Karat P\u0131rlanta K\u00fcpe"},"content":{"rendered":"<p>Regal Radiance P\u0131rlanta Damla K\u00fcpe, klasik zarafetin ve \u00e7a\u011fda\u015f sofistikeli\u011fin zarif bir kar\u0131\u015f\u0131m\u0131d\u0131r.<br \/>\nBu k\u00fcpeler, yuvarlak ve baget kesim p\u0131rlantalar\u0131n dikey dizilimiyle sekizgen bir kolye ucuna ula\u015f\u0131yor.<br \/>\nKolye ucu, \u0131\u015f\u0131lt\u0131l\u0131 yuvarlak elmaslardan olu\u015fan bir hale ile \u00e7er\u00e7evelenmi\u015f merkezi bir baget elmas k\u00fcmesi ile karma\u015f\u0131k bir \u015fekilde s\u00fcslenmi\u015ftir.<br \/>\nI\u015f\u0131lt\u0131l\u0131 14 ayar beyaz alt\u0131ndan \u00fcretilen bu k\u00fcpeler, \u00f6zel g\u00fcnler i\u00e7in m\u00fckemmel bir aksesuar olman\u0131n yan\u0131 s\u0131ra g\u00fcnl\u00fck g\u00f6r\u00fcn\u00fcm\u00fcn\u00fcze l\u00fcks bir dokunu\u015f katarak her t\u00fcrl\u00fc kombini b\u00fcy\u00fcleyecek ve y\u00fckseltecek \u015fekilde \u00fcretilmi\u015ftir.   <\/p>\n","protected":false},"excerpt":{"rendered":"<p><strong>SKU-BKP0000843 1,85 Karat P\u0131rlanta<\/strong> K\u00fcpe <strong>7,58 gram<\/strong> a\u011f\u0131rl\u0131\u011f\u0131nda y\u00fcksek kaliteli do\u011fal p\u0131rlantal\u0131 <strong>14 ayar Beyaz Alt\u0131n<\/strong> <\/p>\n","protected":false},"featured_media":3355,"comment_status":"open","ping_status":"closed","template":"","meta":{"_kad_blocks_custom_css":"","_kad_blocks_head_custom_js":"","_kad_blocks_body_custom_js":"","_kad_blocks_footer_custom_js":"","_kadence_starter_templates_imported_post":false,"_kad_post_transparent":"","_kad_post_title":"","_kad_post_layout":"","_kad_post_sidebar_id":"","_kad_post_content_style":"","_kad_post_vertical_padding":"","_kad_post_feature":"","_kad_post_feature_position":"","_kad_post_header":false,"_kad_post_footer":false,"_kad_post_classname":""},"product_brand":[],"product_cat":[47],"product_tag":[],"class_list":{"0":"post-3888","1":"product","2":"type-product","3":"status-publish","4":"has-post-thumbnail","6":"product_cat-kupeler","8":"first","9":"instock","10":"sale","11":"shipping-taxable","12":"purchasable","13":"product-type-simple","14":"entry","15":"content-bg","16":"loop-entry"},"taxonomy_info":{"product_cat":[{"value":47,"label":"K\u00fcpeler"}]},"featured_image_src_large":["https:\/\/zinetgold.com\/wp-content\/uploads\/2024\/08\/BKP0000843-14K-D-0.82-F-G-SI-152-BD-1.85-F-G-SI-58-7.58-gr.-12375-1024x1024.webp",1024,1024,true],"author_info":[],"comment_info":0,"_links":{"self":[{"href":"https:\/\/zinetgold.com\/tr\/wp-json\/wp\/v2\/product\/3888","targetHints":{"allow":["GET"]}}],"collection":[{"href":"https:\/\/zinetgold.com\/tr\/wp-json\/wp\/v2\/product"}],"about":[{"href":"https:\/\/zinetgold.com\/tr\/wp-json\/wp\/v2\/types\/product"}],"replies":[{"embeddable":true,"href":"https:\/\/zinetgold.com\/tr\/wp-json\/wp\/v2\/comments?post=3888"}],"wp:featuredmedia":[{"embeddable":true,"href":"https:\/\/zinetgold.com\/tr\/wp-json\/wp\/v2\/media\/3355"}],"wp:attachment":[{"href":"https:\/\/zinetgold.com\/tr\/wp-json\/wp\/v2\/media?parent=3888"}],"wp:term":[{"taxonomy":"product_brand","embeddable":true,"href":"https:\/\/zinetgold.com\/tr\/wp-json\/wp\/v2\/product_brand?post=3888"},{"taxonomy":"product_cat","embeddable":true,"href":"https:\/\/zinetgold.com\/tr\/wp-json\/wp\/v2\/product_cat?post=3888"},{"taxonomy":"product_tag","embeddable":true,"href":"https:\/\/zinetgold.com\/tr\/wp-json\/wp\/v2\/product_tag?post=3888"}],"curies":[{"name":"wp","href":"https:\/\/api.w.org\/{rel}","templated":true}]}}