{"id":3890,"date":"2024-08-01T22:51:12","date_gmt":"2024-08-01T19:51:12","guid":{"rendered":"https:\/\/zinetgold.com\/010-karat-kademeli-pirlanta-damla-kupe\/"},"modified":"2024-09-06T13:21:41","modified_gmt":"2024-09-06T10:21:41","slug":"010-karat-kademeli-pirlanta-damla-kupe","status":"publish","type":"product","link":"https:\/\/zinetgold.com\/tr\/010-karat-kademeli-pirlanta-damla-kupe\/","title":{"rendered":"0,10 Karat Kademeli P\u0131rlanta Damla K\u00fcpe"},"content":{"rendered":"<p>Zarif Kademeli P\u0131rlanta Damla K\u00fcpe, zamans\u0131z cazibe ve modern zarafetin uyumlu bir kar\u0131\u015f\u0131m\u0131n\u0131 temsil ediyor.<br \/>\nYuvarlak ve baget kesim p\u0131rlantalar\u0131n dikey olarak s\u0131raland\u0131\u011f\u0131 bu k\u00fcpeler, \u00e7arp\u0131c\u0131 bir g\u00f6zya\u015f\u0131 damlas\u0131 kolye ucuyla son buluyor.<br \/>\nKolye ucu baget p\u0131rlantalarla karma\u015f\u0131k bir \u015fekilde s\u00fcslenerek b\u00fcy\u00fcleyici bir odak noktas\u0131 olu\u015fturuyor.<br \/>\nI\u015f\u0131lt\u0131l\u0131 14 ayar beyaz alt\u0131ndan \u00fcretilen bu k\u00fcpeler, hem \u00f6zel g\u00fcnler hem de g\u00fcnl\u00fck g\u00f6r\u00fcn\u00fcmler i\u00e7in m\u00fckemmeldir ve her tak\u0131ma l\u00fcks bir dokunu\u015f katmak \u00fczere tasarlanm\u0131\u015ft\u0131r.   <\/p>\n","protected":false},"excerpt":{"rendered":"<p><strong>SKU-BKP0000807 0.10 Karat P\u0131rlanta<\/strong> K\u00fcpe <strong>1.88 gram<\/strong> a\u011f\u0131rl\u0131\u011f\u0131nda y\u00fcksek kalite do\u011fal p\u0131rlantal\u0131 <strong>14 ayar Beyaz Alt\u0131n<\/strong> <\/p>\n<p>&nbsp;<\/p>\n<p>&nbsp;<\/p>\n","protected":false},"featured_media":3354,"comment_status":"open","ping_status":"closed","template":"","meta":{"_kad_blocks_custom_css":"","_kad_blocks_head_custom_js":"","_kad_blocks_body_custom_js":"","_kad_blocks_footer_custom_js":"","_kadence_starter_templates_imported_post":false,"_kad_post_transparent":"","_kad_post_title":"","_kad_post_layout":"","_kad_post_sidebar_id":"","_kad_post_content_style":"","_kad_post_vertical_padding":"","_kad_post_feature":"","_kad_post_feature_position":"","_kad_post_header":false,"_kad_post_footer":false,"_kad_post_classname":""},"product_brand":[],"product_cat":[47],"product_tag":[],"class_list":{"0":"post-3890","1":"product","2":"type-product","3":"status-publish","4":"has-post-thumbnail","6":"product_cat-kupeler","8":"first","9":"instock","10":"sale","11":"shipping-taxable","12":"purchasable","13":"product-type-simple","14":"entry","15":"content-bg","16":"loop-entry"},"taxonomy_info":{"product_cat":[{"value":47,"label":"K\u00fcpeler"}]},"featured_image_src_large":["https:\/\/zinetgold.com\/wp-content\/uploads\/2024\/08\/BKP0000807-14K-D-0.19-F-G-SI-34-BD-0.10-F-G-SI-6-1.88-gr.-1694-1024x1024.webp",1024,1024,true],"author_info":[],"comment_info":0,"_links":{"self":[{"href":"https:\/\/zinetgold.com\/tr\/wp-json\/wp\/v2\/product\/3890","targetHints":{"allow":["GET"]}}],"collection":[{"href":"https:\/\/zinetgold.com\/tr\/wp-json\/wp\/v2\/product"}],"about":[{"href":"https:\/\/zinetgold.com\/tr\/wp-json\/wp\/v2\/types\/product"}],"replies":[{"embeddable":true,"href":"https:\/\/zinetgold.com\/tr\/wp-json\/wp\/v2\/comments?post=3890"}],"wp:featuredmedia":[{"embeddable":true,"href":"https:\/\/zinetgold.com\/tr\/wp-json\/wp\/v2\/media\/3354"}],"wp:attachment":[{"href":"https:\/\/zinetgold.com\/tr\/wp-json\/wp\/v2\/media?parent=3890"}],"wp:term":[{"taxonomy":"product_brand","embeddable":true,"href":"https:\/\/zinetgold.com\/tr\/wp-json\/wp\/v2\/product_brand?post=3890"},{"taxonomy":"product_cat","embeddable":true,"href":"https:\/\/zinetgold.com\/tr\/wp-json\/wp\/v2\/product_cat?post=3890"},{"taxonomy":"product_tag","embeddable":true,"href":"https:\/\/zinetgold.com\/tr\/wp-json\/wp\/v2\/product_tag?post=3890"}],"curies":[{"name":"wp","href":"https:\/\/api.w.org\/{rel}","templated":true}]}}