{"id":3891,"date":"2024-08-03T07:46:31","date_gmt":"2024-08-03T04:46:31","guid":{"rendered":"https:\/\/zinetgold.com\/017-karat-luxe-line-pirlanta-damla\/"},"modified":"2024-09-06T13:21:42","modified_gmt":"2024-09-06T10:21:42","slug":"017-karat-luxe-line-pirlanta-damla","status":"publish","type":"product","link":"https:\/\/zinetgold.com\/tr\/017-karat-luxe-line-pirlanta-damla\/","title":{"rendered":"0,17 Karat Luxe Line P\u0131rlanta Damla"},"content":{"rendered":"<p>Luxe Line Diamond Drops, klasik zarafet ve \u00e7a\u011fda\u015f tasar\u0131m\u0131n sofistike bir kar\u0131\u015f\u0131m\u0131d\u0131r.<br \/>\nBu k\u00fcpeler, yuvarlak ve baget kesim p\u0131rlantalardan olu\u015fan dikey bir diziye sahiptir ve ay\u0131rt edici bir kare kolye ucuyla sonu\u00e7lan\u0131r.<br \/>\nHer bir p\u0131rlanta, \u0131\u015f\u0131lt\u0131l\u0131 14 ayar beyaz alt\u0131nla titizlikle i\u015flenerek \u00e7arp\u0131c\u0131 bir \u0131\u015f\u0131k ve parlakl\u0131k g\u00f6sterisi yarat\u0131yor.<br \/>\n\u00d6zel g\u00fcnler i\u00e7in m\u00fckemmel olan veya g\u00fcnl\u00fck giyime l\u00fcks bir dokunu\u015f katan bu k\u00fcpeler, her kombini b\u00fcy\u00fclemek ve geli\u015ftirmek i\u00e7in tasarlanm\u0131\u015ft\u0131r.   <\/p>\n","protected":false},"excerpt":{"rendered":"<p><strong>SKU-BKP0000999 0.17 Karat P\u0131rlanta<\/strong> K\u00fcpe <strong>3.82 gram<\/strong> a\u011f\u0131rl\u0131\u011f\u0131nda y\u00fcksek kalite do\u011fal p\u0131rlantal\u0131 <strong>14 ayar Beyaz Alt\u0131n<\/strong> <\/p>\n<p>&nbsp;<\/p>\n<p>&nbsp;<\/p>\n","protected":false},"featured_media":3358,"comment_status":"open","ping_status":"closed","template":"","meta":{"_kad_blocks_custom_css":"","_kad_blocks_head_custom_js":"","_kad_blocks_body_custom_js":"","_kad_blocks_footer_custom_js":"","_kadence_starter_templates_imported_post":false,"_kad_post_transparent":"","_kad_post_title":"","_kad_post_layout":"","_kad_post_sidebar_id":"","_kad_post_content_style":"","_kad_post_vertical_padding":"","_kad_post_feature":"","_kad_post_feature_position":"","_kad_post_header":false,"_kad_post_footer":false,"_kad_post_classname":""},"product_brand":[],"product_cat":[47],"product_tag":[],"class_list":{"0":"post-3891","1":"product","2":"type-product","3":"status-publish","4":"has-post-thumbnail","6":"product_cat-kupeler","8":"first","9":"instock","10":"sale","11":"shipping-taxable","12":"purchasable","13":"product-type-simple","14":"entry","15":"content-bg","16":"loop-entry"},"taxonomy_info":{"product_cat":[{"value":47,"label":"K\u00fcpeler"}]},"featured_image_src_large":["https:\/\/zinetgold.com\/wp-content\/uploads\/2024\/08\/BKP0000999-14K-D-0.56-F-G-SI-54-BD-0.17-F-G-SI-6-3.82-gr.-3641-1024x1024.webp",1024,1024,true],"author_info":[],"comment_info":0,"_links":{"self":[{"href":"https:\/\/zinetgold.com\/tr\/wp-json\/wp\/v2\/product\/3891","targetHints":{"allow":["GET"]}}],"collection":[{"href":"https:\/\/zinetgold.com\/tr\/wp-json\/wp\/v2\/product"}],"about":[{"href":"https:\/\/zinetgold.com\/tr\/wp-json\/wp\/v2\/types\/product"}],"replies":[{"embeddable":true,"href":"https:\/\/zinetgold.com\/tr\/wp-json\/wp\/v2\/comments?post=3891"}],"wp:featuredmedia":[{"embeddable":true,"href":"https:\/\/zinetgold.com\/tr\/wp-json\/wp\/v2\/media\/3358"}],"wp:attachment":[{"href":"https:\/\/zinetgold.com\/tr\/wp-json\/wp\/v2\/media?parent=3891"}],"wp:term":[{"taxonomy":"product_brand","embeddable":true,"href":"https:\/\/zinetgold.com\/tr\/wp-json\/wp\/v2\/product_brand?post=3891"},{"taxonomy":"product_cat","embeddable":true,"href":"https:\/\/zinetgold.com\/tr\/wp-json\/wp\/v2\/product_cat?post=3891"},{"taxonomy":"product_tag","embeddable":true,"href":"https:\/\/zinetgold.com\/tr\/wp-json\/wp\/v2\/product_tag?post=3891"}],"curies":[{"name":"wp","href":"https:\/\/api.w.org\/{rel}","templated":true}]}}