{"id":3893,"date":"2024-08-01T20:39:48","date_gmt":"2024-08-01T17:39:48","guid":{"rendered":"https:\/\/zinetgold.com\/008-karat-pirlanta-damla-kupe\/"},"modified":"2024-09-06T13:21:48","modified_gmt":"2024-09-06T10:21:48","slug":"008-karat-pirlanta-damla-kupe","status":"publish","type":"product","link":"https:\/\/zinetgold.com\/tr\/008-karat-pirlanta-damla-kupe\/","title":{"rendered":"0,08 Karat P\u0131rlanta Damla K\u00fcpe"},"content":{"rendered":"<p>&#8220;Regal Radiance&#8221; p\u0131rlanta damla k\u00fcpeler, zamans\u0131z zarafet ve \u00e7a\u011fda\u015f stilin m\u00fckemmel bir birle\u015fimini temsil ediyor.<br \/>\nBu k\u00fcpeler, yuvarlak ve baget kesim p\u0131rlantalardan olu\u015fan dikey bir kademeye sahiptir ve zarif bir sekizgen kolye ucuyla son bulur.<br \/>\nKolye ucu, g\u00f6z kama\u015ft\u0131r\u0131c\u0131 yuvarlak p\u0131rlanta halesiyle \u00e7evrili merkezi bir baget p\u0131rlanta k\u00fcmesine sahiptir.<br \/>\nI\u015f\u0131lt\u0131l\u0131 14 ayar beyaz alt\u0131ndan \u00fcretilen &#8220;Regal Radiance&#8221; k\u00fcpeler, her k\u0131yafeti b\u00fcy\u00fcleyecek ve g\u00fczelle\u015ftirecek \u015fekilde tasarlanm\u0131\u015ft\u0131r; bu da onlar\u0131 hem \u00f6zel g\u00fcnler i\u00e7in hem de g\u00fcnl\u00fck kullan\u0131m\u0131n\u0131za zenginlik katmak i\u00e7in ideal k\u0131lar.   <\/p>\n","protected":false},"excerpt":{"rendered":"<p><strong>SKU-BKP0000712 0.08 Karat P\u0131rlanta<\/strong> K\u00fcpe <strong>1.47 gram<\/strong> a\u011f\u0131rl\u0131\u011f\u0131nda y\u00fcksek kalite do\u011fal p\u0131rlantal\u0131 <strong>14 ayar Beyaz Alt\u0131n<\/strong> <\/p>\n<p>&nbsp;<\/p>\n","protected":false},"featured_media":3352,"comment_status":"open","ping_status":"closed","template":"","meta":{"_kad_blocks_custom_css":"","_kad_blocks_head_custom_js":"","_kad_blocks_body_custom_js":"","_kad_blocks_footer_custom_js":"","_kadence_starter_templates_imported_post":false,"_kad_post_transparent":"","_kad_post_title":"","_kad_post_layout":"","_kad_post_sidebar_id":"","_kad_post_content_style":"","_kad_post_vertical_padding":"","_kad_post_feature":"","_kad_post_feature_position":"","_kad_post_header":false,"_kad_post_footer":false,"_kad_post_classname":""},"product_brand":[],"product_cat":[47],"product_tag":[],"class_list":{"0":"post-3893","1":"product","2":"type-product","3":"status-publish","4":"has-post-thumbnail","6":"product_cat-kupeler","8":"first","9":"instock","10":"sale","11":"shipping-taxable","12":"purchasable","13":"product-type-simple","14":"entry","15":"content-bg","16":"loop-entry"},"taxonomy_info":{"product_cat":[{"value":47,"label":"K\u00fcpeler"}]},"featured_image_src_large":["https:\/\/zinetgold.com\/wp-content\/uploads\/2024\/08\/BKP0000712-14K-D-0.34-F-G-SI-30-BD-0.08-F-G-SI-4-1.47-gr.-1848-1024x1024.webp",1024,1024,true],"author_info":[],"comment_info":0,"_links":{"self":[{"href":"https:\/\/zinetgold.com\/tr\/wp-json\/wp\/v2\/product\/3893","targetHints":{"allow":["GET"]}}],"collection":[{"href":"https:\/\/zinetgold.com\/tr\/wp-json\/wp\/v2\/product"}],"about":[{"href":"https:\/\/zinetgold.com\/tr\/wp-json\/wp\/v2\/types\/product"}],"replies":[{"embeddable":true,"href":"https:\/\/zinetgold.com\/tr\/wp-json\/wp\/v2\/comments?post=3893"}],"wp:featuredmedia":[{"embeddable":true,"href":"https:\/\/zinetgold.com\/tr\/wp-json\/wp\/v2\/media\/3352"}],"wp:attachment":[{"href":"https:\/\/zinetgold.com\/tr\/wp-json\/wp\/v2\/media?parent=3893"}],"wp:term":[{"taxonomy":"product_brand","embeddable":true,"href":"https:\/\/zinetgold.com\/tr\/wp-json\/wp\/v2\/product_brand?post=3893"},{"taxonomy":"product_cat","embeddable":true,"href":"https:\/\/zinetgold.com\/tr\/wp-json\/wp\/v2\/product_cat?post=3893"},{"taxonomy":"product_tag","embeddable":true,"href":"https:\/\/zinetgold.com\/tr\/wp-json\/wp\/v2\/product_tag?post=3893"}],"curies":[{"name":"wp","href":"https:\/\/api.w.org\/{rel}","templated":true}]}}