{"id":3894,"date":"2024-08-01T19:48:51","date_gmt":"2024-08-01T16:48:51","guid":{"rendered":"https:\/\/zinetgold.com\/016-karat-pirlanta-damla-kupe\/"},"modified":"2024-09-06T13:21:48","modified_gmt":"2024-09-06T10:21:48","slug":"016-karat-pirlanta-damla-kupe","status":"publish","type":"product","link":"https:\/\/zinetgold.com\/tr\/016-karat-pirlanta-damla-kupe\/","title":{"rendered":"0,16 Karat P\u0131rlanta Damla K\u00fcpe"},"content":{"rendered":"<p>&#8220;Timeless Brilliance&#8221; p\u0131rlanta damla k\u00fcpeler, zarafet ve sofistikeli\u011fin \u00e7arp\u0131c\u0131 bir g\u00f6stergesi.<br \/>\nBu k\u00fcpeler, \u0131\u015f\u0131lt\u0131l\u0131 yuvarlak ve baget kesim p\u0131rlantalardan olu\u015fan dikey bir \u00e7izgiye sahiptir ve g\u00fczelce i\u015flenmi\u015f sekizgen bir kolye ucuyla sonu\u00e7lan\u0131r.<br \/>\nKolye ucunun merkezi baget p\u0131rlanta dizilimi ile s\u00fcslenmi\u015f olup, etraf\u0131 par\u0131ldayan yuvarlak p\u0131rlantalardan olu\u015fan bir hale ile \u00e7evrilidir.<br \/>\nBozulmam\u0131\u015f 14 ayar beyaz alt\u0131ndan yap\u0131lm\u0131\u015ft\u0131r.   <\/p>\n","protected":false},"excerpt":{"rendered":"<p><strong>SKU-BKP0000432<\/strong> 0.16 Karat <strong>P\u0131rlanta<\/strong> K\u00fcpe <strong>6.11 gram<\/strong> a\u011f\u0131rl\u0131\u011f\u0131nda y\u00fcksek kalite do\u011fal p\u0131rlantal\u0131 <strong>14 ayar Beyaz Alt\u0131n<\/strong> <\/p>\n<p>&nbsp;<\/p>\n","protected":false},"featured_media":3347,"comment_status":"open","ping_status":"closed","template":"","meta":{"_kad_blocks_custom_css":"","_kad_blocks_head_custom_js":"","_kad_blocks_body_custom_js":"","_kad_blocks_footer_custom_js":"","_kadence_starter_templates_imported_post":false,"_kad_post_transparent":"","_kad_post_title":"","_kad_post_layout":"","_kad_post_sidebar_id":"","_kad_post_content_style":"","_kad_post_vertical_padding":"","_kad_post_feature":"","_kad_post_feature_position":"","_kad_post_header":false,"_kad_post_footer":false,"_kad_post_classname":""},"product_brand":[],"product_cat":[47],"product_tag":[],"class_list":{"0":"post-3894","1":"product","2":"type-product","3":"status-publish","4":"has-post-thumbnail","6":"product_cat-kupeler","8":"first","9":"instock","10":"sale","11":"shipping-taxable","12":"purchasable","13":"product-type-simple","14":"entry","15":"content-bg","16":"loop-entry"},"taxonomy_info":{"product_cat":[{"value":47,"label":"K\u00fcpeler"}]},"featured_image_src_large":["https:\/\/zinetgold.com\/wp-content\/uploads\/2024\/08\/BKP0000432-14K-D-1.45-F-G-SI-92-BD-0.16-F-G-SI-6-6.11-gr.-6743-1024x1024.webp",1024,1024,true],"author_info":[],"comment_info":0,"_links":{"self":[{"href":"https:\/\/zinetgold.com\/tr\/wp-json\/wp\/v2\/product\/3894","targetHints":{"allow":["GET"]}}],"collection":[{"href":"https:\/\/zinetgold.com\/tr\/wp-json\/wp\/v2\/product"}],"about":[{"href":"https:\/\/zinetgold.com\/tr\/wp-json\/wp\/v2\/types\/product"}],"replies":[{"embeddable":true,"href":"https:\/\/zinetgold.com\/tr\/wp-json\/wp\/v2\/comments?post=3894"}],"wp:featuredmedia":[{"embeddable":true,"href":"https:\/\/zinetgold.com\/tr\/wp-json\/wp\/v2\/media\/3347"}],"wp:attachment":[{"href":"https:\/\/zinetgold.com\/tr\/wp-json\/wp\/v2\/media?parent=3894"}],"wp:term":[{"taxonomy":"product_brand","embeddable":true,"href":"https:\/\/zinetgold.com\/tr\/wp-json\/wp\/v2\/product_brand?post=3894"},{"taxonomy":"product_cat","embeddable":true,"href":"https:\/\/zinetgold.com\/tr\/wp-json\/wp\/v2\/product_cat?post=3894"},{"taxonomy":"product_tag","embeddable":true,"href":"https:\/\/zinetgold.com\/tr\/wp-json\/wp\/v2\/product_tag?post=3894"}],"curies":[{"name":"wp","href":"https:\/\/api.w.org\/{rel}","templated":true}]}}