{"id":3895,"date":"2024-08-01T19:35:24","date_gmt":"2024-08-01T16:35:24","guid":{"rendered":"https:\/\/zinetgold.com\/083-karat-pirlanta-kupe\/"},"modified":"2024-09-06T13:21:49","modified_gmt":"2024-09-06T10:21:49","slug":"083-karat-pirlanta-kupe","status":"publish","type":"product","link":"https:\/\/zinetgold.com\/tr\/083-karat-pirlanta-kupe\/","title":{"rendered":"0,83 Karat P\u0131rlanta K\u00fcpe"},"content":{"rendered":"<p>&#8220;Eternal Elegance&#8221; p\u0131rlanta damla k\u00fcpeler, rafine l\u00fcks\u00fcn bir ba\u015fyap\u0131t\u0131.<br \/>\nYuvarlak ve baget kesim p\u0131rlantalardan olu\u015fan g\u00f6z kama\u015ft\u0131r\u0131c\u0131 dikey bir diziye sahip olan bu k\u00fcpeler, zarif bir sekizgen kolyeye uzan\u0131yor.<br \/>\nKolye ucu titizlikle baget p\u0131rlantalarla s\u00fcslenmi\u015f, daha k\u00fc\u00e7\u00fck yuvarlak p\u0131rlantalardan olu\u015fan bir haleyle \u00e7er\u00e7evelenmi\u015ftir ve tamam\u0131 parlak 14 ayar Beyaz Alt\u0131nla i\u015flenmi\u015ftir.<br \/>\n&#8220;Eternal Elegance&#8221; k\u00fcpeler b\u00fcy\u00fclemek i\u00e7in tasarlanm\u0131\u015ft\u0131r ve her k\u0131yafeti zamans\u0131z bir sofistike dokunu\u015fla y\u00fckseltmek i\u00e7in m\u00fckemmel bir aksesuard\u0131r.   <\/p>\n","protected":false},"excerpt":{"rendered":"<p><strong>SKU-BKP0000410 0,83 Karat P\u0131rlanta<\/strong> K\u00fcpe <strong>14 Ayar Beyaz Alt\u0131n<\/strong> <strong> <\/strong>7,31<strong> gram <\/strong> a\u011f\u0131rl\u0131\u011f\u0131nda y\u00fcksek kalite do\u011fal p\u0131rlanta  <\/p>\n<p>&nbsp;<\/p>\n","protected":false},"featured_media":3346,"comment_status":"open","ping_status":"closed","template":"","meta":{"_kad_blocks_custom_css":"","_kad_blocks_head_custom_js":"","_kad_blocks_body_custom_js":"","_kad_blocks_footer_custom_js":"","_kadence_starter_templates_imported_post":false,"_kad_post_transparent":"","_kad_post_title":"","_kad_post_layout":"","_kad_post_sidebar_id":"","_kad_post_content_style":"","_kad_post_vertical_padding":"","_kad_post_feature":"","_kad_post_feature_position":"","_kad_post_header":false,"_kad_post_footer":false,"_kad_post_classname":""},"product_brand":[],"product_cat":[47],"product_tag":[],"class_list":{"0":"post-3895","1":"product","2":"type-product","3":"status-publish","4":"has-post-thumbnail","6":"product_cat-kupeler","8":"first","9":"instock","10":"sale","11":"shipping-taxable","12":"purchasable","13":"product-type-simple","14":"entry","15":"content-bg","16":"loop-entry"},"taxonomy_info":{"product_cat":[{"value":47,"label":"K\u00fcpeler"}]},"featured_image_src_large":["https:\/\/zinetgold.com\/wp-content\/uploads\/2024\/08\/BKP0000410-14K-D-0.80-F-G-SI-196-BD-0.83-F-G-SI-30-7.31-gr.-8283-1024x1024.webp",1024,1024,true],"author_info":[],"comment_info":0,"_links":{"self":[{"href":"https:\/\/zinetgold.com\/tr\/wp-json\/wp\/v2\/product\/3895","targetHints":{"allow":["GET"]}}],"collection":[{"href":"https:\/\/zinetgold.com\/tr\/wp-json\/wp\/v2\/product"}],"about":[{"href":"https:\/\/zinetgold.com\/tr\/wp-json\/wp\/v2\/types\/product"}],"replies":[{"embeddable":true,"href":"https:\/\/zinetgold.com\/tr\/wp-json\/wp\/v2\/comments?post=3895"}],"wp:featuredmedia":[{"embeddable":true,"href":"https:\/\/zinetgold.com\/tr\/wp-json\/wp\/v2\/media\/3346"}],"wp:attachment":[{"href":"https:\/\/zinetgold.com\/tr\/wp-json\/wp\/v2\/media?parent=3895"}],"wp:term":[{"taxonomy":"product_brand","embeddable":true,"href":"https:\/\/zinetgold.com\/tr\/wp-json\/wp\/v2\/product_brand?post=3895"},{"taxonomy":"product_cat","embeddable":true,"href":"https:\/\/zinetgold.com\/tr\/wp-json\/wp\/v2\/product_cat?post=3895"},{"taxonomy":"product_tag","embeddable":true,"href":"https:\/\/zinetgold.com\/tr\/wp-json\/wp\/v2\/product_tag?post=3895"}],"curies":[{"name":"wp","href":"https:\/\/api.w.org\/{rel}","templated":true}]}}