{"id":3896,"date":"2024-08-01T20:30:18","date_gmt":"2024-08-01T17:30:18","guid":{"rendered":"https:\/\/zinetgold.com\/007-karat-pirlanta-damla-kupe\/"},"modified":"2024-09-12T12:47:39","modified_gmt":"2024-09-12T09:47:39","slug":"007-karat-pirlanta-damla-kupe","status":"publish","type":"product","link":"https:\/\/zinetgold.com\/tr\/007-karat-pirlanta-damla-kupe\/","title":{"rendered":"0,07 Karat P\u0131rlanta Damla K\u00fcpe"},"content":{"rendered":"<p>&#8220;Regal Radiance&#8221; p\u0131rlanta damla k\u00fcpeler, klasik zarafet ve modern sofistikeli\u011fin \u00e7arp\u0131c\u0131 bir kar\u0131\u015f\u0131m\u0131.<br \/>\nBu k\u00fcpeler, yuvarlak ve baget kesim p\u0131rlantalardan olu\u015fan dikey bir \u00e7a\u011flayan sergileyerek zarif bir sekizgen kolyeye uzan\u0131yor.<br \/>\nKolye ucu, \u0131\u015f\u0131lt\u0131l\u0131 yuvarlak p\u0131rlantalardan olu\u015fan bir hale ile \u00e7er\u00e7evelenmi\u015f merkezi bir baget p\u0131rlanta dizisiyle titizlikle s\u00fcslenmi\u015ftir.<br \/>\nI\u015f\u0131lt\u0131l\u0131 14 ayar beyaz alt\u0131ndan \u00fcretilen &#8220;Regal Radiance&#8221; k\u00fcpeler, her t\u00fcrl\u00fc kombini b\u00fcy\u00fclemek ve y\u00fckseltmek i\u00e7in tasarlanm\u0131\u015ft\u0131r; bu da onlar\u0131 \u00f6zel g\u00fcnler i\u00e7in m\u00fckemmel bir aksesuar haline getirir veya g\u00fcnl\u00fck g\u00f6r\u00fcn\u00fcm\u00fcn\u00fcze l\u00fcks bir dokunu\u015f katar.   <\/p>\n","protected":false},"excerpt":{"rendered":"<p><strong>SKU-BKP0000687<\/strong> 0.07 Karat <strong>P\u0131rlanta<\/strong> K\u00fcpe <strong>1.92 gram<\/strong> a\u011f\u0131rl\u0131\u011f\u0131nda y\u00fcksek kalite do\u011fal p\u0131rlantal\u0131 <strong>14 ayar Beyaz Alt\u0131n<\/strong> <\/p>\n<p>&nbsp;<\/p>\n","protected":false},"featured_media":3351,"comment_status":"open","ping_status":"closed","template":"","meta":{"_kad_blocks_custom_css":"","_kad_blocks_head_custom_js":"","_kad_blocks_body_custom_js":"","_kad_blocks_footer_custom_js":"","_kadence_starter_templates_imported_post":false,"_kad_post_transparent":"","_kad_post_title":"","_kad_post_layout":"","_kad_post_sidebar_id":"","_kad_post_content_style":"","_kad_post_vertical_padding":"","_kad_post_feature":"","_kad_post_feature_position":"","_kad_post_header":false,"_kad_post_footer":false,"_kad_post_classname":""},"product_brand":[],"product_cat":[47],"product_tag":[],"class_list":{"0":"post-3896","1":"product","2":"type-product","3":"status-publish","4":"has-post-thumbnail","6":"product_cat-kupeler","8":"first","9":"instock","10":"sale","11":"shipping-taxable","12":"purchasable","13":"product-type-simple","14":"entry","15":"content-bg","16":"loop-entry"},"taxonomy_info":{"product_cat":[{"value":47,"label":"K\u00fcpeler"}]},"featured_image_src_large":["https:\/\/zinetgold.com\/wp-content\/uploads\/2024\/08\/BKP0000687-14K-D-0.36-F-G-SI-42-BD-0.07-F-G-SI-6-1.92-gr.-1936-1024x1024.webp",1024,1024,true],"author_info":[],"comment_info":0,"_links":{"self":[{"href":"https:\/\/zinetgold.com\/tr\/wp-json\/wp\/v2\/product\/3896","targetHints":{"allow":["GET"]}}],"collection":[{"href":"https:\/\/zinetgold.com\/tr\/wp-json\/wp\/v2\/product"}],"about":[{"href":"https:\/\/zinetgold.com\/tr\/wp-json\/wp\/v2\/types\/product"}],"replies":[{"embeddable":true,"href":"https:\/\/zinetgold.com\/tr\/wp-json\/wp\/v2\/comments?post=3896"}],"wp:featuredmedia":[{"embeddable":true,"href":"https:\/\/zinetgold.com\/tr\/wp-json\/wp\/v2\/media\/3351"}],"wp:attachment":[{"href":"https:\/\/zinetgold.com\/tr\/wp-json\/wp\/v2\/media?parent=3896"}],"wp:term":[{"taxonomy":"product_brand","embeddable":true,"href":"https:\/\/zinetgold.com\/tr\/wp-json\/wp\/v2\/product_brand?post=3896"},{"taxonomy":"product_cat","embeddable":true,"href":"https:\/\/zinetgold.com\/tr\/wp-json\/wp\/v2\/product_cat?post=3896"},{"taxonomy":"product_tag","embeddable":true,"href":"https:\/\/zinetgold.com\/tr\/wp-json\/wp\/v2\/product_tag?post=3896"}],"curies":[{"name":"wp","href":"https:\/\/api.w.org\/{rel}","templated":true}]}}