{"id":3897,"date":"2024-08-01T19:23:48","date_gmt":"2024-08-01T16:23:48","guid":{"rendered":"https:\/\/zinetgold.com\/1-07-karat-pirlanta-kupe\/"},"modified":"2024-09-06T13:21:51","modified_gmt":"2024-09-06T10:21:51","slug":"1-07-karat-pirlanta-kupe","status":"publish","type":"product","link":"https:\/\/zinetgold.com\/tr\/1-07-karat-pirlanta-kupe\/","title":{"rendered":"1.07 Karat P\u0131rlanta K\u00fcpe"},"content":{"rendered":"<p>Bu p\u0131rlanta k\u00fcpeler, zarafet ve modern tasar\u0131m\u0131n nefes kesici bir kar\u0131\u015f\u0131m\u0131.<br \/>\nBu k\u00fcpeler, yuvarlak ve baget kesim p\u0131rlantalardan olu\u015fan \u00e7arp\u0131c\u0131 bir dikey s\u0131raya sahiptir ve ek baget p\u0131rlantalarla kaplanm\u0131\u015f sekizgen bir kolye ucuyla sonu\u00e7lan\u0131r.<br \/>\nKolyenin titiz d\u00fczenlemesi her bir p\u0131rlantan\u0131n parlakl\u0131\u011f\u0131n\u0131 ve berrakl\u0131\u011f\u0131n\u0131 sergilerken, tamam\u0131 parlak 14 ayar beyaz alt\u0131nla i\u015flenmi\u015ftir.  <\/p>\n","protected":false},"excerpt":{"rendered":"<p><strong>1.07 Karat<\/strong> P\u0131rlanta K\u00fcpe <strong>14 Ayar Beyaz Alt\u0131n<\/strong> <strong>6.56 gram<\/strong> a\u011f\u0131rl\u0131\u011f\u0131nda y\u00fcksek kaliteli do\u011fal p\u0131rlantal\u0131<\/p>\n<p>&nbsp;<\/p>\n","protected":false},"featured_media":3345,"comment_status":"open","ping_status":"closed","template":"","meta":{"_kad_blocks_custom_css":"","_kad_blocks_head_custom_js":"","_kad_blocks_body_custom_js":"","_kad_blocks_footer_custom_js":"","_kadence_starter_templates_imported_post":false,"_kad_post_transparent":"","_kad_post_title":"","_kad_post_layout":"","_kad_post_sidebar_id":"","_kad_post_content_style":"","_kad_post_vertical_padding":"","_kad_post_feature":"","_kad_post_feature_position":"","_kad_post_header":false,"_kad_post_footer":false,"_kad_post_classname":""},"product_brand":[],"product_cat":[47],"product_tag":[],"class_list":{"0":"post-3897","1":"product","2":"type-product","3":"status-publish","4":"has-post-thumbnail","6":"product_cat-kupeler","8":"first","9":"instock","10":"sale","11":"shipping-taxable","12":"purchasable","13":"product-type-simple","14":"entry","15":"content-bg","16":"loop-entry"},"taxonomy_info":{"product_cat":[{"value":47,"label":"K\u00fcpeler"}]},"featured_image_src_large":["https:\/\/zinetgold.com\/wp-content\/uploads\/2024\/08\/BKP0000349-14K-D-0.48-F-G-SI-106-BD-1.07-F-G-SI-38-6.56-gr.-7854-1024x1024.webp",1024,1024,true],"author_info":[],"comment_info":0,"_links":{"self":[{"href":"https:\/\/zinetgold.com\/tr\/wp-json\/wp\/v2\/product\/3897","targetHints":{"allow":["GET"]}}],"collection":[{"href":"https:\/\/zinetgold.com\/tr\/wp-json\/wp\/v2\/product"}],"about":[{"href":"https:\/\/zinetgold.com\/tr\/wp-json\/wp\/v2\/types\/product"}],"replies":[{"embeddable":true,"href":"https:\/\/zinetgold.com\/tr\/wp-json\/wp\/v2\/comments?post=3897"}],"wp:featuredmedia":[{"embeddable":true,"href":"https:\/\/zinetgold.com\/tr\/wp-json\/wp\/v2\/media\/3345"}],"wp:attachment":[{"href":"https:\/\/zinetgold.com\/tr\/wp-json\/wp\/v2\/media?parent=3897"}],"wp:term":[{"taxonomy":"product_brand","embeddable":true,"href":"https:\/\/zinetgold.com\/tr\/wp-json\/wp\/v2\/product_brand?post=3897"},{"taxonomy":"product_cat","embeddable":true,"href":"https:\/\/zinetgold.com\/tr\/wp-json\/wp\/v2\/product_cat?post=3897"},{"taxonomy":"product_tag","embeddable":true,"href":"https:\/\/zinetgold.com\/tr\/wp-json\/wp\/v2\/product_tag?post=3897"}],"curies":[{"name":"wp","href":"https:\/\/api.w.org\/{rel}","templated":true}]}}