{"id":3899,"date":"2024-08-01T19:08:11","date_gmt":"2024-08-01T16:08:11","guid":{"rendered":"https:\/\/zinetgold.com\/143-karat-glamour-cascade-pirlanta-kupe\/"},"modified":"2024-09-06T13:21:52","modified_gmt":"2024-09-06T10:21:52","slug":"143-karat-glamour-cascade-pirlanta-kupe","status":"publish","type":"product","link":"https:\/\/zinetgold.com\/tr\/143-karat-glamour-cascade-pirlanta-kupe\/","title":{"rendered":"1,43 Karat Glamour Cascade P\u0131rlanta K\u00fcpe"},"content":{"rendered":"<p>P\u0131rlanta damla k\u00fcpeler, l\u00fcks ve zarafetin timsali.<br \/>\nBu k\u00fcpeler, baget kesim ve yuvarlak p\u0131rlantalardan olu\u015fan \u00e7arp\u0131c\u0131 bir dikey diziye sahiptir ve karma\u015f\u0131k bir \u015fekilde tasarlanm\u0131\u015f sekizgen bir kolyeye g\u00f6t\u00fcr\u00fcr.<br \/>\nKolye ucunun kendisi, daha k\u00fc\u00e7\u00fck yuvarlak p\u0131rlantalardan olu\u015fan bir hale ile \u00e7er\u00e7evelenmi\u015f simetrik bir baget p\u0131rlanta d\u00fczenlemesi ile s\u00fcslenmi\u015ftir.<br \/>\n14 ayar beyaz alt\u0131ndan \u00fcretilen &#8220;Glamour Cascade&#8221; k\u00fcpeler zamans\u0131z ve \u0131\u015f\u0131lt\u0131l\u0131 bir \u00e7ekicili\u011fe sahip olup, herhangi bir \u00f6zel etkinlikte bir a\u00e7\u0131klama yapmak veya g\u00fcnl\u00fck stilinize sofistike bir dokunu\u015f eklemek i\u00e7in m\u00fckemmeldir.   <\/p>\n","protected":false},"excerpt":{"rendered":"<p><strong>1,43 Karat<\/strong> P\u0131rlanta K\u00fcpe <strong>7,33 gram<\/strong> a\u011f\u0131rl\u0131\u011f\u0131nda y\u00fcksek kaliteli do\u011fal p\u0131rlantal\u0131 <strong>14 ayar Beyaz Alt\u0131n<\/strong> <\/p>\n<p>&nbsp;<\/p>\n","protected":false},"featured_media":3344,"comment_status":"open","ping_status":"closed","template":"","meta":{"_kad_blocks_custom_css":"","_kad_blocks_head_custom_js":"","_kad_blocks_body_custom_js":"","_kad_blocks_footer_custom_js":"","_kadence_starter_templates_imported_post":false,"_kad_post_transparent":"","_kad_post_title":"","_kad_post_layout":"","_kad_post_sidebar_id":"","_kad_post_content_style":"","_kad_post_vertical_padding":"","_kad_post_feature":"","_kad_post_feature_position":"","_kad_post_header":false,"_kad_post_footer":false,"_kad_post_classname":""},"product_brand":[],"product_cat":[47],"product_tag":[],"class_list":{"0":"post-3899","1":"product","2":"type-product","3":"status-publish","4":"has-post-thumbnail","6":"product_cat-kupeler","8":"first","9":"instock","10":"sale","11":"shipping-taxable","12":"purchasable","13":"product-type-simple","14":"entry","15":"content-bg","16":"loop-entry"},"taxonomy_info":{"product_cat":[{"value":47,"label":"K\u00fcpeler"}]},"featured_image_src_large":["https:\/\/zinetgold.com\/wp-content\/uploads\/2024\/08\/BKP0000345-14K-D-0.70-F-G-SI-140-BD-1.43-F-G-SI-50-7.33-gr.-10384-1024x1024.webp",1024,1024,true],"author_info":[],"comment_info":0,"_links":{"self":[{"href":"https:\/\/zinetgold.com\/tr\/wp-json\/wp\/v2\/product\/3899","targetHints":{"allow":["GET"]}}],"collection":[{"href":"https:\/\/zinetgold.com\/tr\/wp-json\/wp\/v2\/product"}],"about":[{"href":"https:\/\/zinetgold.com\/tr\/wp-json\/wp\/v2\/types\/product"}],"replies":[{"embeddable":true,"href":"https:\/\/zinetgold.com\/tr\/wp-json\/wp\/v2\/comments?post=3899"}],"wp:featuredmedia":[{"embeddable":true,"href":"https:\/\/zinetgold.com\/tr\/wp-json\/wp\/v2\/media\/3344"}],"wp:attachment":[{"href":"https:\/\/zinetgold.com\/tr\/wp-json\/wp\/v2\/media?parent=3899"}],"wp:term":[{"taxonomy":"product_brand","embeddable":true,"href":"https:\/\/zinetgold.com\/tr\/wp-json\/wp\/v2\/product_brand?post=3899"},{"taxonomy":"product_cat","embeddable":true,"href":"https:\/\/zinetgold.com\/tr\/wp-json\/wp\/v2\/product_cat?post=3899"},{"taxonomy":"product_tag","embeddable":true,"href":"https:\/\/zinetgold.com\/tr\/wp-json\/wp\/v2\/product_tag?post=3899"}],"curies":[{"name":"wp","href":"https:\/\/api.w.org\/{rel}","templated":true}]}}