{"id":3900,"date":"2024-08-01T20:16:16","date_gmt":"2024-08-01T17:16:16","guid":{"rendered":"https:\/\/zinetgold.com\/1-01-karat-pirlanta-kupe\/"},"modified":"2024-09-06T13:21:53","modified_gmt":"2024-09-06T10:21:53","slug":"1-01-karat-pirlanta-kupe","status":"publish","type":"product","link":"https:\/\/zinetgold.com\/tr\/1-01-karat-pirlanta-kupe\/","title":{"rendered":"1.01 Karat P\u0131rlanta K\u00fcpe"},"content":{"rendered":"<p>&#8220;Eternal Radiance&#8221; p\u0131rlanta damla k\u00fcpeler, l\u00fcks ve zarafetin ger\u00e7ek bir simgesi.<br \/>\nBu k\u00fcpeler yuvarlak ve baget kesim p\u0131rlantalar\u0131n zarif bir \u015fekilde dikey olarak dizilmesiyle sekizgen bir kolye ucuna ula\u015f\u0131yor.<br \/>\nKolye ucu, merkezinde baget p\u0131rlantalarla g\u00fczel bir \u015fekilde s\u00fcslenmi\u015f ve parlakl\u0131\u011f\u0131n\u0131 art\u0131ran yuvarlak p\u0131rlantalardan olu\u015fan bir hale ile \u00e7er\u00e7evelenmi\u015ftir.<br \/>\nI\u015f\u0131lt\u0131l\u0131 14 ayar beyaz alt\u0131ndan \u00fcretilen &#8220;Eternal Radiance&#8221; k\u00fcpeler, her tak\u0131ma zamans\u0131z bir sofistike dokunu\u015f katacak \u015fekilde tasarlanm\u0131\u015ft\u0131r ve her \u00f6zel g\u00fcn i\u00e7in m\u00fckemmel bir se\u00e7imdir.   <\/p>\n","protected":false},"excerpt":{"rendered":"<p><strong>SKU-BKP00006781<\/strong><strong>.01<\/strong> Karat <strong>P\u0131rlanta<\/strong> K\u00fcpe <strong>5.60 gram<\/strong> a\u011f\u0131rl\u0131\u011f\u0131nda y\u00fcksek kalite do\u011fal p\u0131rlantal\u0131 <strong>14 ayar Beyaz Alt\u0131n<\/strong> <\/p>\n<p>&nbsp;<\/p>\n","protected":false},"featured_media":3349,"comment_status":"open","ping_status":"closed","template":"","meta":{"_kad_blocks_custom_css":"","_kad_blocks_head_custom_js":"","_kad_blocks_body_custom_js":"","_kad_blocks_footer_custom_js":"","_kadence_starter_templates_imported_post":false,"_kad_post_transparent":"","_kad_post_title":"","_kad_post_layout":"","_kad_post_sidebar_id":"","_kad_post_content_style":"","_kad_post_vertical_padding":"","_kad_post_feature":"","_kad_post_feature_position":"","_kad_post_header":false,"_kad_post_footer":false,"_kad_post_classname":""},"product_brand":[],"product_cat":[47],"product_tag":[],"class_list":{"0":"post-3900","1":"product","2":"type-product","3":"status-publish","4":"has-post-thumbnail","6":"product_cat-kupeler","8":"first","9":"instock","10":"sale","11":"shipping-taxable","12":"purchasable","13":"product-type-simple","14":"entry","15":"content-bg","16":"loop-entry"},"taxonomy_info":{"product_cat":[{"value":47,"label":"K\u00fcpeler"}]},"featured_image_src_large":["https:\/\/zinetgold.com\/wp-content\/uploads\/2024\/08\/BKP0000678-14K-D-0.50-F-G-SI-104-BD-1.01-F-G-SI-43-5.60-gr.-7546-1024x1024.webp",1024,1024,true],"author_info":[],"comment_info":0,"_links":{"self":[{"href":"https:\/\/zinetgold.com\/tr\/wp-json\/wp\/v2\/product\/3900","targetHints":{"allow":["GET"]}}],"collection":[{"href":"https:\/\/zinetgold.com\/tr\/wp-json\/wp\/v2\/product"}],"about":[{"href":"https:\/\/zinetgold.com\/tr\/wp-json\/wp\/v2\/types\/product"}],"replies":[{"embeddable":true,"href":"https:\/\/zinetgold.com\/tr\/wp-json\/wp\/v2\/comments?post=3900"}],"wp:featuredmedia":[{"embeddable":true,"href":"https:\/\/zinetgold.com\/tr\/wp-json\/wp\/v2\/media\/3349"}],"wp:attachment":[{"href":"https:\/\/zinetgold.com\/tr\/wp-json\/wp\/v2\/media?parent=3900"}],"wp:term":[{"taxonomy":"product_brand","embeddable":true,"href":"https:\/\/zinetgold.com\/tr\/wp-json\/wp\/v2\/product_brand?post=3900"},{"taxonomy":"product_cat","embeddable":true,"href":"https:\/\/zinetgold.com\/tr\/wp-json\/wp\/v2\/product_cat?post=3900"},{"taxonomy":"product_tag","embeddable":true,"href":"https:\/\/zinetgold.com\/tr\/wp-json\/wp\/v2\/product_tag?post=3900"}],"curies":[{"name":"wp","href":"https:\/\/api.w.org\/{rel}","templated":true}]}}