{"id":3901,"date":"2024-08-01T18:54:01","date_gmt":"2024-08-01T15:54:01","guid":{"rendered":"https:\/\/zinetgold.com\/106-karat-deco-delight-pirlanta-kupe\/"},"modified":"2024-09-06T13:21:54","modified_gmt":"2024-09-06T10:21:54","slug":"106-karat-deco-delight-pirlanta-kupe","status":"publish","type":"product","link":"https:\/\/zinetgold.com\/tr\/106-karat-deco-delight-pirlanta-kupe\/","title":{"rendered":"1,06 Karat Deco Delight P\u0131rlanta K\u00fcpe"},"content":{"rendered":"<div class=\"flex flex-grow flex-col max-w-full\">\n<div class=\"min-h-[20px] text-message flex w-full flex-col items-end gap-2 whitespace-pre-wrap break-words [.text-message+&amp;]:mt-5 overflow-x-auto\" dir=\"auto\" data-message-author-role=\"assistant\" data-message-id=\"3943c23a-c443-4481-924c-b58574d23ce1\">\n<div class=\"flex w-full flex-col gap-1 empty:hidden first:pt-[3px]\">\n<div class=\"markdown prose w-full break-words dark:prose-invert dark\">  Bu k\u00fcpeler, sofistike bir geometrik desende d\u00fczenlenmi\u015f bir dizi baget kesim p\u0131rlantaya sahiptir.<br \/>\nZarif damla tasar\u0131m\u0131, \u0131\u015f\u0131lt\u0131l\u0131 p\u0131rlanta s\u0131ralar\u0131yla titizlikle i\u015flenmi\u015f sekizgen bir merkez par\u00e7as\u0131yla vurgulan\u0131yor.<br \/>\n14 ayar beyaz alt\u0131n ayar\u0131, p\u0131rlantalar\u0131n \u0131\u015f\u0131lt\u0131s\u0131n\u0131 ve zamans\u0131z \u00e7ekicili\u011fini art\u0131r\u0131yor.<br \/>\nHer k\u0131yafete vintage bir cazibe katmak i\u00e7in m\u00fckemmel olan &#8220;Deco Delight&#8221; k\u00fcpeler, her m\u00fccevher merakl\u0131s\u0131n\u0131n sahip olmas\u0131 gereken bir par\u00e7a.     <\/div>\n<\/div>\n<\/div>\n<\/div>\n<div class=\"mt-1 flex gap-3 empty:hidden -ml-2\">\n<div class=\"items-center justify-start rounded-xl p-1 flex\">\n<div class=\"flex items-center\"><\/div>\n<\/div>\n<\/div>\n","protected":false},"excerpt":{"rendered":"<p><strong>SKU-BKP0000343 1.06 Karat P\u0131rlanta<\/strong> K\u00fcpe <strong>6.11 gram<\/strong> a\u011f\u0131rl\u0131\u011f\u0131nda y\u00fcksek kaliteli do\u011fal p\u0131rlantal\u0131 <strong>14 ayar Beyaz Alt\u0131n<\/strong> <\/p>\n<p>&nbsp;<\/p>\n","protected":false},"featured_media":3343,"comment_status":"open","ping_status":"closed","template":"","meta":{"_kad_blocks_custom_css":"","_kad_blocks_head_custom_js":"","_kad_blocks_body_custom_js":"","_kad_blocks_footer_custom_js":"","_kadence_starter_templates_imported_post":false,"_kad_post_transparent":"","_kad_post_title":"","_kad_post_layout":"","_kad_post_sidebar_id":"","_kad_post_content_style":"","_kad_post_vertical_padding":"","_kad_post_feature":"","_kad_post_feature_position":"","_kad_post_header":false,"_kad_post_footer":false,"_kad_post_classname":""},"product_brand":[],"product_cat":[47],"product_tag":[],"class_list":{"0":"post-3901","1":"product","2":"type-product","3":"status-publish","4":"has-post-thumbnail","6":"product_cat-kupeler","8":"first","9":"instock","10":"sale","11":"shipping-taxable","12":"purchasable","13":"product-type-simple","14":"entry","15":"content-bg","16":"loop-entry"},"taxonomy_info":{"product_cat":[{"value":47,"label":"K\u00fcpeler"}]},"featured_image_src_large":["https:\/\/zinetgold.com\/wp-content\/uploads\/2024\/08\/BKP0000343-14K-D-0.66-F-G-SI-104-BD-1.06-F-G-SI-36-6.11-gr.-8327-1024x1024.webp",1024,1024,true],"author_info":[],"comment_info":0,"_links":{"self":[{"href":"https:\/\/zinetgold.com\/tr\/wp-json\/wp\/v2\/product\/3901","targetHints":{"allow":["GET"]}}],"collection":[{"href":"https:\/\/zinetgold.com\/tr\/wp-json\/wp\/v2\/product"}],"about":[{"href":"https:\/\/zinetgold.com\/tr\/wp-json\/wp\/v2\/types\/product"}],"replies":[{"embeddable":true,"href":"https:\/\/zinetgold.com\/tr\/wp-json\/wp\/v2\/comments?post=3901"}],"wp:featuredmedia":[{"embeddable":true,"href":"https:\/\/zinetgold.com\/tr\/wp-json\/wp\/v2\/media\/3343"}],"wp:attachment":[{"href":"https:\/\/zinetgold.com\/tr\/wp-json\/wp\/v2\/media?parent=3901"}],"wp:term":[{"taxonomy":"product_brand","embeddable":true,"href":"https:\/\/zinetgold.com\/tr\/wp-json\/wp\/v2\/product_brand?post=3901"},{"taxonomy":"product_cat","embeddable":true,"href":"https:\/\/zinetgold.com\/tr\/wp-json\/wp\/v2\/product_cat?post=3901"},{"taxonomy":"product_tag","embeddable":true,"href":"https:\/\/zinetgold.com\/tr\/wp-json\/wp\/v2\/product_tag?post=3901"}],"curies":[{"name":"wp","href":"https:\/\/api.w.org\/{rel}","templated":true}]}}