{"id":3902,"date":"2024-08-01T20:04:10","date_gmt":"2024-08-01T17:04:10","guid":{"rendered":"https:\/\/zinetgold.com\/058-karat-celestial-grace-pirlanta-kupe\/"},"modified":"2024-09-06T13:21:55","modified_gmt":"2024-09-06T10:21:55","slug":"058-karat-celestial-grace-pirlanta-kupe","status":"publish","type":"product","link":"https:\/\/zinetgold.com\/tr\/058-karat-celestial-grace-pirlanta-kupe\/","title":{"rendered":"0,58 Karat Celestial Grace P\u0131rlanta K\u00fcpe"},"content":{"rendered":"<p>Kar\u015f\u0131n\u0131zda modern zarafetin ve zamans\u0131z \u00e7ekicili\u011fin enfes bir kar\u0131\u015f\u0131m\u0131 olan &#8220;Celestial Grace&#8221; p\u0131rlanta damla k\u00fcpeler.<br \/>\nBu k\u00fcpeler, g\u00f6z kama\u015ft\u0131r\u0131c\u0131 yuvarlak ve baget kesim p\u0131rlantalar\u0131n \u015f\u0131k ve dikey dizilimiyle b\u00fcy\u00fcleyici sekizgen bir kolyeye uzan\u0131yor.<br \/>\nKolye ucu, yuvarlak p\u0131rlantalardan olu\u015fan \u0131\u015f\u0131lt\u0131l\u0131 bir hale ile \u00e7evrelenmi\u015f merkezi bir baget p\u0131rlanta dizisiyle karma\u015f\u0131k bir \u015fekilde tasarlanm\u0131\u015ft\u0131r.<br \/>\nPlatin veya beyaz alt\u0131n gibi p\u0131r\u0131l p\u0131r\u0131l beyaz bir metalden yap\u0131lm\u0131\u015f olan &#8220;Celestial Grace&#8221; k\u00fcpeler, her k\u0131yafete l\u00fcks ve sofistike bir dokunu\u015f katmak i\u00e7in m\u00fckemmel bir aksesuard\u0131r.   <\/p>\n","protected":false},"excerpt":{"rendered":"<p><strong>SKU-BKP0000477<\/strong> 0.58 Karat <strong>P\u0131rlanta<\/strong> K\u00fcpe <strong>8.18 gram<\/strong> a\u011f\u0131rl\u0131\u011f\u0131nda y\u00fcksek kalite do\u011fal p\u0131rlantal\u0131 <strong>14 ayar Beyaz Alt\u0131n<\/strong> <\/p>\n<p>&nbsp;<\/p>\n","protected":false},"featured_media":3348,"comment_status":"open","ping_status":"closed","template":"","meta":{"_kad_blocks_custom_css":"","_kad_blocks_head_custom_js":"","_kad_blocks_body_custom_js":"","_kad_blocks_footer_custom_js":"","_kadence_starter_templates_imported_post":false,"_kad_post_transparent":"","_kad_post_title":"","_kad_post_layout":"","_kad_post_sidebar_id":"","_kad_post_content_style":"","_kad_post_vertical_padding":"","_kad_post_feature":"","_kad_post_feature_position":"","_kad_post_header":false,"_kad_post_footer":false,"_kad_post_classname":""},"product_brand":[],"product_cat":[47],"product_tag":[],"class_list":{"0":"post-3902","1":"product","2":"type-product","3":"status-publish","4":"has-post-thumbnail","6":"product_cat-kupeler","8":"first","9":"instock","10":"sale","11":"shipping-taxable","12":"purchasable","13":"product-type-simple","14":"entry","15":"content-bg","16":"loop-entry"},"taxonomy_info":{"product_cat":[{"value":47,"label":"K\u00fcpeler"}]},"featured_image_src_large":["https:\/\/zinetgold.com\/wp-content\/uploads\/2024\/08\/BKP0000477-14K-D-1.20-F-G-SI-122-BD-0.58-F-G-SI-30-8.18-gr.-8250-1024x1024.webp",1024,1024,true],"author_info":[],"comment_info":0,"_links":{"self":[{"href":"https:\/\/zinetgold.com\/tr\/wp-json\/wp\/v2\/product\/3902","targetHints":{"allow":["GET"]}}],"collection":[{"href":"https:\/\/zinetgold.com\/tr\/wp-json\/wp\/v2\/product"}],"about":[{"href":"https:\/\/zinetgold.com\/tr\/wp-json\/wp\/v2\/types\/product"}],"replies":[{"embeddable":true,"href":"https:\/\/zinetgold.com\/tr\/wp-json\/wp\/v2\/comments?post=3902"}],"wp:featuredmedia":[{"embeddable":true,"href":"https:\/\/zinetgold.com\/tr\/wp-json\/wp\/v2\/media\/3348"}],"wp:attachment":[{"href":"https:\/\/zinetgold.com\/tr\/wp-json\/wp\/v2\/media?parent=3902"}],"wp:term":[{"taxonomy":"product_brand","embeddable":true,"href":"https:\/\/zinetgold.com\/tr\/wp-json\/wp\/v2\/product_brand?post=3902"},{"taxonomy":"product_cat","embeddable":true,"href":"https:\/\/zinetgold.com\/tr\/wp-json\/wp\/v2\/product_cat?post=3902"},{"taxonomy":"product_tag","embeddable":true,"href":"https:\/\/zinetgold.com\/tr\/wp-json\/wp\/v2\/product_tag?post=3902"}],"curies":[{"name":"wp","href":"https:\/\/api.w.org\/{rel}","templated":true}]}}