{"id":3908,"date":"2022-03-07T21:03:39","date_gmt":"2022-03-07T18:03:39","guid":{"rendered":"https:\/\/zinetgold.com\/343-karat-pirlanta-kupe-14-ayar\/"},"modified":"2024-09-06T13:22:05","modified_gmt":"2024-09-06T10:22:05","slug":"343-karat-pirlanta-kupe-14-ayar","status":"publish","type":"product","link":"https:\/\/zinetgold.com\/tr\/343-karat-pirlanta-kupe-14-ayar\/","title":{"rendered":"3,43 Karat P\u0131rlanta K\u00fcpe 14 ayar"},"content":{"rendered":"<p>Bu zarif ve modern <strong>3,43 karat<\/strong> p\u0131rlanta k\u00fcpe, <strong>24,64 gram<\/strong> a\u011f\u0131rl\u0131\u011f\u0131nda ve <strong>14 ayar alt\u0131ndan<\/strong> \u00fcretilmi\u015f olup, hem \u015f\u0131k hem de g\u00f6z al\u0131c\u0131 uzun ve ince siluetiyle benzersiz bir geometrik tasar\u0131ma sahiptir.<br \/>\nP\u0131rlanta k\u00fcpeler, g\u00f6z kama\u015ft\u0131r\u0131c\u0131 bir etki i\u00e7in \u00e7ok s\u0131ral\u0131 bir desende d\u00fczenlenmi\u015f <strong>138 y\u00fcksek kaliteli<\/strong> p\u0131rlanta ile \u00fcretilmi\u015ftir.<br \/>\nPost-back kapama rahat ve g\u00fcvenli bir uyum sa\u011flar.<br \/>\nZinet Gold&#8217;un bu p\u0131rlanta k\u00fcpeleri, \u015fehirdeki bir geceden \u00f6zel bir etkinli\u011fe kadar her durum i\u00e7in m\u00fckemmeldir.   <\/p>\n","protected":false},"excerpt":{"rendered":"<p><strong>SKU-BKL0000263 3.43 Karat<\/strong> P\u0131rlanta K\u00fcpe <strong>24.64 gram<\/strong> a\u011f\u0131rl\u0131\u011f\u0131nda y\u00fcksek kaliteli do\u011fal p\u0131rlantal\u0131 <strong>14 ayar Alt\u0131n<\/strong> <\/p>\n","protected":false},"featured_media":3339,"comment_status":"open","ping_status":"closed","template":"","meta":{"_kad_blocks_custom_css":"","_kad_blocks_head_custom_js":"","_kad_blocks_body_custom_js":"","_kad_blocks_footer_custom_js":"","_kadence_starter_templates_imported_post":false,"_kad_post_transparent":"","_kad_post_title":"","_kad_post_layout":"","_kad_post_sidebar_id":"","_kad_post_content_style":"","_kad_post_vertical_padding":"","_kad_post_feature":"","_kad_post_feature_position":"","_kad_post_header":false,"_kad_post_footer":false,"_kad_post_classname":""},"product_brand":[],"product_cat":[47],"product_tag":[],"class_list":{"0":"post-3908","1":"product","2":"type-product","3":"status-publish","4":"has-post-thumbnail","6":"product_cat-kupeler","8":"first","9":"instock","10":"sale","11":"shipping-taxable","12":"purchasable","13":"product-type-simple","14":"entry","15":"content-bg","16":"loop-entry"},"taxonomy_info":{"product_cat":[{"value":47,"label":"K\u00fcpeler"}]},"featured_image_src_large":["https:\/\/zinetgold.com\/wp-content\/uploads\/2022\/03\/BKL0000263-14K-BD-1.22-F-G-SI-38-D-3.43-F-G-SI-138-24.64-gr.-25850-1024x1024.webp",1024,1024,true],"author_info":[],"comment_info":0,"_links":{"self":[{"href":"https:\/\/zinetgold.com\/tr\/wp-json\/wp\/v2\/product\/3908","targetHints":{"allow":["GET"]}}],"collection":[{"href":"https:\/\/zinetgold.com\/tr\/wp-json\/wp\/v2\/product"}],"about":[{"href":"https:\/\/zinetgold.com\/tr\/wp-json\/wp\/v2\/types\/product"}],"replies":[{"embeddable":true,"href":"https:\/\/zinetgold.com\/tr\/wp-json\/wp\/v2\/comments?post=3908"}],"wp:featuredmedia":[{"embeddable":true,"href":"https:\/\/zinetgold.com\/tr\/wp-json\/wp\/v2\/media\/3339"}],"wp:attachment":[{"href":"https:\/\/zinetgold.com\/tr\/wp-json\/wp\/v2\/media?parent=3908"}],"wp:term":[{"taxonomy":"product_brand","embeddable":true,"href":"https:\/\/zinetgold.com\/tr\/wp-json\/wp\/v2\/product_brand?post=3908"},{"taxonomy":"product_cat","embeddable":true,"href":"https:\/\/zinetgold.com\/tr\/wp-json\/wp\/v2\/product_cat?post=3908"},{"taxonomy":"product_tag","embeddable":true,"href":"https:\/\/zinetgold.com\/tr\/wp-json\/wp\/v2\/product_tag?post=3908"}],"curies":[{"name":"wp","href":"https:\/\/api.w.org\/{rel}","templated":true}]}}