{"id":3915,"date":"2022-03-07T21:03:39","date_gmt":"2022-03-07T18:03:39","guid":{"rendered":"https:\/\/zinetgold.com\/zinet-altindan-050-karat-baget-pirlanta-kupe\/"},"modified":"2024-09-06T13:22:07","modified_gmt":"2024-09-06T10:22:07","slug":"zinet-altindan-050-karat-baget-pirlanta-kupe","status":"publish","type":"product","link":"https:\/\/zinetgold.com\/tr\/zinet-altindan-050-karat-baget-pirlanta-kupe\/","title":{"rendered":"Zinet Alt\u0131n&#8217;dan 0,50 Karat Baget P\u0131rlanta K\u00fcpe"},"content":{"rendered":"<p>Zinet Gold&#8217;un bu zarif p\u0131rlanta damla k\u00fcpeleriyle stilinizi y\u00fckseltin.<br \/>\n14 ayar beyaz alt\u0131ndan \u00fcretilen bu k\u00fcpeler, toplamda 0,50 karatl\u0131k \u00e7arp\u0131c\u0131 bir dizi baget ve yuvarlak kesim p\u0131rlantaya sahiptir.<br \/>\nUzun siluet ve par\u0131ldayan ta\u015flar hem modern hem de zamans\u0131z b\u00fcy\u00fcleyici bir g\u00f6r\u00fcn\u00fcm yarat\u0131yor.<br \/>\nHer durum i\u00e7in m\u00fckemmel olan bu k\u00fcpeler her m\u00fccevher koleksiyonunun olmazsa olmaz\u0131d\u0131r.   <\/p>\n","protected":false},"excerpt":{"rendered":"<p><strong>SKU-BKP0000053 0.50 Karat P\u0131rlanta<\/strong> K\u00fcpe <strong>4.75 gram<\/strong> a\u011f\u0131rl\u0131\u011f\u0131nda y\u00fcksek kalite do\u011fal p\u0131rlantal\u0131 <strong>14 ayar Beyaz Alt\u0131n<\/strong> <\/p>\n","protected":false},"featured_media":3341,"comment_status":"open","ping_status":"closed","template":"","meta":{"_kad_blocks_custom_css":"","_kad_blocks_head_custom_js":"","_kad_blocks_body_custom_js":"","_kad_blocks_footer_custom_js":"","_kadence_starter_templates_imported_post":false,"_kad_post_transparent":"","_kad_post_title":"","_kad_post_layout":"","_kad_post_sidebar_id":"","_kad_post_content_style":"","_kad_post_vertical_padding":"","_kad_post_feature":"","_kad_post_feature_position":"","_kad_post_header":false,"_kad_post_footer":false,"_kad_post_classname":""},"product_brand":[],"product_cat":[47],"product_tag":[],"class_list":{"0":"post-3915","1":"product","2":"type-product","3":"status-publish","4":"has-post-thumbnail","6":"product_cat-kupeler","8":"first","9":"instock","10":"sale","11":"shipping-taxable","12":"purchasable","13":"product-type-simple","14":"entry","15":"content-bg","16":"loop-entry"},"taxonomy_info":{"product_cat":[{"value":47,"label":"K\u00fcpeler"}]},"featured_image_src_large":["https:\/\/zinetgold.com\/wp-content\/uploads\/2022\/03\/BKP0000053-14K-D-0.54-F-G-SI-70-BD-0.50-F-G-SI-6-4.75-gr.-6248-1-1024x1024.webp",1024,1024,true],"author_info":[],"comment_info":0,"_links":{"self":[{"href":"https:\/\/zinetgold.com\/tr\/wp-json\/wp\/v2\/product\/3915","targetHints":{"allow":["GET"]}}],"collection":[{"href":"https:\/\/zinetgold.com\/tr\/wp-json\/wp\/v2\/product"}],"about":[{"href":"https:\/\/zinetgold.com\/tr\/wp-json\/wp\/v2\/types\/product"}],"replies":[{"embeddable":true,"href":"https:\/\/zinetgold.com\/tr\/wp-json\/wp\/v2\/comments?post=3915"}],"wp:featuredmedia":[{"embeddable":true,"href":"https:\/\/zinetgold.com\/tr\/wp-json\/wp\/v2\/media\/3341"}],"wp:attachment":[{"href":"https:\/\/zinetgold.com\/tr\/wp-json\/wp\/v2\/media?parent=3915"}],"wp:term":[{"taxonomy":"product_brand","embeddable":true,"href":"https:\/\/zinetgold.com\/tr\/wp-json\/wp\/v2\/product_brand?post=3915"},{"taxonomy":"product_cat","embeddable":true,"href":"https:\/\/zinetgold.com\/tr\/wp-json\/wp\/v2\/product_cat?post=3915"},{"taxonomy":"product_tag","embeddable":true,"href":"https:\/\/zinetgold.com\/tr\/wp-json\/wp\/v2\/product_tag?post=3915"}],"curies":[{"name":"wp","href":"https:\/\/api.w.org\/{rel}","templated":true}]}}