{"id":3921,"date":"2022-03-07T21:03:39","date_gmt":"2022-03-07T18:03:39","guid":{"rendered":"https:\/\/zinetgold.com\/054-karat-pirlanta-kupe\/"},"modified":"2024-09-06T13:22:10","modified_gmt":"2024-09-06T10:22:10","slug":"054-karat-pirlanta-kupe","status":"publish","type":"product","link":"https:\/\/zinetgold.com\/tr\/054-karat-pirlanta-kupe\/","title":{"rendered":"0,54 Karat P\u0131rlanta K\u00fcpe"},"content":{"rendered":"<p>P\u0131rlanta damla k\u00fcpeler, sofistike ve \u0131\u015f\u0131lt\u0131n\u0131n \u00e7arp\u0131c\u0131 bir kar\u0131\u015f\u0131m\u0131.<br \/>\nBu k\u00fcpeler, markiz ve yuvarlak kesim p\u0131rlantalardan olu\u015fan basamakl\u0131 bir tasar\u0131ma sahiptir ve baget p\u0131rlantalarla s\u00fcslenmi\u015f g\u00fczelce haz\u0131rlanm\u0131\u015f sekizgen bir merkeze g\u00f6t\u00fcr\u00fcr.<br \/>\nPlatin veya beyaz alt\u0131n olmas\u0131 muhtemel beyaz metal ayar\u0131, p\u0131rlantalar\u0131n parlakl\u0131\u011f\u0131n\u0131 ve berrakl\u0131\u011f\u0131n\u0131 art\u0131rarak \u0131\u015f\u0131\u011f\u0131 her a\u00e7\u0131dan yakalamalar\u0131n\u0131 sa\u011flar.<br \/>\n\u00d6zel g\u00fcnler veya g\u00fcnl\u00fck k\u0131yafetleriniz i\u00e7in m\u00fckemmel olan &#8220;Radiant Elegance&#8221; k\u00fcpeler, her m\u00fccevher koleksiyonuna zamans\u0131z bir ektir.   <\/p>\n","protected":false},"excerpt":{"rendered":"<p><strong>SKU-BKP0000224 0.54 Karat P\u0131rlanta<\/strong> K\u00fcpe <strong>8.22 gram<\/strong> a\u011f\u0131rl\u0131\u011f\u0131nda y\u00fcksek kalite do\u011fal p\u0131rlantal\u0131 <strong>14 ayar Beyaz Alt\u0131n<\/strong> <\/p>\n","protected":false},"featured_media":3342,"comment_status":"open","ping_status":"closed","template":"","meta":{"_kad_blocks_custom_css":"","_kad_blocks_head_custom_js":"","_kad_blocks_body_custom_js":"","_kad_blocks_footer_custom_js":"","_kadence_starter_templates_imported_post":false,"_kad_post_transparent":"","_kad_post_title":"","_kad_post_layout":"","_kad_post_sidebar_id":"","_kad_post_content_style":"","_kad_post_vertical_padding":"","_kad_post_feature":"","_kad_post_feature_position":"","_kad_post_header":false,"_kad_post_footer":false,"_kad_post_classname":""},"product_brand":[],"product_cat":[47],"product_tag":[],"class_list":{"0":"post-3921","1":"product","2":"type-product","3":"status-publish","4":"has-post-thumbnail","6":"product_cat-kupeler","8":"first","9":"instock","10":"sale","11":"shipping-taxable","12":"purchasable","13":"product-type-simple","14":"entry","15":"content-bg","16":"loop-entry"},"taxonomy_info":{"product_cat":[{"value":47,"label":"K\u00fcpeler"}]},"featured_image_src_large":["https:\/\/zinetgold.com\/wp-content\/uploads\/2022\/03\/BKP0000224-14K-BD_-0.63-F-G-SI-18-D1_-1.14-F-G-SI-14-D2_-0.54-F-G-SI-141-8.22-gr.-10010-1024x1024.webp",1024,1024,true],"author_info":[],"comment_info":0,"_links":{"self":[{"href":"https:\/\/zinetgold.com\/tr\/wp-json\/wp\/v2\/product\/3921","targetHints":{"allow":["GET"]}}],"collection":[{"href":"https:\/\/zinetgold.com\/tr\/wp-json\/wp\/v2\/product"}],"about":[{"href":"https:\/\/zinetgold.com\/tr\/wp-json\/wp\/v2\/types\/product"}],"replies":[{"embeddable":true,"href":"https:\/\/zinetgold.com\/tr\/wp-json\/wp\/v2\/comments?post=3921"}],"wp:featuredmedia":[{"embeddable":true,"href":"https:\/\/zinetgold.com\/tr\/wp-json\/wp\/v2\/media\/3342"}],"wp:attachment":[{"href":"https:\/\/zinetgold.com\/tr\/wp-json\/wp\/v2\/media?parent=3921"}],"wp:term":[{"taxonomy":"product_brand","embeddable":true,"href":"https:\/\/zinetgold.com\/tr\/wp-json\/wp\/v2\/product_brand?post=3921"},{"taxonomy":"product_cat","embeddable":true,"href":"https:\/\/zinetgold.com\/tr\/wp-json\/wp\/v2\/product_cat?post=3921"},{"taxonomy":"product_tag","embeddable":true,"href":"https:\/\/zinetgold.com\/tr\/wp-json\/wp\/v2\/product_tag?post=3921"}],"curies":[{"name":"wp","href":"https:\/\/api.w.org\/{rel}","templated":true}]}}