{"id":4128,"date":"2024-09-14T22:43:21","date_gmt":"2024-09-14T19:43:21","guid":{"rendered":"https:\/\/zinetgold.com\/024-karat-dikdortgen-pirlanta-salkim-yuzuk\/"},"modified":"2024-09-14T22:43:33","modified_gmt":"2024-09-14T19:43:33","slug":"024-karat-dikdortgen-pirlanta-salkim-yuzuk","status":"publish","type":"product","link":"https:\/\/zinetgold.com\/tr\/024-karat-dikdortgen-pirlanta-salkim-yuzuk\/","title":{"rendered":"0,24 Karat Dikd\u00f6rtgen P\u0131rlanta Salk\u0131m Y\u00fcz\u00fck"},"content":{"rendered":"<p><span style=\"font-family: var(--global-body-font-family);\">Bu 14 ayar beyaz alt\u0131nd\u0131r <\/span><strong style=\"font-family: var(--global-body-font-family);\">dikd\u00f6rtgen p\u0131rlanta k\u00fcme y\u00fcz\u00fck<\/strong><span style=\"font-family: var(--global-body-font-family);\">.<br \/>\nIt features a central rectangular diamond surrounded by smaller baguette-cut diamonds, creating a dazzling and intricate design.<br \/>\nThe setting for the central diamond seems to be a square or rectangular shape, with additional diamonds set around it to accentuate the overall sparkle.<br \/>\nThe ring&#8217;s band is likely made of 14k white gold providing a luxurious and elegant backdrop for the diamonds.   <\/span><\/p>\n","protected":false},"excerpt":{"rendered":"<p><strong>SKU-BYZ0001130<\/strong><strong> 0,24 Karat<\/strong> P\u0131rlanta Y\u00fcz\u00fck <strong>14 Ayar Beyaz Alt\u0131n<\/strong> <strong> <\/strong><strong> 6,58 gram<\/strong> a\u011f\u0131rl\u0131\u011f\u0131nda y\u00fcksek kalite do\u011fal p\u0131rlanta<\/p>\n","protected":false},"featured_media":4116,"comment_status":"open","ping_status":"closed","template":"","meta":{"_kad_blocks_custom_css":"","_kad_blocks_head_custom_js":"","_kad_blocks_body_custom_js":"","_kad_blocks_footer_custom_js":"","_kadence_starter_templates_imported_post":false,"_kad_post_transparent":"","_kad_post_title":"","_kad_post_layout":"","_kad_post_sidebar_id":"","_kad_post_content_style":"","_kad_post_vertical_padding":"","_kad_post_feature":"","_kad_post_feature_position":"","_kad_post_header":false,"_kad_post_footer":false,"_kad_post_classname":""},"product_brand":[],"product_cat":[55],"product_tag":[],"class_list":{"0":"post-4128","1":"product","2":"type-product","3":"status-publish","4":"has-post-thumbnail","6":"product_cat-pirlanta-yuzukler","8":"first","9":"instock","10":"sale","11":"shipping-taxable","12":"purchasable","13":"product-type-variable","14":"has-default-attributes","15":"entry","16":"content-bg","17":"loop-entry"},"taxonomy_info":{"product_cat":[{"value":55,"label":"P\u0131rlanta Y\u00fcz\u00fckler"}]},"featured_image_src_large":["https:\/\/zinetgold.com\/wp-content\/uploads\/2024\/09\/1-1024x1024.webp",1024,1024,true],"author_info":[],"comment_info":0,"_links":{"self":[{"href":"https:\/\/zinetgold.com\/tr\/wp-json\/wp\/v2\/product\/4128","targetHints":{"allow":["GET"]}}],"collection":[{"href":"https:\/\/zinetgold.com\/tr\/wp-json\/wp\/v2\/product"}],"about":[{"href":"https:\/\/zinetgold.com\/tr\/wp-json\/wp\/v2\/types\/product"}],"replies":[{"embeddable":true,"href":"https:\/\/zinetgold.com\/tr\/wp-json\/wp\/v2\/comments?post=4128"}],"wp:featuredmedia":[{"embeddable":true,"href":"https:\/\/zinetgold.com\/tr\/wp-json\/wp\/v2\/media\/4116"}],"wp:attachment":[{"href":"https:\/\/zinetgold.com\/tr\/wp-json\/wp\/v2\/media?parent=4128"}],"wp:term":[{"taxonomy":"product_brand","embeddable":true,"href":"https:\/\/zinetgold.com\/tr\/wp-json\/wp\/v2\/product_brand?post=4128"},{"taxonomy":"product_cat","embeddable":true,"href":"https:\/\/zinetgold.com\/tr\/wp-json\/wp\/v2\/product_cat?post=4128"},{"taxonomy":"product_tag","embeddable":true,"href":"https:\/\/zinetgold.com\/tr\/wp-json\/wp\/v2\/product_tag?post=4128"}],"curies":[{"name":"wp","href":"https:\/\/api.w.org\/{rel}","templated":true}]}}