{"id":4141,"date":"2024-09-15T13:33:23","date_gmt":"2024-09-15T10:33:23","guid":{"rendered":"https:\/\/zinetgold.com\/025-karat-pirlanta-sunburst-yuzuk\/"},"modified":"2024-09-15T15:28:03","modified_gmt":"2024-09-15T12:28:03","slug":"025-karat-pirlanta-sunburst-yuzuk","status":"publish","type":"product","link":"https:\/\/zinetgold.com\/tr\/025-karat-pirlanta-sunburst-yuzuk\/","title":{"rendered":"0,25 Karat P\u0131rlanta Sunburst Y\u00fcz\u00fck"},"content":{"rendered":"<div class=\"markdown markdown-main-panel\" dir=\"ltr\">\n<p class=\"first-token\" data-sourcepos=\"1:1-1:424\">Bu y\u00fcz\u00fck bir p\u0131rlanta g\u00fcne\u015f patlamas\u0131 y\u00fcz\u00fc\u011f\u00fcd\u00fcr.<br \/>\nYuvarlak kesim p\u0131rlantalardan olu\u015fan merkezi bir k\u00fcme, baget kesim p\u0131rlantalardan olu\u015fan yay\u0131lan bir hale ile \u00e7evrelenerek \u00e7arp\u0131c\u0131 bir g\u00fcne\u015f patlamas\u0131 etkisi yarat\u0131r.<br \/>\nP\u0131rlantalar\u0131 b\u00fcy\u00fcleyici bir d\u00fczende sergileyen ayar, dairesel veya oval bir \u015fekil gibi g\u00f6r\u00fcnmektedir.<br \/>\nY\u00fcz\u00fc\u011f\u00fcn band\u0131 14 ayar beyaz alt\u0131ndan yap\u0131lm\u0131\u015ft\u0131r ve \u0131\u015f\u0131lt\u0131l\u0131 p\u0131rlantalar i\u00e7in l\u00fcks ve zarif bir temel sa\u011flar.   <\/p>\n<\/div>\n","protected":false},"excerpt":{"rendered":"<p><strong style=\"font-family: var(--global-body-font-family);\">SKU-BYZ0001132<\/strong><strong style=\"font-family: var(--global-body-font-family);\">0,25 Karat<\/strong><span style=\"font-family: var(--global-body-font-family);\"> P\u0131rlanta Y\u00fcz\u00fck <\/span><strong style=\"font-family: var(--global-body-font-family);\">14 Ayar Beyaz Alt\u0131n<\/strong><span style=\"font-family: var(--global-body-font-family);\"> ile <\/span><strong style=\"font-family: var(--global-body-font-family);\"> <\/strong><span style=\"font-family: var(--global-body-font-family);\">y\u00fcksek kaliteli do\u011fal elmaslar <\/span><strong style=\"font-family: var(--global-body-font-family);\"> 4.83 gram<\/strong><\/p>\n<form class=\"variations_form cart\" action=\"https:\/\/zinetgold.com\/0-24-carat-rectangular-diamond-cluster-ring\/\" enctype=\"multipart\/form-data\" method=\"post\" data-product_id=\"4126\" data-product_variations=\"[{\"attributes\":{\"attribute_size\":\"\"},\"availability_html\":\"\",\"backorders_allowed\":false,\"dimensions\":{\"length\":\"\",\"width\":\"\",\"height\":\"\"},\"dimensions_html\":\"N\\\/A\",\"display_price\":2981,\"display_regular_price\":10432,\"image\":{\"title\":\"1\",\"caption\":\"\",\"url\":\"https:\\\/\\\/zinetgold.com\\\/wp-content\\\/uploads\\\/2024\\\/09\\\/1.webp\",\"alt\":\"0.24 Carat Rectangular Diamond Cluster Ring\",\"src\":\"https:\\\/\\\/zinetgold.com\\\/wp-content\\\/uploads\\\/2024\\\/09\\\/1-600x600.webp\",\"srcset\":\"https:\\\/\\\/zinetgold.com\\\/wp-content\\\/uploads\\\/2024\\\/09\\\/1-600x600.webp 600w, https:\\\/\\\/zinetgold.com\\\/wp-content\\\/uploads\\\/2024\\\/09\\\/1-300x300.webp 300w, https:\\\/\\\/zinetgold.com\\\/wp-content\\\/uploads\\\/2024\\\/09\\\/1-1024x1024.webp 1024w, https:\\\/\\\/zinetgold.com\\\/wp-content\\\/uploads\\\/2024\\\/09\\\/1-150x150.webp 150w, https:\\\/\\\/zinetgold.com\\\/wp-content\\\/uploads\\\/2024\\\/09\\\/1-768x768.webp 768w, https:\\\/\\\/zinetgold.com\\\/wp-content\\\/uploads\\\/2024\\\/09\\\/1-100x100.webp 100w, https:\\\/\\\/zinetgold.com\\\/wp-content\\\/uploads\\\/2024\\\/09\\\/1.webp 1080w\",\"sizes\":\"(max-width: 600px) 100vw, 600px\",\"full_src\":\"https:\\\/\\\/zinetgold.com\\\/wp-content\\\/uploads\\\/2024\\\/09\\\/1.webp\",\"full_src_w\":1080,\"full_src_h\":1080,\"gallery_thumbnail_src\":\"https:\\\/\\\/zinetgold.com\\\/wp-content\\\/uploads\\\/2024\\\/09\\\/1-100x100.webp\",\"gallery_thumbnail_src_w\":100,\"gallery_thumbnail_src_h\":100,\"thumb_src\":\"https:\\\/\\\/zinetgold.com\\\/wp-content\\\/uploads\\\/2024\\\/09\\\/1-300x300.webp\",\"thumb_src_w\":300,\"thumb_src_h\":300,\"src_w\":600,\"src_h\":600},\"image_id\":4115,\"is_downloadable\":false,\"is_in_stock\":true,\"is_purchasable\":true,\"is_sold_individually\":\"no\",\"is_virtual\":false,\"max_qty\":\"\",\"min_qty\":1,\"price_html\":\"\",\"sku\":\"BYZ0001130-14K BD 1.83 F-G SI 78 D 0.24 F-G SI 54 6.58 gr. 10395\",\"variation_description\":\"\",\"variation_id\":4127,\"variation_is_active\":true,\"variation_is_visible\":true,\"weight\":\"\",\"weight_html\":\"N\\\/A\",\"display_name\":\"0.24 Carat Rectangular Diamond Cluster Ring\"}]\"><\/form>\n","protected":false},"featured_media":4132,"comment_status":"open","ping_status":"closed","template":"","meta":{"_kad_blocks_custom_css":"","_kad_blocks_head_custom_js":"","_kad_blocks_body_custom_js":"","_kad_blocks_footer_custom_js":"","_kadence_starter_templates_imported_post":false,"_kad_post_transparent":"","_kad_post_title":"","_kad_post_layout":"","_kad_post_sidebar_id":"","_kad_post_content_style":"","_kad_post_vertical_padding":"","_kad_post_feature":"","_kad_post_feature_position":"","_kad_post_header":false,"_kad_post_footer":false,"_kad_post_classname":""},"product_brand":[],"product_cat":[55],"product_tag":[],"class_list":{"0":"post-4141","1":"product","2":"type-product","3":"status-publish","4":"has-post-thumbnail","6":"product_cat-pirlanta-yuzukler","8":"first","9":"instock","10":"sale","11":"shipping-taxable","12":"purchasable","13":"product-type-variable","14":"has-default-attributes","15":"entry","16":"content-bg","17":"loop-entry"},"taxonomy_info":{"product_cat":[{"value":55,"label":"P\u0131rlanta Y\u00fcz\u00fckler"}]},"featured_image_src_large":["https:\/\/zinetgold.com\/wp-content\/uploads\/2024\/09\/BYZ0001132-14K-BD-0.47-F-G-SI-16-D-0.25-F-G-SI-38-4.83-gr.-4466-1024x1024.png",1024,1024,true],"author_info":[],"comment_info":0,"_links":{"self":[{"href":"https:\/\/zinetgold.com\/tr\/wp-json\/wp\/v2\/product\/4141","targetHints":{"allow":["GET"]}}],"collection":[{"href":"https:\/\/zinetgold.com\/tr\/wp-json\/wp\/v2\/product"}],"about":[{"href":"https:\/\/zinetgold.com\/tr\/wp-json\/wp\/v2\/types\/product"}],"replies":[{"embeddable":true,"href":"https:\/\/zinetgold.com\/tr\/wp-json\/wp\/v2\/comments?post=4141"}],"wp:featuredmedia":[{"embeddable":true,"href":"https:\/\/zinetgold.com\/tr\/wp-json\/wp\/v2\/media\/4132"}],"wp:attachment":[{"href":"https:\/\/zinetgold.com\/tr\/wp-json\/wp\/v2\/media?parent=4141"}],"wp:term":[{"taxonomy":"product_brand","embeddable":true,"href":"https:\/\/zinetgold.com\/tr\/wp-json\/wp\/v2\/product_brand?post=4141"},{"taxonomy":"product_cat","embeddable":true,"href":"https:\/\/zinetgold.com\/tr\/wp-json\/wp\/v2\/product_cat?post=4141"},{"taxonomy":"product_tag","embeddable":true,"href":"https:\/\/zinetgold.com\/tr\/wp-json\/wp\/v2\/product_tag?post=4141"}],"curies":[{"name":"wp","href":"https:\/\/api.w.org\/{rel}","templated":true}]}}