{"id":4150,"date":"2024-09-15T16:17:17","date_gmt":"2024-09-15T13:17:17","guid":{"rendered":"https:\/\/zinetgold.com\/019-karat-pirlanta-cicek-yuzuk\/"},"modified":"2024-09-15T16:17:30","modified_gmt":"2024-09-15T13:17:30","slug":"019-karat-pirlanta-cicek-yuzuk","status":"publish","type":"product","link":"https:\/\/zinetgold.com\/tr\/019-karat-pirlanta-cicek-yuzuk\/","title":{"rendered":"0,19 Karat P\u0131rlanta \u00c7i\u00e7ek Y\u00fcz\u00fck"},"content":{"rendered":"<p>Bu y\u00fcz\u00fck bir <strong>p\u0131rlanta \u00e7i\u00e7ek y\u00fcz\u00fc\u011f\u00fcd\u00fcr<\/strong>.<br \/>\n\u00c7i\u00e7ek \u015feklinde d\u00fczenlenmi\u015f yuvarlak kesim p\u0131rlantalardan olu\u015fan merkezi bir k\u00fcmeye sahiptir ve yapraklar\u0131 and\u0131ran baget kesim p\u0131rlantalardan olu\u015fan bir hale ile \u00e7evrelenmi\u015ftir.<br \/>\nAyar, p\u0131rlantalar\u0131 b\u00fcy\u00fcleyici bir d\u00fczenleme i\u00e7inde sergileyen narin bir \u00e7i\u00e7ek tasar\u0131m\u0131 gibi g\u00f6r\u00fcnmektedir.<br \/>\nY\u00fcz\u00fc\u011f\u00fcn band\u0131 14 ayar beyaz alt\u0131ndan yap\u0131lm\u0131\u015ft\u0131r ve \u0131\u015f\u0131lt\u0131l\u0131 p\u0131rlantalar i\u00e7in l\u00fcks ve zarif bir temel sa\u011flar.   <\/p>\n","protected":false},"excerpt":{"rendered":"<p><strong>SKU-BYZ0001149 <\/strong><strong>0.19 Karat<\/strong> P\u0131rlanta Y\u00fcz\u00fck <strong>14 Ayar Beyaz Alt\u0131n<\/strong> <strong> <\/strong><strong> 2.65 gram<\/strong> a\u011f\u0131rl\u0131\u011f\u0131nda y\u00fcksek kalite do\u011fal p\u0131rlanta<\/p>\n","protected":false},"featured_media":4148,"comment_status":"open","ping_status":"closed","template":"","meta":{"_kad_blocks_custom_css":"","_kad_blocks_head_custom_js":"","_kad_blocks_body_custom_js":"","_kad_blocks_footer_custom_js":"","_kadence_starter_templates_imported_post":false,"_kad_post_transparent":"","_kad_post_title":"","_kad_post_layout":"","_kad_post_sidebar_id":"","_kad_post_content_style":"","_kad_post_vertical_padding":"","_kad_post_feature":"","_kad_post_feature_position":"","_kad_post_header":false,"_kad_post_footer":false,"_kad_post_classname":""},"product_brand":[],"product_cat":[55],"product_tag":[],"class_list":{"0":"post-4150","1":"product","2":"type-product","3":"status-publish","4":"has-post-thumbnail","6":"product_cat-pirlanta-yuzukler","8":"first","9":"instock","10":"sale","11":"shipping-taxable","12":"purchasable","13":"product-type-variable","14":"has-default-attributes","15":"entry","16":"content-bg","17":"loop-entry"},"taxonomy_info":{"product_cat":[{"value":55,"label":"P\u0131rlanta Y\u00fcz\u00fckler"}]},"featured_image_src_large":["https:\/\/zinetgold.com\/wp-content\/uploads\/2024\/09\/BYZ0001149-14K-BD-0.11-F-G-SI-6-D-0.19-F-G-SI-37-2.65-gr.-1848-1024x1024.png",1024,1024,true],"author_info":[],"comment_info":0,"_links":{"self":[{"href":"https:\/\/zinetgold.com\/tr\/wp-json\/wp\/v2\/product\/4150","targetHints":{"allow":["GET"]}}],"collection":[{"href":"https:\/\/zinetgold.com\/tr\/wp-json\/wp\/v2\/product"}],"about":[{"href":"https:\/\/zinetgold.com\/tr\/wp-json\/wp\/v2\/types\/product"}],"replies":[{"embeddable":true,"href":"https:\/\/zinetgold.com\/tr\/wp-json\/wp\/v2\/comments?post=4150"}],"wp:featuredmedia":[{"embeddable":true,"href":"https:\/\/zinetgold.com\/tr\/wp-json\/wp\/v2\/media\/4148"}],"wp:attachment":[{"href":"https:\/\/zinetgold.com\/tr\/wp-json\/wp\/v2\/media?parent=4150"}],"wp:term":[{"taxonomy":"product_brand","embeddable":true,"href":"https:\/\/zinetgold.com\/tr\/wp-json\/wp\/v2\/product_brand?post=4150"},{"taxonomy":"product_cat","embeddable":true,"href":"https:\/\/zinetgold.com\/tr\/wp-json\/wp\/v2\/product_cat?post=4150"},{"taxonomy":"product_tag","embeddable":true,"href":"https:\/\/zinetgold.com\/tr\/wp-json\/wp\/v2\/product_tag?post=4150"}],"curies":[{"name":"wp","href":"https:\/\/api.w.org\/{rel}","templated":true}]}}