{"id":4162,"date":"2024-09-18T22:55:33","date_gmt":"2024-09-18T19:55:33","guid":{"rendered":"https:\/\/zinetgold.com\/007-karat-uclu-baget-pirlanta-yuzuk\/"},"modified":"2024-09-18T23:00:14","modified_gmt":"2024-09-18T20:00:14","slug":"007-karat-uclu-baget-pirlanta-yuzuk","status":"publish","type":"product","link":"https:\/\/zinetgold.com\/tr\/007-karat-uclu-baget-pirlanta-yuzuk\/","title":{"rendered":"0,07 Karat \u00dc\u00e7l\u00fc Baget P\u0131rlanta Y\u00fcz\u00fck"},"content":{"rendered":"<p>0.07 Karat \u00dc\u00e7l\u00fc Baget P\u0131rlanta Y\u00fcz\u00fck, 14 ayar beyaz alt\u0131n bir bant i\u00e7ine yerle\u015ftirilmi\u015f, dikey olarak hizalanm\u0131\u015f \u00fc\u00e7 baget kesim p\u0131rlantadan olu\u015fuyor.<br \/>\nBand\u0131n kendisi, tasar\u0131m\u0131 bo\u011fmadan ince bir \u0131\u015f\u0131lt\u0131 katan daha k\u00fc\u00e7\u00fck yuvarlak kesim p\u0131rlantalarla vurgulanm\u0131\u015ft\u0131r.<br \/>\nBeyaz alt\u0131n ayar\u0131nda \u00fcretilen bu y\u00fcz\u00fck, g\u00fcnl\u00fck kullan\u0131m veya di\u011fer y\u00fcz\u00fcklerle istifleme i\u00e7in m\u00fckemmel, zarif ve abart\u0131s\u0131z bir \u015f\u0131kl\u0131k sunar.  <\/p>\n","protected":false},"excerpt":{"rendered":"<p><strong>BYZ0001403 <\/strong><strong>0,07 Karat<\/strong> P\u0131rlanta Y\u00fcz\u00fck <strong>14 Ayar Beyaz Alt\u0131n<\/strong> <strong> <\/strong><strong> 1,39 gram<\/strong> a\u011f\u0131rl\u0131\u011f\u0131nda y\u00fcksek kalite do\u011fal p\u0131rlanta<\/p>\n","protected":false},"featured_media":4156,"comment_status":"open","ping_status":"closed","template":"","meta":{"_kad_blocks_custom_css":"","_kad_blocks_head_custom_js":"","_kad_blocks_body_custom_js":"","_kad_blocks_footer_custom_js":"","_kadence_starter_templates_imported_post":false,"_kad_post_transparent":"","_kad_post_title":"","_kad_post_layout":"","_kad_post_sidebar_id":"","_kad_post_content_style":"","_kad_post_vertical_padding":"","_kad_post_feature":"","_kad_post_feature_position":"","_kad_post_header":false,"_kad_post_footer":false,"_kad_post_classname":""},"product_brand":[],"product_cat":[55],"product_tag":[],"class_list":{"0":"post-4162","1":"product","2":"type-product","3":"status-publish","4":"has-post-thumbnail","6":"product_cat-pirlanta-yuzukler","8":"first","9":"instock","10":"sale","11":"shipping-taxable","12":"purchasable","13":"product-type-variable","14":"has-default-attributes","15":"entry","16":"content-bg","17":"loop-entry"},"taxonomy_info":{"product_cat":[{"value":55,"label":"P\u0131rlanta Y\u00fcz\u00fckler"}]},"featured_image_src_large":["https:\/\/zinetgold.com\/wp-content\/uploads\/2024\/09\/BYZ0001403-14K-BD-0.21-F-G-SI-3-D-0.07-F-G-SI-14-1.39-gr.-1705-1024x1024.webp",1024,1024,true],"author_info":[],"comment_info":0,"_links":{"self":[{"href":"https:\/\/zinetgold.com\/tr\/wp-json\/wp\/v2\/product\/4162","targetHints":{"allow":["GET"]}}],"collection":[{"href":"https:\/\/zinetgold.com\/tr\/wp-json\/wp\/v2\/product"}],"about":[{"href":"https:\/\/zinetgold.com\/tr\/wp-json\/wp\/v2\/types\/product"}],"replies":[{"embeddable":true,"href":"https:\/\/zinetgold.com\/tr\/wp-json\/wp\/v2\/comments?post=4162"}],"wp:featuredmedia":[{"embeddable":true,"href":"https:\/\/zinetgold.com\/tr\/wp-json\/wp\/v2\/media\/4156"}],"wp:attachment":[{"href":"https:\/\/zinetgold.com\/tr\/wp-json\/wp\/v2\/media?parent=4162"}],"wp:term":[{"taxonomy":"product_brand","embeddable":true,"href":"https:\/\/zinetgold.com\/tr\/wp-json\/wp\/v2\/product_brand?post=4162"},{"taxonomy":"product_cat","embeddable":true,"href":"https:\/\/zinetgold.com\/tr\/wp-json\/wp\/v2\/product_cat?post=4162"},{"taxonomy":"product_tag","embeddable":true,"href":"https:\/\/zinetgold.com\/tr\/wp-json\/wp\/v2\/product_tag?post=4162"}],"curies":[{"name":"wp","href":"https:\/\/api.w.org\/{rel}","templated":true}]}}