{"id":4170,"date":"2024-09-19T06:36:06","date_gmt":"2024-09-19T03:36:06","guid":{"rendered":"https:\/\/zinetgold.com\/027-karat-baget-cubuk-pirlanta-yuzuk\/"},"modified":"2024-09-19T06:36:57","modified_gmt":"2024-09-19T03:36:57","slug":"027-karat-baget-cubuk-pirlanta-yuzuk","status":"publish","type":"product","link":"https:\/\/zinetgold.com\/tr\/027-karat-baget-cubuk-pirlanta-yuzuk\/","title":{"rendered":"0,27 Karat Baget \u00c7ubuk P\u0131rlanta Y\u00fcz\u00fck"},"content":{"rendered":"<p>Bu zarif y\u00fcz\u00fck, yatay bir \u00e7ubuk tasar\u0131m\u0131nda ince kesilmi\u015f baget p\u0131rlantalar\u0131n s\u0131raland\u0131\u011f\u0131 ince bir banda sahiptir.<br \/>\nP\u0131rlantalar, modern minimalist esteti\u011fe vintage bir dokunu\u015f katan narin bir milgrain kenarl\u0131kla \u00e7er\u00e7evelenmi\u015ftir.<br \/>\n14 ayar beyaz alt\u0131ndan \u00fcretilen bu par\u00e7a, sade hatlar\u0131 ve abart\u0131s\u0131z \u0131\u015f\u0131lt\u0131s\u0131yla g\u00fcnl\u00fck kullan\u0131m i\u00e7in veya di\u011fer tak\u0131lar\u0131n tamamlay\u0131c\u0131s\u0131 olarak m\u00fckemmel bir se\u00e7imdir.    &nbsp;<\/p>\n","protected":false},"excerpt":{"rendered":"<p><strong>SKU-BYZ00023000<\/strong><strong>.27 Karat<\/strong> P\u0131rlanta Y\u00fcz\u00fck <strong>14 Ayar Beyaz Alt\u0131n<\/strong> <strong> <\/strong><strong> 1.78 gram<\/strong> a\u011f\u0131rl\u0131\u011f\u0131nda y\u00fcksek kalite do\u011fal p\u0131rlanta<\/p>\n","protected":false},"featured_media":4168,"comment_status":"open","ping_status":"closed","template":"","meta":{"_kad_blocks_custom_css":"","_kad_blocks_head_custom_js":"","_kad_blocks_body_custom_js":"","_kad_blocks_footer_custom_js":"","_kadence_starter_templates_imported_post":false,"_kad_post_transparent":"","_kad_post_title":"","_kad_post_layout":"","_kad_post_sidebar_id":"","_kad_post_content_style":"","_kad_post_vertical_padding":"","_kad_post_feature":"","_kad_post_feature_position":"","_kad_post_header":false,"_kad_post_footer":false,"_kad_post_classname":""},"product_brand":[],"product_cat":[55],"product_tag":[],"class_list":{"0":"post-4170","1":"product","2":"type-product","3":"status-publish","4":"has-post-thumbnail","6":"product_cat-pirlanta-yuzukler","8":"first","9":"instock","10":"sale","11":"shipping-taxable","12":"purchasable","13":"product-type-variable","14":"has-default-attributes","15":"entry","16":"content-bg","17":"loop-entry"},"taxonomy_info":{"product_cat":[{"value":55,"label":"P\u0131rlanta Y\u00fcz\u00fckler"}]},"featured_image_src_large":["https:\/\/zinetgold.com\/wp-content\/uploads\/2024\/09\/BYZ0002300-14K-BD-0.27-F-G-SI-7-1.78-gr.-1617-1024x1024.webp",1024,1024,true],"author_info":[],"comment_info":0,"_links":{"self":[{"href":"https:\/\/zinetgold.com\/tr\/wp-json\/wp\/v2\/product\/4170","targetHints":{"allow":["GET"]}}],"collection":[{"href":"https:\/\/zinetgold.com\/tr\/wp-json\/wp\/v2\/product"}],"about":[{"href":"https:\/\/zinetgold.com\/tr\/wp-json\/wp\/v2\/types\/product"}],"replies":[{"embeddable":true,"href":"https:\/\/zinetgold.com\/tr\/wp-json\/wp\/v2\/comments?post=4170"}],"wp:featuredmedia":[{"embeddable":true,"href":"https:\/\/zinetgold.com\/tr\/wp-json\/wp\/v2\/media\/4168"}],"wp:attachment":[{"href":"https:\/\/zinetgold.com\/tr\/wp-json\/wp\/v2\/media?parent=4170"}],"wp:term":[{"taxonomy":"product_brand","embeddable":true,"href":"https:\/\/zinetgold.com\/tr\/wp-json\/wp\/v2\/product_brand?post=4170"},{"taxonomy":"product_cat","embeddable":true,"href":"https:\/\/zinetgold.com\/tr\/wp-json\/wp\/v2\/product_cat?post=4170"},{"taxonomy":"product_tag","embeddable":true,"href":"https:\/\/zinetgold.com\/tr\/wp-json\/wp\/v2\/product_tag?post=4170"}],"curies":[{"name":"wp","href":"https:\/\/api.w.org\/{rel}","templated":true}]}}