{"id":4183,"date":"2024-09-19T06:52:09","date_gmt":"2024-09-19T03:52:09","guid":{"rendered":"https:\/\/zinetgold.com\/018-karat-baget-pirlanta-salkim-yuzuk\/"},"modified":"2024-09-19T06:53:47","modified_gmt":"2024-09-19T03:53:47","slug":"018-karat-baget-pirlanta-salkim-yuzuk","status":"publish","type":"product","link":"https:\/\/zinetgold.com\/tr\/018-karat-baget-pirlanta-salkim-yuzuk\/","title":{"rendered":"0,18 Karat Baget P\u0131rlanta Salk\u0131m Y\u00fcz\u00fck"},"content":{"rendered":"<p>Bu zarif 14 ayar beyaz alt\u0131n y\u00fcz\u00fc\u011f\u00fcn merkezinde baget kesim p\u0131rlantalardan olu\u015fan belirgin bir k\u00fcme yer al\u0131yor.<br \/>\nP\u0131rlantalar\u0131n geometrik dizilimi \u00e7a\u011fda\u015f, sofistike bir g\u00f6r\u00fcn\u00fcm yarat\u0131r ve abart\u0131s\u0131z l\u00fcks\u00fc takdir edenler i\u00e7in m\u00fckemmeldir.<br \/>\n\u0130nce band\u0131 ve minimalist tasar\u0131m\u0131yla hem g\u00fcnl\u00fck kullan\u0131m hem de \u00f6zel g\u00fcnler i\u00e7in ideal olan bu y\u00fcz\u00fck, her kombine \u015f\u0131k bir dokunu\u015f katar.  <\/p>\n","protected":false},"excerpt":{"rendered":"<p><strong>SKU BYZ00023060<\/strong><strong>.18 Karat<\/strong> P\u0131rlanta Y\u00fcz\u00fck <strong>14 Ayar Beyaz Alt\u0131n<\/strong> <strong> <\/strong><strong> 2,11 gram<\/strong> a\u011f\u0131rl\u0131\u011f\u0131nda y\u00fcksek kalite do\u011fal p\u0131rlanta<\/p>\n","protected":false},"featured_media":4177,"comment_status":"open","ping_status":"closed","template":"","meta":{"_kad_blocks_custom_css":"","_kad_blocks_head_custom_js":"","_kad_blocks_body_custom_js":"","_kad_blocks_footer_custom_js":"","_kadence_starter_templates_imported_post":false,"_kad_post_transparent":"","_kad_post_title":"","_kad_post_layout":"","_kad_post_sidebar_id":"","_kad_post_content_style":"","_kad_post_vertical_padding":"","_kad_post_feature":"","_kad_post_feature_position":"","_kad_post_header":false,"_kad_post_footer":false,"_kad_post_classname":""},"product_brand":[],"product_cat":[55],"product_tag":[],"class_list":{"0":"post-4183","1":"product","2":"type-product","3":"status-publish","4":"has-post-thumbnail","6":"product_cat-pirlanta-yuzukler","8":"first","9":"instock","10":"sale","11":"shipping-taxable","12":"purchasable","13":"product-type-variable","14":"has-default-attributes","15":"entry","16":"content-bg","17":"loop-entry"},"taxonomy_info":{"product_cat":[{"value":55,"label":"P\u0131rlanta Y\u00fcz\u00fckler"}]},"featured_image_src_large":["https:\/\/zinetgold.com\/wp-content\/uploads\/2024\/09\/BYZ0002306-14K-BD-0.18-F-G-SI-8-2.11-gr.-1485-1024x1024.webp",1024,1024,true],"author_info":[],"comment_info":0,"_links":{"self":[{"href":"https:\/\/zinetgold.com\/tr\/wp-json\/wp\/v2\/product\/4183","targetHints":{"allow":["GET"]}}],"collection":[{"href":"https:\/\/zinetgold.com\/tr\/wp-json\/wp\/v2\/product"}],"about":[{"href":"https:\/\/zinetgold.com\/tr\/wp-json\/wp\/v2\/types\/product"}],"replies":[{"embeddable":true,"href":"https:\/\/zinetgold.com\/tr\/wp-json\/wp\/v2\/comments?post=4183"}],"wp:featuredmedia":[{"embeddable":true,"href":"https:\/\/zinetgold.com\/tr\/wp-json\/wp\/v2\/media\/4177"}],"wp:attachment":[{"href":"https:\/\/zinetgold.com\/tr\/wp-json\/wp\/v2\/media?parent=4183"}],"wp:term":[{"taxonomy":"product_brand","embeddable":true,"href":"https:\/\/zinetgold.com\/tr\/wp-json\/wp\/v2\/product_brand?post=4183"},{"taxonomy":"product_cat","embeddable":true,"href":"https:\/\/zinetgold.com\/tr\/wp-json\/wp\/v2\/product_cat?post=4183"},{"taxonomy":"product_tag","embeddable":true,"href":"https:\/\/zinetgold.com\/tr\/wp-json\/wp\/v2\/product_tag?post=4183"}],"curies":[{"name":"wp","href":"https:\/\/api.w.org\/{rel}","templated":true}]}}