{"id":4193,"date":"2024-09-19T07:11:14","date_gmt":"2024-09-19T04:11:14","guid":{"rendered":"https:\/\/zinetgold.com\/006-karat-baget-dortlu-pirlanta-yuzuk\/"},"modified":"2024-09-19T07:11:25","modified_gmt":"2024-09-19T04:11:25","slug":"006-karat-baget-dortlu-pirlanta-yuzuk","status":"publish","type":"product","link":"https:\/\/zinetgold.com\/tr\/006-karat-baget-dortlu-pirlanta-yuzuk\/","title":{"rendered":"0,06 Karat Baget D\u00f6rtl\u00fc P\u0131rlanta Y\u00fcz\u00fck"},"content":{"rendered":"<p>Bu \u015f\u0131k 14 ayar beyaz alt\u0131n y\u00fcz\u00fck, baget kesim p\u0131rlantalar\u0131n benzersiz d\u00f6rtl\u00fc dizilimiyle modern ama zamans\u0131z bir merkez olu\u015fturuyor.<br \/>\nSade, simetrik tasar\u0131m minimalist zarafeti takdir edenler i\u00e7in m\u00fckemmeldir, ince bant ise narin g\u00f6r\u00fcn\u00fcm\u00fc geli\u015ftirir.<br \/>\n\u0130stiflemek veya tek ba\u015f\u0131na takmak i\u00e7in ideal olan bu par\u00e7a, her durum i\u00e7in ince bir \u0131\u015f\u0131lt\u0131 dokunu\u015fu sunar.  <\/p>\n","protected":false},"excerpt":{"rendered":"<p><strong>SKU- BYZ000233870<\/strong><strong>.06 Karat<\/strong> P\u0131rlanta Y\u00fcz\u00fck <strong>14 Ayar Beyaz Alt\u0131n<\/strong> <strong> <\/strong><strong> 2.07 gram<\/strong> a\u011f\u0131rl\u0131\u011f\u0131nda y\u00fcksek kalite do\u011fal p\u0131rlanta<\/p>\n","protected":false},"featured_media":4187,"comment_status":"open","ping_status":"closed","template":"","meta":{"_kad_blocks_custom_css":"","_kad_blocks_head_custom_js":"","_kad_blocks_body_custom_js":"","_kad_blocks_footer_custom_js":"","_kadence_starter_templates_imported_post":false,"_kad_post_transparent":"","_kad_post_title":"","_kad_post_layout":"","_kad_post_sidebar_id":"","_kad_post_content_style":"","_kad_post_vertical_padding":"","_kad_post_feature":"","_kad_post_feature_position":"","_kad_post_header":false,"_kad_post_footer":false,"_kad_post_classname":""},"product_brand":[],"product_cat":[55],"product_tag":[],"class_list":{"0":"post-4193","1":"product","2":"type-product","3":"status-publish","4":"has-post-thumbnail","6":"product_cat-pirlanta-yuzukler","8":"first","9":"instock","10":"sale","11":"shipping-taxable","12":"purchasable","13":"product-type-variable","14":"has-default-attributes","15":"entry","16":"content-bg","17":"loop-entry"},"taxonomy_info":{"product_cat":[{"value":55,"label":"P\u0131rlanta Y\u00fcz\u00fckler"}]},"featured_image_src_large":["https:\/\/zinetgold.com\/wp-content\/uploads\/2024\/09\/BYZ0002338-14K-D-0.06-F-G-SI-6-BD-0.06-F-G-SI-3-2.07-gr.-1177-2-1024x1024.webp",1024,1024,true],"author_info":[],"comment_info":0,"_links":{"self":[{"href":"https:\/\/zinetgold.com\/tr\/wp-json\/wp\/v2\/product\/4193","targetHints":{"allow":["GET"]}}],"collection":[{"href":"https:\/\/zinetgold.com\/tr\/wp-json\/wp\/v2\/product"}],"about":[{"href":"https:\/\/zinetgold.com\/tr\/wp-json\/wp\/v2\/types\/product"}],"replies":[{"embeddable":true,"href":"https:\/\/zinetgold.com\/tr\/wp-json\/wp\/v2\/comments?post=4193"}],"wp:featuredmedia":[{"embeddable":true,"href":"https:\/\/zinetgold.com\/tr\/wp-json\/wp\/v2\/media\/4187"}],"wp:attachment":[{"href":"https:\/\/zinetgold.com\/tr\/wp-json\/wp\/v2\/media?parent=4193"}],"wp:term":[{"taxonomy":"product_brand","embeddable":true,"href":"https:\/\/zinetgold.com\/tr\/wp-json\/wp\/v2\/product_brand?post=4193"},{"taxonomy":"product_cat","embeddable":true,"href":"https:\/\/zinetgold.com\/tr\/wp-json\/wp\/v2\/product_cat?post=4193"},{"taxonomy":"product_tag","embeddable":true,"href":"https:\/\/zinetgold.com\/tr\/wp-json\/wp\/v2\/product_tag?post=4193"}],"curies":[{"name":"wp","href":"https:\/\/api.w.org\/{rel}","templated":true}]}}