{"id":4215,"date":"2024-09-20T14:36:33","date_gmt":"2024-09-20T11:36:33","guid":{"rendered":"https:\/\/zinetgold.com\/005-karat-halo-split-shank-pirlanta-yuzuk\/"},"modified":"2024-09-20T14:36:46","modified_gmt":"2024-09-20T11:36:46","slug":"005-karat-halo-split-shank-pirlanta-yuzuk","status":"publish","type":"product","link":"https:\/\/zinetgold.com\/tr\/005-karat-halo-split-shank-pirlanta-yuzuk\/","title":{"rendered":"0,05 Karat Halo Split Shank P\u0131rlanta Y\u00fcz\u00fck"},"content":{"rendered":"<p>Bu 14 ayar beyaz alt\u0131n y\u00fcz\u00fck, merkezi baget kesim p\u0131rlanta k\u00fcmesini \u00e7evreleyen yuvarlak p\u0131rlanta halesiyle sofistike bir tasar\u0131ma sahiptir.<br \/>\nAyr\u0131k sapl\u0131 bant, ilave elmaslarla kaplanarak g\u00f6z kama\u015ft\u0131r\u0131c\u0131 bir \u0131\u015f\u0131k ve parlakl\u0131k g\u00f6sterisi yarat\u0131r.<br \/>\nKarma\u015f\u0131k ayar\u0131 y\u00fcz\u00fc\u011f\u00fcn zarafetini art\u0131rarak onu hem klasik hem de modern tarzlar\u0131 takdir edenler i\u00e7in m\u00fckemmel bir se\u00e7im haline getiriyor.  <\/p>\n","protected":false},"excerpt":{"rendered":"<p><strong>SKU-BYZ0002555<\/strong><strong> 0.05 Karat<\/strong> P\u0131rlanta Y\u00fcz\u00fck <strong>14 Ayar Beyaz Alt\u0131n<\/strong> <strong> <\/strong><strong> 3.09 gram<\/strong> a\u011f\u0131rl\u0131\u011f\u0131nda y\u00fcksek kalite do\u011fal p\u0131rlanta<\/p>\n","protected":false},"featured_media":4209,"comment_status":"open","ping_status":"closed","template":"","meta":{"_kad_blocks_custom_css":"","_kad_blocks_head_custom_js":"","_kad_blocks_body_custom_js":"","_kad_blocks_footer_custom_js":"","_kadence_starter_templates_imported_post":false,"_kad_post_transparent":"","_kad_post_title":"","_kad_post_layout":"","_kad_post_sidebar_id":"","_kad_post_content_style":"","_kad_post_vertical_padding":"","_kad_post_feature":"","_kad_post_feature_position":"","_kad_post_header":false,"_kad_post_footer":false,"_kad_post_classname":""},"product_brand":[],"product_cat":[55],"product_tag":[],"class_list":{"0":"post-4215","1":"product","2":"type-product","3":"status-publish","4":"has-post-thumbnail","6":"product_cat-pirlanta-yuzukler","8":"first","9":"instock","10":"sale","11":"shipping-taxable","12":"purchasable","13":"product-type-variable","14":"has-default-attributes","15":"entry","16":"content-bg","17":"loop-entry"},"taxonomy_info":{"product_cat":[{"value":55,"label":"P\u0131rlanta Y\u00fcz\u00fckler"}]},"featured_image_src_large":["https:\/\/zinetgold.com\/wp-content\/uploads\/2024\/09\/BYZ0002555-14K-D-0.33-F-G-SI-70-BD-0.05-F-G-SI-3-3.09-gr.-2354-1024x1024.webp",1024,1024,true],"author_info":[],"comment_info":0,"_links":{"self":[{"href":"https:\/\/zinetgold.com\/tr\/wp-json\/wp\/v2\/product\/4215","targetHints":{"allow":["GET"]}}],"collection":[{"href":"https:\/\/zinetgold.com\/tr\/wp-json\/wp\/v2\/product"}],"about":[{"href":"https:\/\/zinetgold.com\/tr\/wp-json\/wp\/v2\/types\/product"}],"replies":[{"embeddable":true,"href":"https:\/\/zinetgold.com\/tr\/wp-json\/wp\/v2\/comments?post=4215"}],"wp:featuredmedia":[{"embeddable":true,"href":"https:\/\/zinetgold.com\/tr\/wp-json\/wp\/v2\/media\/4209"}],"wp:attachment":[{"href":"https:\/\/zinetgold.com\/tr\/wp-json\/wp\/v2\/media?parent=4215"}],"wp:term":[{"taxonomy":"product_brand","embeddable":true,"href":"https:\/\/zinetgold.com\/tr\/wp-json\/wp\/v2\/product_brand?post=4215"},{"taxonomy":"product_cat","embeddable":true,"href":"https:\/\/zinetgold.com\/tr\/wp-json\/wp\/v2\/product_cat?post=4215"},{"taxonomy":"product_tag","embeddable":true,"href":"https:\/\/zinetgold.com\/tr\/wp-json\/wp\/v2\/product_tag?post=4215"}],"curies":[{"name":"wp","href":"https:\/\/api.w.org\/{rel}","templated":true}]}}