{"id":4229,"date":"2024-09-20T16:26:10","date_gmt":"2024-09-20T13:26:10","guid":{"rendered":"https:\/\/zinetgold.com\/041-karat-baget-pirlanta-yuzuk\/"},"modified":"2024-09-20T16:26:37","modified_gmt":"2024-09-20T13:26:37","slug":"041-karat-baget-pirlanta-yuzuk","status":"publish","type":"product","link":"https:\/\/zinetgold.com\/tr\/041-karat-baget-pirlanta-yuzuk\/","title":{"rendered":"0,41 Karat Baget P\u0131rlanta Y\u00fcz\u00fck"},"content":{"rendered":"<p>Bu zarif 14 ayar beyaz alt\u0131n y\u00fcz\u00fck, bant boyunca zarif bir kavis olu\u015fturmak i\u00e7in m\u00fckemmel bir \u015fekilde d\u00fczenlenmi\u015f bir s\u0131ra konik baget p\u0131rlantaya sahiptir.<br \/>\nMinimalist tasar\u0131m p\u0131rlantalar\u0131n hassasiyetini ve \u0131\u015f\u0131lt\u0131s\u0131n\u0131 \u00f6n plana \u00e7\u0131kararak bu y\u00fcz\u00fc\u011f\u00fc \u00fcst \u00fcste takmaya veya tek ba\u015f\u0131na kullanmaya uygun \u00e7ok y\u00f6nl\u00fc ve zamans\u0131z bir par\u00e7a haline getiriyor.<br \/>\nSade \u00e7izgileri ve abart\u0131s\u0131z l\u00fcks\u00fc takdir edenler i\u00e7in idealdir.  <\/p>\n","protected":false},"excerpt":{"rendered":"<p><strong>SKU-BYZ00025600<\/strong><strong>.41 Karat<\/strong> P\u0131rlanta Y\u00fcz\u00fck <strong>14 Ayar Beyaz Alt\u0131n<\/strong> <strong> <\/strong><strong> 1.79 gram<\/strong> a\u011f\u0131rl\u0131\u011f\u0131nda y\u00fcksek kalite do\u011fal p\u0131rlanta<\/p>\n","protected":false},"featured_media":4220,"comment_status":"open","ping_status":"closed","template":"","meta":{"_kad_blocks_custom_css":"","_kad_blocks_head_custom_js":"","_kad_blocks_body_custom_js":"","_kad_blocks_footer_custom_js":"","_kadence_starter_templates_imported_post":false,"_kad_post_transparent":"","_kad_post_title":"","_kad_post_layout":"","_kad_post_sidebar_id":"","_kad_post_content_style":"","_kad_post_vertical_padding":"","_kad_post_feature":"","_kad_post_feature_position":"","_kad_post_header":false,"_kad_post_footer":false,"_kad_post_classname":""},"product_brand":[],"product_cat":[55],"product_tag":[],"class_list":{"0":"post-4229","1":"product","2":"type-product","3":"status-publish","4":"has-post-thumbnail","6":"product_cat-pirlanta-yuzukler","8":"first","9":"instock","10":"sale","11":"shipping-taxable","12":"purchasable","13":"product-type-variable","14":"has-default-attributes","15":"entry","16":"content-bg","17":"loop-entry"},"taxonomy_info":{"product_cat":[{"value":55,"label":"P\u0131rlanta Y\u00fcz\u00fckler"}]},"featured_image_src_large":["https:\/\/zinetgold.com\/wp-content\/uploads\/2024\/09\/BYZ0002560-14K-BD-0.41-F-G-SI-19-1.79-gr.-2057-1024x1024.webp",1024,1024,true],"author_info":[],"comment_info":0,"_links":{"self":[{"href":"https:\/\/zinetgold.com\/tr\/wp-json\/wp\/v2\/product\/4229","targetHints":{"allow":["GET"]}}],"collection":[{"href":"https:\/\/zinetgold.com\/tr\/wp-json\/wp\/v2\/product"}],"about":[{"href":"https:\/\/zinetgold.com\/tr\/wp-json\/wp\/v2\/types\/product"}],"replies":[{"embeddable":true,"href":"https:\/\/zinetgold.com\/tr\/wp-json\/wp\/v2\/comments?post=4229"}],"wp:featuredmedia":[{"embeddable":true,"href":"https:\/\/zinetgold.com\/tr\/wp-json\/wp\/v2\/media\/4220"}],"wp:attachment":[{"href":"https:\/\/zinetgold.com\/tr\/wp-json\/wp\/v2\/media?parent=4229"}],"wp:term":[{"taxonomy":"product_brand","embeddable":true,"href":"https:\/\/zinetgold.com\/tr\/wp-json\/wp\/v2\/product_brand?post=4229"},{"taxonomy":"product_cat","embeddable":true,"href":"https:\/\/zinetgold.com\/tr\/wp-json\/wp\/v2\/product_cat?post=4229"},{"taxonomy":"product_tag","embeddable":true,"href":"https:\/\/zinetgold.com\/tr\/wp-json\/wp\/v2\/product_tag?post=4229"}],"curies":[{"name":"wp","href":"https:\/\/api.w.org\/{rel}","templated":true}]}}